{"id":10224,"date":"2019-02-23T16:00:50","date_gmt":"2019-02-23T15:00:50","guid":{"rendered":"http:\/\/feuerwehr-wolnzach.de\/cms\/?page_id=10224"},"modified":"2019-06-14T13:59:34","modified_gmt":"2019-06-14T11:59:34","slug":"kesselfleischessen","status":"publish","type":"page","link":"https:\/\/feuerwehr-wolnzach.de\/cms\/verein\/kesselfleischessen\/","title":{"rendered":"Kesselfleischessen"},"content":{"rendered":"<p style=\"text-align: justify;\">02.02.2019 \u2013 Am Samstag fand im noch jungen Jahr 2019 unser allj\u00e4hrliches Kesselfleisch-Essen statt. P\u00fcnktlich ab 8 Uhr in der Fr\u00fch wurden vom Sepp (immerhin schon stattliche 90 Jahre alt) und Mike die Bottiche angeheizt und das Fleisch, unter Expertenaufsicht von Franz und Wolfi, vorbereitet.<br \/>\nSo gegen 10.00 Uhr fanden sich schon die ersten Feuerwehrler, teilweise mit Kind und Kegel, ein um den Kochvorgang kritisch zu be\u00e4ugen. Ab 11:00 Uhr konnten sich die hungrigen G\u00e4ste auf Bauchspeck, das Krin- und Backenfleisch, sowie die verschiedenen Innereien st\u00fcrzen. Begleitet von Brot und Zwiebel, mit Salz und Pfeffer gew\u00fcrzt, ereilte den Kesselfleischliebhaber ein wahrer Gaumenschmaus.<br \/>\nGut gest\u00e4rkt, dem kulinarischen Himmelreich ein St\u00fcck n\u00e4her, freuten wir uns auf den kulturellen H\u00f6hepunkt des Tages. Die Osseltshausener Sch\u00e4ffler schauten am Feuerwehrhaus vorbei und gaben ihren traditionsreichen Tanz zum Besten.<br \/>\nF\u00fcr die \u201eS\u00fc\u00dfen\u201c gab es am Nachmittag zum Kaffee noch reichlich Kuchen und Geb\u00e4ck. Die \u201eHerzhaften\u201c konnte bereits den frischen Presssack und die noch warme Leberwurst probieren. Die Brotzeit f\u00fcr den n\u00e4chsten Ausbildungsabend war dank unserer flei\u00dfigen Hobby-Metzger gesichert.<br \/>\nR\u00fcckblickend war es wieder ein gelungenes Fest mit viel Spa\u00df und Gem\u00fctlichkeit und es wird daher sicher in 2020 wieder eine Neuauflage geben.<\/p>\n<p>ngg_shortcode_0_placeholder<br \/>\nus<\/p>\n","protected":false},"excerpt":{"rendered":"<p>02.02.2019 \u2013 Am Samstag fand im noch jungen Jahr 2019 unser allj\u00e4hrliches Kesselfleisch-Essen statt. P\u00fcnktlich ab 8 Uhr in der Fr\u00fch wurden vom Sepp<\/p>\n<p class=\"link-more\"><a class=\"read-more\" href=\"https:\/\/feuerwehr-wolnzach.de\/cms\/verein\/kesselfleischessen\/\">weiterlesen<\/a><\/p>\n","protected":false},"author":4,"featured_media":10227,"parent":2058,"menu_order":0,"comment_status":"closed","ping_status":"closed","template":"","meta":{"ngg_post_thumbnail":0,"footnotes":""},"class_list":["post-10224","page","type-page","status-publish","has-post-thumbnail","hentry"],"jetpack_shortlink":"https:\/\/wp.me\/P90SfJ-2EU","jetpack_sharing_enabled":true,"_links":{"self":[{"href":"https:\/\/feuerwehr-wolnzach.de\/cms\/wp-json\/wp\/v2\/pages\/10224","targetHints":{"allow":["GET"]}}],"collection":[{"href":"https:\/\/feuerwehr-wolnzach.de\/cms\/wp-json\/wp\/v2\/pages"}],"about":[{"href":"https:\/\/feuerwehr-wolnzach.de\/cms\/wp-json\/wp\/v2\/types\/page"}],"author":[{"embeddable":true,"href":"https:\/\/feuerwehr-wolnzach.de\/cms\/wp-json\/wp\/v2\/users\/4"}],"replies":[{"embeddable":true,"href":"https:\/\/feuerwehr-wolnzach.de\/cms\/wp-json\/wp\/v2\/comments?post=10224"}],"version-history":[{"count":5,"href":"https:\/\/feuerwehr-wolnzach.de\/cms\/wp-json\/wp\/v2\/pages\/10224\/revisions"}],"predecessor-version":[{"id":10508,"href":"https:\/\/feuerwehr-wolnzach.de\/cms\/wp-json\/wp\/v2\/pages\/10224\/revisions\/10508"}],"up":[{"embeddable":true,"href":"https:\/\/feuerwehr-wolnzach.de\/cms\/wp-json\/wp\/v2\/pages\/2058"}],"wp:featuredmedia":[{"embeddable":true,"href":"https:\/\/feuerwehr-wolnzach.de\/cms\/wp-json\/wp\/v2\/media\/10227"}],"wp:attachment":[{"href":"https:\/\/feuerwehr-wolnzach.de\/cms\/wp-json\/wp\/v2\/media?parent=10224"}],"curies":[{"name":"wp","href":"https:\/\/api.w.org\/{rel}","templated":true}]}}