{"id":10421,"date":"2019-05-23T12:39:46","date_gmt":"2019-05-23T10:39:46","guid":{"rendered":"http:\/\/feuerwehr-wolnzach.de\/cms\/?page_id=10421"},"modified":"2019-05-24T16:32:50","modified_gmt":"2019-05-24T14:32:50","slug":"uebung-mit-schaumtrainer","status":"publish","type":"page","link":"https:\/\/feuerwehr-wolnzach.de\/cms\/feuerwehr\/uebung-mit-schaumtrainer\/","title":{"rendered":"\u00dcbung mit Schaumtrainer"},"content":{"rendered":"\r\n<p style=\"text-align: justify;\">18.05.2019 &#8211; Letzten Samstag stand das Thema \u201eRichtiger Einsatz von L\u00f6schschaum\u201c f\u00fcr die Gruppen- und Zugf\u00fchrer der Feuerwehr Wolnzach auf dem Programm.<\/p>\r\n\r\n\r\n\r\n<p style=\"text-align: justify;\">Nach einem etwa einst\u00fcndigen Theorieteil konnte anschlie\u00dfend das wiederholte und zum Teil auch neue Wissen gleich in der Praxis ge\u00fcbt werden. Hierzu kam der \u201eSchaumtrainer\u201c zum Einsatz, welcher von der Versicherungskammer Bayern f\u00fcr den Landkreis Pfaffenhofen gestiftet wurde.<\/p>\r\n\r\n\r\n\r\n<p style=\"text-align: justify;\">Mit diesem Schaumtrainer konnten verschiede Schaumstrahlrohre sowie die unterschiedlichen Schaumarten an einer brennenden Fl\u00fcssigkeit ausprobiert werden. Der gro\u00dfe Vorteil dabei war, dass alles in ma\u00dfstabsgetreuer Miniaturausf\u00fchrung zur Verf\u00fcgung stand. Somit konnten mehrere Arten der Brandbek\u00e4mpfung mit geringem Aufwand anschaulich demonstriert werden.<\/p>\r\n\r\n\r\n\r\n<p style=\"text-align: justify;\">Vielen Dank an den Ausbilder der Kreisbrandinspektion Pfaffenhofen, Christian Duna.<\/p>\r\n\r\n\r\n\r\nngg_shortcode_0_placeholder\r\n\r\n\r\n\r\n<p>tk<\/p>\r\n","protected":false},"excerpt":{"rendered":"<p>18.05.2019 &#8211; Letzten Samstag stand das Thema \u201eRichtiger Einsatz von L\u00f6schschaum\u201c f\u00fcr die Gruppen- und Zugf\u00fchrer der Feuerwehr Wolnzach auf dem Programm. Nach einem<\/p>\n<p class=\"link-more\"><a class=\"read-more\" href=\"https:\/\/feuerwehr-wolnzach.de\/cms\/feuerwehr\/uebung-mit-schaumtrainer\/\">weiterlesen<\/a><\/p>\n","protected":false},"author":4,"featured_media":10423,"parent":2040,"menu_order":0,"comment_status":"closed","ping_status":"closed","template":"","meta":{"ngg_post_thumbnail":0,"footnotes":""},"class_list":["post-10421","page","type-page","status-publish","has-post-thumbnail","hentry"],"jetpack_shortlink":"https:\/\/wp.me\/P90SfJ-2I5","jetpack_sharing_enabled":true,"_links":{"self":[{"href":"https:\/\/feuerwehr-wolnzach.de\/cms\/wp-json\/wp\/v2\/pages\/10421","targetHints":{"allow":["GET"]}}],"collection":[{"href":"https:\/\/feuerwehr-wolnzach.de\/cms\/wp-json\/wp\/v2\/pages"}],"about":[{"href":"https:\/\/feuerwehr-wolnzach.de\/cms\/wp-json\/wp\/v2\/types\/page"}],"author":[{"embeddable":true,"href":"https:\/\/feuerwehr-wolnzach.de\/cms\/wp-json\/wp\/v2\/users\/4"}],"replies":[{"embeddable":true,"href":"https:\/\/feuerwehr-wolnzach.de\/cms\/wp-json\/wp\/v2\/comments?post=10421"}],"version-history":[{"count":5,"href":"https:\/\/feuerwehr-wolnzach.de\/cms\/wp-json\/wp\/v2\/pages\/10421\/revisions"}],"predecessor-version":[{"id":10439,"href":"https:\/\/feuerwehr-wolnzach.de\/cms\/wp-json\/wp\/v2\/pages\/10421\/revisions\/10439"}],"up":[{"embeddable":true,"href":"https:\/\/feuerwehr-wolnzach.de\/cms\/wp-json\/wp\/v2\/pages\/2040"}],"wp:featuredmedia":[{"embeddable":true,"href":"https:\/\/feuerwehr-wolnzach.de\/cms\/wp-json\/wp\/v2\/media\/10423"}],"wp:attachment":[{"href":"https:\/\/feuerwehr-wolnzach.de\/cms\/wp-json\/wp\/v2\/media?parent=10421"}],"curies":[{"name":"wp","href":"https:\/\/api.w.org\/{rel}","templated":true}]}}