{"id":10509,"date":"2019-06-14T14:08:30","date_gmt":"2019-06-14T12:08:30","guid":{"rendered":"http:\/\/feuerwehr-wolnzach.de\/cms\/?page_id=10509"},"modified":"2019-06-14T14:19:14","modified_gmt":"2019-06-14T12:19:14","slug":"bei-jim-knopf-zu-besuch","status":"publish","type":"page","link":"https:\/\/feuerwehr-wolnzach.de\/cms\/verein\/veranstaltungen\/bei-jim-knopf-zu-besuch\/","title":{"rendered":"Bei Jim Knopf zu Besuch"},"content":{"rendered":"<p style=\"text-align: justify;\">30.05.2019 &#8211; 06:45 Uhr hat unser Organisator Simon als Treffpunkt festgelegt. Trotz der, f\u00fcr einen kirchlichen Feiertag, doch eher unchristlichen Uhrzeit, waren fast alle gemeldeten Teilnehmer auch k\u00f6rperlich am Treffpunkt erschienen. Nach den obligatorischen Foto zum Start wurde die Verpflegung in den Bahnhofstaxis verstaut und die bestellten frischen Brezen abgeholt.&nbsp; Die Zugfahrt mit Umstieg M\u00fcnchen Hbf gestaltete sich durch das zweite Fr\u00fchst\u00fcck recht gem\u00fctlich und kurzweilig. Gut gest\u00e4rkt aber bzgl. der Routenplanung eifrig diskutieren, verlie\u00dfen wir den Zielbahnhof in Richtung Zentrum Augsburg.<\/p>\n<p><img decoding=\"async\" class=\"ngg-singlepic ngg-center\" src=\"https:\/\/feuerwehr-wolnzach.de\/cms\/wp-content\/gallery\/vatertags-ausflug2019\/19-05-30-09-48-09-807C.jpg\" alt=\"19-05-30-09-48-09-807C\"><\/p>\n<p style=\"text-align: justify;\">Das mitgebrachte Kartenmaterial konkurrierte dabei mit den neuesten Karten-App`s diverser Anbieter. Unser KBM \u00fcbernahm schlie\u00dflich die Verantwortung und f\u00fchrte uns zu unserer ersten Station dem Museum der Augsburger Pupppenkiste nahe dem Roten Tor. Mit gez\u00fcckter Ehrenamtskarte und somit erm\u00e4\u00dfigtem Eintritt tauchten wir in die Geschichte des Marionettentheaters ein. Der Rundgang gab uns Einblick in die Entstehung der Figuren, man erfuhr viel Interessantes \u00fcber die Macher im Hintergrund und mit einem Periskop konnte sogar hinter die Kulissen gesp\u00e4ht werden.<\/p>\nngg_shortcode_0_placeholder\n<p style=\"text-align: justify;\">Voller Kindheitserinnerung an Jim Knopf, Urmel und Co wanderten wir an den vielen B\u00e4chlein der Altstadt entlang zur, etwas au\u00dferhalb des Zentrums gelegenen, K\u00e4lberhalle. Hier wurden wir mit einem sch\u00f6nen Ambiente, deftigen Speisen und leckeren Getr\u00e4nken f\u00fcr die kleine Wanderung belohnt.<\/p>\nngg_shortcode_1_placeholder\n<p style=\"text-align: justify;\">Nach der verl\u00e4ngerten Mittagspause fuhren wir wieder zur\u00fcck in die Stadtmitte um uns noch etwas kulturell weiterbilden zu k\u00f6nnen. Perlachturm, Goldener Saal im Rathaus und Rundgang im Zentrum so lauteten die Stationen bevor wir den Stadtbus in Richtung Bahnhof stiegen und im Biergarten der Riegele Brauerei den Tag gem\u00fctlich ausklingen lie\u00dfen. Mit der Ankunft am Heimatbahnhof endete der Vatertagsausflug in die drittgr\u00f6\u00dfte Stadt Bayerns und alle sind schon gespannt wie wohl das Ziel 2020 lauten wird.<\/p>\n<p>&nbsp;<\/p>\n<p>us<\/p>\n","protected":false},"excerpt":{"rendered":"<p>30.05.2019 &#8211; 06:45 Uhr hat unser Organisator Simon als Treffpunkt festgelegt. Trotz der, f\u00fcr einen kirchlichen Feiertag, doch eher unchristlichen Uhrzeit, waren fast alle<\/p>\n<p class=\"link-more\"><a class=\"read-more\" href=\"https:\/\/feuerwehr-wolnzach.de\/cms\/verein\/veranstaltungen\/bei-jim-knopf-zu-besuch\/\">weiterlesen<\/a><\/p>\n","protected":false},"author":2,"featured_media":10516,"parent":2062,"menu_order":0,"comment_status":"closed","ping_status":"closed","template":"","meta":{"ngg_post_thumbnail":0,"footnotes":""},"class_list":["post-10509","page","type-page","status-publish","has-post-thumbnail","hentry"],"jetpack_shortlink":"https:\/\/wp.me\/P90SfJ-2Jv","jetpack_sharing_enabled":true,"_links":{"self":[{"href":"https:\/\/feuerwehr-wolnzach.de\/cms\/wp-json\/wp\/v2\/pages\/10509","targetHints":{"allow":["GET"]}}],"collection":[{"href":"https:\/\/feuerwehr-wolnzach.de\/cms\/wp-json\/wp\/v2\/pages"}],"about":[{"href":"https:\/\/feuerwehr-wolnzach.de\/cms\/wp-json\/wp\/v2\/types\/page"}],"author":[{"embeddable":true,"href":"https:\/\/feuerwehr-wolnzach.de\/cms\/wp-json\/wp\/v2\/users\/2"}],"replies":[{"embeddable":true,"href":"https:\/\/feuerwehr-wolnzach.de\/cms\/wp-json\/wp\/v2\/comments?post=10509"}],"version-history":[{"count":5,"href":"https:\/\/feuerwehr-wolnzach.de\/cms\/wp-json\/wp\/v2\/pages\/10509\/revisions"}],"predecessor-version":[{"id":10517,"href":"https:\/\/feuerwehr-wolnzach.de\/cms\/wp-json\/wp\/v2\/pages\/10509\/revisions\/10517"}],"up":[{"embeddable":true,"href":"https:\/\/feuerwehr-wolnzach.de\/cms\/wp-json\/wp\/v2\/pages\/2062"}],"wp:featuredmedia":[{"embeddable":true,"href":"https:\/\/feuerwehr-wolnzach.de\/cms\/wp-json\/wp\/v2\/media\/10516"}],"wp:attachment":[{"href":"https:\/\/feuerwehr-wolnzach.de\/cms\/wp-json\/wp\/v2\/media?parent=10509"}],"curies":[{"name":"wp","href":"https:\/\/api.w.org\/{rel}","templated":true}]}}