{"id":10611,"date":"2019-06-28T18:12:31","date_gmt":"2019-06-28T16:12:31","guid":{"rendered":"http:\/\/feuerwehr-wolnzach.de\/cms\/?page_id=10611"},"modified":"2019-07-15T13:47:11","modified_gmt":"2019-07-15T11:47:11","slug":"auch-wenn-das-wetter-mal-nicht-so-mitspielt","status":"publish","type":"page","link":"https:\/\/feuerwehr-wolnzach.de\/cms\/verein\/veranstaltungen\/auch-wenn-das-wetter-mal-nicht-so-mitspielt\/","title":{"rendered":"Auch wenn das Wetter mal nicht so mitspielt"},"content":{"rendered":"<p style=\"text-align: justify;\">22.06.2019 &#8211; Familienfest 2019<\/p>\n<p>Wettervorhersage! Die Tage vor dem 22.06. wurde schon eifrig diskutiert, begleitet von den Aussichten diverser Wetter-App`s, welche Attraktionen wir drau\u00dfen aufbauen k\u00f6nnen, oder ben\u00f6tigen wir ein Alternativprogramm f\u00fcr drinnen. Letztlich war unsere Entscheidung f\u00fcr ein abgespecktes Programm im Freien genau richtig, da der Wettergott sein Herz f\u00fcr die Feuerwehr wohl doch noch entdeckt hatte und uns ein paar trockene Stunden gew\u00e4hrte.<\/p>\n<p style=\"text-align: justify;\">Um acht Uhr morgens trafen sich die ersten Helfer, um unter Anleitung unseres Grillmeister Stefan den Smoker anzuheizen, das Fleisch aufzulegen und das Grillgem\u00fcse schnippeln zu d\u00fcrfen. Die Fleischmarinade und die Barbecue Sauce wurden bereits am Freitag vorbereitet.<\/p>\nngg_shortcode_0_placeholder\n<p style=\"text-align: justify;\">H\u00fcpfburg, Ausschank und Garnituren waren mittags schnell aufgebaut und somit stand einem gem\u00fctlichen Familienfest nichts mehr im Weg. Die Erwachsenen lie\u00dfen sich die gespendeten Kuchen schmecken und die Kinder tobten auf der H\u00fcpfburg umher. In lockerer Runde wurde geratscht und sich \u00fcber die Erfahrungen mit amerikanischen Barbecue ausgetauscht. Der Grill- und Rauchgeruch in der Luft inspirierte f\u00f6rmlich dazu. Um halb sieben war es dann soweit, das butterweiche Fleisch wurde zerteilt, mit Krautsalat und So\u00dfe in die Burger-Semmeln verfrachtet. Es hatte noch nicht jeder der gut 60 G\u00e4ste seinen Teller beladen, da kamen die ersten schon zur zweiten Verpflegungs-Runde. Ein Anblick der einem gro\u00dfem Lob der K\u00fcchencrew gleichkam, die neben dem Pulled Pork auch noch Putensteaks, W\u00fcrstchen und Gem\u00fcse auf dem Grill hatten. &nbsp;<\/p>\nngg_shortcode_1_placeholder\n<p style=\"text-align: justify;\">Leider fiel das Highlight des Abends, das Sonnwendfeuer, dem nun einsetzenden Gewitter zum Opfer. Und wie so oft bei der Feuerwehr, kam auch noch Einsatz Nummer 92 dazwischen. Gl\u00fccklicherweise dauerte die Sache nicht allzu lange und so konnte noch bis kurz vor Mitternacht gem\u00fctlich weitergefeiert werden. Um 00:19 Uhr traf man sich dann eh schon wieder im Spritzenhaus, da der Piepser zum n\u00e4chsten Einsatz gerufen hatte.<\/p>\n<p><img decoding=\"async\" class=\"ngg-singlepic ngg-none\" src=\"https:\/\/feuerwehr-wolnzach.de\/cms\/wp-content\/gallery\/familienfest-2019\/19-06-22-19-42-44-F0B1.jpg\" alt=\"19-06-22-19-42-44-F0B1\"><\/p>\n<p style=\"text-align: justify;\">Zum Abschluss m\u00f6chte ich mich noch bei allen bedanken die zum Gelingen des Festes ihren Beitrag geleistet haben. Vielen Dank!<\/p>\n<p style=\"text-align: justify;\">us<\/p>\n","protected":false},"excerpt":{"rendered":"<p>22.06.2019 &#8211; Familienfest 2019 Wettervorhersage! Die Tage vor dem 22.06. wurde schon eifrig diskutiert, begleitet von den Aussichten diverser Wetter-App`s, welche Attraktionen wir drau\u00dfen<\/p>\n<p class=\"link-more\"><a class=\"read-more\" href=\"https:\/\/feuerwehr-wolnzach.de\/cms\/verein\/veranstaltungen\/auch-wenn-das-wetter-mal-nicht-so-mitspielt\/\">weiterlesen<\/a><\/p>\n","protected":false},"author":2,"featured_media":10620,"parent":2062,"menu_order":0,"comment_status":"closed","ping_status":"closed","template":"","meta":{"ngg_post_thumbnail":0,"footnotes":""},"class_list":["post-10611","page","type-page","status-publish","has-post-thumbnail","hentry"],"jetpack_shortlink":"https:\/\/wp.me\/P90SfJ-2L9","jetpack_sharing_enabled":true,"_links":{"self":[{"href":"https:\/\/feuerwehr-wolnzach.de\/cms\/wp-json\/wp\/v2\/pages\/10611","targetHints":{"allow":["GET"]}}],"collection":[{"href":"https:\/\/feuerwehr-wolnzach.de\/cms\/wp-json\/wp\/v2\/pages"}],"about":[{"href":"https:\/\/feuerwehr-wolnzach.de\/cms\/wp-json\/wp\/v2\/types\/page"}],"author":[{"embeddable":true,"href":"https:\/\/feuerwehr-wolnzach.de\/cms\/wp-json\/wp\/v2\/users\/2"}],"replies":[{"embeddable":true,"href":"https:\/\/feuerwehr-wolnzach.de\/cms\/wp-json\/wp\/v2\/comments?post=10611"}],"version-history":[{"count":6,"href":"https:\/\/feuerwehr-wolnzach.de\/cms\/wp-json\/wp\/v2\/pages\/10611\/revisions"}],"predecessor-version":[{"id":10717,"href":"https:\/\/feuerwehr-wolnzach.de\/cms\/wp-json\/wp\/v2\/pages\/10611\/revisions\/10717"}],"up":[{"embeddable":true,"href":"https:\/\/feuerwehr-wolnzach.de\/cms\/wp-json\/wp\/v2\/pages\/2062"}],"wp:featuredmedia":[{"embeddable":true,"href":"https:\/\/feuerwehr-wolnzach.de\/cms\/wp-json\/wp\/v2\/media\/10620"}],"wp:attachment":[{"href":"https:\/\/feuerwehr-wolnzach.de\/cms\/wp-json\/wp\/v2\/media?parent=10611"}],"curies":[{"name":"wp","href":"https:\/\/api.w.org\/{rel}","templated":true}]}}