{"id":10680,"date":"2019-07-09T20:38:06","date_gmt":"2019-07-09T18:38:06","guid":{"rendered":"http:\/\/feuerwehr-wolnzach.de\/cms\/?page_id=10680"},"modified":"2019-07-15T13:45:44","modified_gmt":"2019-07-15T11:45:44","slug":"wenn-seltsame-geraeusche-zuschauer-anlocken","status":"publish","type":"page","link":"https:\/\/feuerwehr-wolnzach.de\/cms\/verein\/wenn-seltsame-geraeusche-zuschauer-anlocken\/","title":{"rendered":"Wenn seltsame Ger\u00e4usche &#8211; Zuschauer anlocken"},"content":{"rendered":"<p style=\"text-align: justify;\">30.06.2019 &#8211; Der Dienstsport steht nun seit zwei Jahren fest bei uns im Ausbildungsplan. Normalerweise treffen wir uns sonntags ab 08:30 Uhr in der Kapuzinerhalle um bis 10:00 Uhr an Kraft, Ausdauer und Beweglichkeit zu arbeiten. Der Feuerwehrdienst bringt doch einige k\u00f6rperliche Herausforderungen mit sich, bei der eine gewisse Grundfitness nicht von Nachteil ist. Beim Atemschutzeinsatz tr\u00e4gt man sicher um die 30 Kilo Ausr\u00fcstung mit sich, oder der Rettungsspreizer, der z. B. bei Verkehrsunf\u00e4llen zum Einsatz kommt, wiegt gut 20kg. Daher ist man durch regelm\u00e4\u00dfige Teilnahmen an den k\u00f6rperlichen Ert\u00fcchtigungs\u00fcbungen, gegen\u00fcber einer untrainierten Kameradin oder eines untrainierten Kameraden, beim Abarbeiten der Aufgaben sicher etwas im Vorteil.<\/p>\n<p style=\"text-align: justify;\">Bei den aktuellen sommerlichen Temperaturen will jeder nach drau\u00dfen und dies gilt nat\u00fcrlich auch f\u00fcr die Sportstunden die dann in der Halle weniger Spa\u00df machen als im Freien.<\/p>\n<p style=\"text-align: justify;\">Deshalb wurde der Dienstplan kurzerhand auf Freiluftmodus umgestellt. Das bedeutet Treffpunkt um 08:15 Uhr um uns mit einer 40-min\u00fctigen Laufeinheit auf Betriebstemperatur zu bringen. Wenn um 09:00 Uhr das Bad seine Pforte \u00f6ffnet geht es mit aufgew\u00e4rmter Muskulatur auf die gr\u00fcne Wiese. Hier versuchen wir mit Gymnastik K\u00f6rperregionen, die w\u00e4hrend des normalen Tagesablaufes kaum in Erscheinung treten, wieder gangbar zu machen. Diese \u00dcbungen die Coach Heini als \u201eVerklebungen l\u00f6sen\u201c betitelt erzeugen regelm\u00e4\u00dfig die sonderbarsten Laute von einigen Teilnehmern. Die Verrenkungen und Ger\u00e4usche haben sogar ein paar Zuschauer angelockt, die der Einladung zum Mitmachen dann doch nicht gefolgt sind. Warum auch immer\u2026<\/p>\nngg_shortcode_0_placeholder\n<p style=\"text-align: justify;\">Nach drei S\u00e4tze Beach Volleyball und noch ein paar Runden schwimmen sind die letzten Kraftreserven aufgebraucht. Zur Belohnung gab es k\u00fchle Getr\u00e4nke und ein paar Runden Pizzabrot im Biergarten vom Freibad. &nbsp;<\/p>\n<p style=\"text-align: justify;\">Also bis Sonntag!<\/p>\n<p style=\"text-align: justify;\">us<\/p>\n","protected":false},"excerpt":{"rendered":"<p>30.06.2019 &#8211; Der Dienstsport steht nun seit zwei Jahren fest bei uns im Ausbildungsplan. Normalerweise treffen wir uns sonntags ab 08:30 Uhr in der<\/p>\n<p class=\"link-more\"><a class=\"read-more\" href=\"https:\/\/feuerwehr-wolnzach.de\/cms\/verein\/wenn-seltsame-geraeusche-zuschauer-anlocken\/\">weiterlesen<\/a><\/p>\n","protected":false},"author":2,"featured_media":10687,"parent":2058,"menu_order":0,"comment_status":"closed","ping_status":"closed","template":"","meta":{"ngg_post_thumbnail":0,"footnotes":""},"class_list":["post-10680","page","type-page","status-publish","has-post-thumbnail","hentry"],"jetpack_shortlink":"https:\/\/wp.me\/P90SfJ-2Mg","jetpack_sharing_enabled":true,"_links":{"self":[{"href":"https:\/\/feuerwehr-wolnzach.de\/cms\/wp-json\/wp\/v2\/pages\/10680","targetHints":{"allow":["GET"]}}],"collection":[{"href":"https:\/\/feuerwehr-wolnzach.de\/cms\/wp-json\/wp\/v2\/pages"}],"about":[{"href":"https:\/\/feuerwehr-wolnzach.de\/cms\/wp-json\/wp\/v2\/types\/page"}],"author":[{"embeddable":true,"href":"https:\/\/feuerwehr-wolnzach.de\/cms\/wp-json\/wp\/v2\/users\/2"}],"replies":[{"embeddable":true,"href":"https:\/\/feuerwehr-wolnzach.de\/cms\/wp-json\/wp\/v2\/comments?post=10680"}],"version-history":[{"count":7,"href":"https:\/\/feuerwehr-wolnzach.de\/cms\/wp-json\/wp\/v2\/pages\/10680\/revisions"}],"predecessor-version":[{"id":10716,"href":"https:\/\/feuerwehr-wolnzach.de\/cms\/wp-json\/wp\/v2\/pages\/10680\/revisions\/10716"}],"up":[{"embeddable":true,"href":"https:\/\/feuerwehr-wolnzach.de\/cms\/wp-json\/wp\/v2\/pages\/2058"}],"wp:featuredmedia":[{"embeddable":true,"href":"https:\/\/feuerwehr-wolnzach.de\/cms\/wp-json\/wp\/v2\/media\/10687"}],"wp:attachment":[{"href":"https:\/\/feuerwehr-wolnzach.de\/cms\/wp-json\/wp\/v2\/media?parent=10680"}],"curies":[{"name":"wp","href":"https:\/\/api.w.org\/{rel}","templated":true}]}}