{"id":10695,"date":"2019-07-15T13:27:58","date_gmt":"2019-07-15T11:27:58","guid":{"rendered":"http:\/\/feuerwehr-wolnzach.de\/cms\/?page_id=10695"},"modified":"2019-08-21T17:23:50","modified_gmt":"2019-08-21T15:23:50","slug":"uebung-thl","status":"publish","type":"page","link":"https:\/\/feuerwehr-wolnzach.de\/cms\/feuerwehr\/uebung-thl\/","title":{"rendered":"\u00dcbung &#8211; THL"},"content":{"rendered":"<p style=\"text-align: justify;\">05.07.2019 \u2013 Eigentlich in allen Lebensbereichen gilt: \u201e\u00dcbung macht den Meister\u201c. Und das gilt nat\u00fcrlich ganz besonders bei der Feuerwehr, wo im entscheidenden Moment alles sitzen muss. Auch mal mitten in der Nacht, wenn der Funkwecker einem aus dem Tiefschlaf rei\u00dft. Schlie\u00dflich geht es oft um die Gesundheit oder gar das Leben von Menschen in Not.<\/p>\n<p style=\"text-align: justify;\">Am letzten Freitag stand das Thema Technische Hilfeleistung (THL) im Ausbildungsplan. Daf\u00fcr haben sich die Ausbilder ein Szenario mit drei verunfallten Fahrzeugen einfallen lassen. Ein PKW befand sich dabei unter dem Heck eines Pritschenwagens und ein weiteres Auto lag auf der Beifahrerseite. Und aus allen drei Fahrzeugen mussten jeweils eine verletzte Person befreit werden.<\/p>\n<p style=\"text-align: justify;\">Mit f\u00fcnf Feuerwehrfahrzeugen fuhren wir mit gut 30 Floriansj\u00fcngern zum \u201eUnfallort\u201c am Bauhof. Vor Ort ging dann alles recht schnell. Vom Einsatzleiter wurde die Lage erkundet, Priorit\u00e4ten wurden gesetzt und Aufgaben an die einzelnen Gruppenf\u00fchrer verteilt. Durch die doch eher ungew\u00f6hnlichen Positionen der Fahrzeuge musste an einigen Stellen improvisiert werden. Zum Beispiel das Anheben des Pritschenwagens mit hydraulischen Rettungszylindern. Schlie\u00dflich konnten der Reihe nach alle Verletzten erfolgreich gerettet werden.<\/p>\n<p style=\"text-align: justify;\">In der anschlie\u00dfenden Man\u00f6verkritik gab es kaum Verbesserungsvorschl\u00e4ge. Auf jeden Fall hat die \u00dcbung wieder gezeigt, dass die Freiwillige Feuerwehr Wolnzach auch f\u00fcr einen komplexeren Ernstfall gut vorbereitet ist \u2013 \u00dcbung macht eben den Meister!<\/p>\n<p>ngg_shortcode_0_placeholder<br \/>\ntk<\/p>\n","protected":false},"excerpt":{"rendered":"<p>05.07.2019 \u2013 Eigentlich in allen Lebensbereichen gilt: \u201e\u00dcbung macht den Meister\u201c. Und das gilt nat\u00fcrlich ganz besonders bei der Feuerwehr, wo im entscheidenden Moment<\/p>\n<p class=\"link-more\"><a class=\"read-more\" href=\"https:\/\/feuerwehr-wolnzach.de\/cms\/feuerwehr\/uebung-thl\/\">weiterlesen<\/a><\/p>\n","protected":false},"author":4,"featured_media":10700,"parent":2040,"menu_order":0,"comment_status":"closed","ping_status":"closed","template":"","meta":{"ngg_post_thumbnail":0,"footnotes":""},"class_list":["post-10695","page","type-page","status-publish","has-post-thumbnail","hentry"],"jetpack_shortlink":"https:\/\/wp.me\/P90SfJ-2Mv","jetpack_sharing_enabled":true,"_links":{"self":[{"href":"https:\/\/feuerwehr-wolnzach.de\/cms\/wp-json\/wp\/v2\/pages\/10695","targetHints":{"allow":["GET"]}}],"collection":[{"href":"https:\/\/feuerwehr-wolnzach.de\/cms\/wp-json\/wp\/v2\/pages"}],"about":[{"href":"https:\/\/feuerwehr-wolnzach.de\/cms\/wp-json\/wp\/v2\/types\/page"}],"author":[{"embeddable":true,"href":"https:\/\/feuerwehr-wolnzach.de\/cms\/wp-json\/wp\/v2\/users\/4"}],"replies":[{"embeddable":true,"href":"https:\/\/feuerwehr-wolnzach.de\/cms\/wp-json\/wp\/v2\/comments?post=10695"}],"version-history":[{"count":5,"href":"https:\/\/feuerwehr-wolnzach.de\/cms\/wp-json\/wp\/v2\/pages\/10695\/revisions"}],"predecessor-version":[{"id":10840,"href":"https:\/\/feuerwehr-wolnzach.de\/cms\/wp-json\/wp\/v2\/pages\/10695\/revisions\/10840"}],"up":[{"embeddable":true,"href":"https:\/\/feuerwehr-wolnzach.de\/cms\/wp-json\/wp\/v2\/pages\/2040"}],"wp:featuredmedia":[{"embeddable":true,"href":"https:\/\/feuerwehr-wolnzach.de\/cms\/wp-json\/wp\/v2\/media\/10700"}],"wp:attachment":[{"href":"https:\/\/feuerwehr-wolnzach.de\/cms\/wp-json\/wp\/v2\/media?parent=10695"}],"curies":[{"name":"wp","href":"https:\/\/api.w.org\/{rel}","templated":true}]}}