{"id":10951,"date":"2019-11-11T12:02:11","date_gmt":"2019-11-11T11:02:11","guid":{"rendered":"https:\/\/feuerwehr-wolnzach.de\/cms\/?page_id=10951"},"modified":"2020-01-13T20:44:28","modified_gmt":"2020-01-13T19:44:28","slug":"jugendleistungsspange","status":"publish","type":"page","link":"https:\/\/feuerwehr-wolnzach.de\/cms\/jugendfeuerwehr\/jugendleistungsspange\/","title":{"rendered":"Jugend-Leistungsspange"},"content":{"rendered":"<p style=\"text-align: justify;\">19.10.2019 &#8211; Wolnzacher Jugendfeuerwehrler erk\u00e4mpfen sich Leistungsspange<\/p>\n<p style=\"text-align: justify;\">Die Leistungsspange der Deutschen Jugendfeuerwehr ist die h\u00f6chste Auszeichnung, welche man in einer Jugendfeuerwehr erhalten kann. Und die wollten sich ein paar aus der Wolnzacher Jugend verdienen.<\/p>\n<p style=\"text-align: justify;\">Nach zahlreichen Vorbereitungsstunden war es am Samstag, den 19.10.2019, endlich so weit. In Geisenfeld wurde zur Abnahme geladen. Es stellten sich den Aufgaben zwei Gruppen zu je 9 Personen. Eine Gruppe stellte Geisenfeld und die andere Gruppe war ein Zusammenschluss aus den Jugendfeuerwehren von Ebenhausen, Reichertshofen und Wolnzach.<\/p>\n<p style=\"text-align: justify;\">Es mussten verschieden Disziplinen erfolgreich absolviert werden. Diese waren:<\/p>\n<p style=\"text-align: justify;\">\u2022 <span style=\"text-decoration: underline;\">Kugelsto\u00dfen<\/span><br \/>\n&nbsp;&nbsp; Alle Gruppenmitglieder m\u00fcssen einmal die Kugel sto\u00dfen. In Summe muss eine Mindestweite von 55 Meter erreicht werden.<br \/>\n\u2022 <span style=\"text-decoration: underline;\">Staffellauf<\/span><br \/>\n&nbsp;&nbsp; Die Gruppe muss 1.500 Meter in maximal 4 Minuten 10 Sekunden laufen. Die Distanz je L\u00e4ufer ist frei w\u00e4hlbar.<br \/>\n\u2022 <span style=\"text-decoration: underline;\">Schnelligkeits\u00fcbung<\/span><br \/>\n&nbsp;&nbsp; Aufbau einer langen Wasserf\u00f6rderung mit 8 C-Schl\u00e4uchen \u00e0 15 Meter, ohne dass ein Schlauch verdreht ist. Zeit max. 1 Minute 15 Sekunden.<br \/>\n\u2022 <span style=\"text-decoration: underline;\">L\u00f6schangriff<\/span><br \/>\n&nbsp;&nbsp; Aufbau eines L\u00f6schangriffs mit Pumpe, 4 Saugschl\u00e4uchen, Verteiler und 3 Strahlrohren.<br \/>\n\u2022 <span style=\"text-decoration: underline;\">Fragenbeantwortung<\/span><br \/>\n&nbsp;&nbsp; Alle Teilnehmer haben in einem 15-min\u00fctigen Gespr\u00e4ch aus den verschiedensten Themengebieten Fragen zu beantworten.<br \/>\n\u2022 <span style=\"text-decoration: underline;\">Gesamteindruck<\/span><br \/>\n&nbsp;&nbsp; Hier wird unter anderem das allgemeine Auftreten der Gruppe sowie der Umgang untereinander bewertet.<\/p>\n<p style=\"text-align: justify;\">Alle Aufgaben konnten mit Bravour gemeistert werden. Besonders die Schnelligkeits\u00fcbung ist hier hervorzuheben. Hier brauchte die Gruppe lediglich sensationelle 54 Sekunden!<\/p>\n<p style=\"text-align: justify;\">Herzlichen Gl\u00fcckwunsch an die erfolgreichen Absolventen. Hoffentlich kann eine solche Leistung in den kommenden Jahren wiederholt werden.<\/p>\n<p>ngg_shortcode_0_placeholdertk<\/p>\n<p>&nbsp;<\/p>\n","protected":false},"excerpt":{"rendered":"<p>19.10.2019 &#8211; Wolnzacher Jugendfeuerwehrler erk\u00e4mpfen sich Leistungsspange Die Leistungsspange der Deutschen Jugendfeuerwehr ist die h\u00f6chste Auszeichnung, welche man in einer Jugendfeuerwehr erhalten kann. Und<\/p>\n<p class=\"link-more\"><a class=\"read-more\" href=\"https:\/\/feuerwehr-wolnzach.de\/cms\/jugendfeuerwehr\/jugendleistungsspange\/\">weiterlesen<\/a><\/p>\n","protected":false},"author":4,"featured_media":10956,"parent":2067,"menu_order":0,"comment_status":"closed","ping_status":"closed","template":"","meta":{"ngg_post_thumbnail":0,"footnotes":""},"class_list":["post-10951","page","type-page","status-publish","has-post-thumbnail","hentry"],"jetpack_shortlink":"https:\/\/wp.me\/P90SfJ-2QD","jetpack_sharing_enabled":true,"_links":{"self":[{"href":"https:\/\/feuerwehr-wolnzach.de\/cms\/wp-json\/wp\/v2\/pages\/10951","targetHints":{"allow":["GET"]}}],"collection":[{"href":"https:\/\/feuerwehr-wolnzach.de\/cms\/wp-json\/wp\/v2\/pages"}],"about":[{"href":"https:\/\/feuerwehr-wolnzach.de\/cms\/wp-json\/wp\/v2\/types\/page"}],"author":[{"embeddable":true,"href":"https:\/\/feuerwehr-wolnzach.de\/cms\/wp-json\/wp\/v2\/users\/4"}],"replies":[{"embeddable":true,"href":"https:\/\/feuerwehr-wolnzach.de\/cms\/wp-json\/wp\/v2\/comments?post=10951"}],"version-history":[{"count":14,"href":"https:\/\/feuerwehr-wolnzach.de\/cms\/wp-json\/wp\/v2\/pages\/10951\/revisions"}],"predecessor-version":[{"id":11141,"href":"https:\/\/feuerwehr-wolnzach.de\/cms\/wp-json\/wp\/v2\/pages\/10951\/revisions\/11141"}],"up":[{"embeddable":true,"href":"https:\/\/feuerwehr-wolnzach.de\/cms\/wp-json\/wp\/v2\/pages\/2067"}],"wp:featuredmedia":[{"embeddable":true,"href":"https:\/\/feuerwehr-wolnzach.de\/cms\/wp-json\/wp\/v2\/media\/10956"}],"wp:attachment":[{"href":"https:\/\/feuerwehr-wolnzach.de\/cms\/wp-json\/wp\/v2\/media?parent=10951"}],"curies":[{"name":"wp","href":"https:\/\/api.w.org\/{rel}","templated":true}]}}