{"id":11002,"date":"2019-11-13T07:42:35","date_gmt":"2019-11-13T06:42:35","guid":{"rendered":"https:\/\/feuerwehr-wolnzach.de\/cms\/?page_id=11002"},"modified":"2019-11-13T07:46:03","modified_gmt":"2019-11-13T06:46:03","slug":"erfolgreiche-truppfuehrerqualifikation","status":"publish","type":"page","link":"https:\/\/feuerwehr-wolnzach.de\/cms\/feuerwehr\/erfolgreiche-truppfuehrerqualifikation\/","title":{"rendered":"Erfolgreiche Truppf\u00fchrerqualifikation"},"content":{"rendered":"<p>11.11.2019 &#8211; Im zweiten Teil der MTA (Modularen Trupp-Ausbildung) geht es darum, zuk\u00fcnftige Truppf\u00fchrer auf die Aufgaben in Realeins\u00e4tzen vorzubereiten.<\/p>\n<p>So starteten vor gut f\u00fcnf Wochen 12 Feuerwehrm\u00e4nner aus Gosseltshausen (4), Niederlauterbach (2) und Wolnzach (6) sowie eine Feuerwehrfrau aus Gebrontshausen mit den Vorbereitungen. Mindestens zwei Mal w\u00f6chentlich traf man sich im Wolnzacher Ger\u00e4tehaus, um gemeinsam zu lernen und zu \u00fcben.<\/p>\n<p>Am Schluss stand eine Pr\u00fcfung, welche aus einem schriftlichen Teil, einer feuerwehrtechnischen Aufgabe als Truppf\u00fchrer und einem Einsatz in der Gruppe bestand. Erfreulicherweise konnten alle Teilnehmer diese Pr\u00fcfung am vergangenen Montag erfolgreich meistern.<\/p>\n<p>Mit der Truppf\u00fchrerqualifikation ist die Grundausbildung somit abgeschlossen. Damit ist f\u00fcr die Kameradin und Kameraden der Grundstein gelegt, sich f\u00fcr weiterf\u00fchrende Ausbildungen &#8211; bis hin zu F\u00fchrungsaufgaben &#8211; zu qualifizieren.<\/p>\n<p>Ein herzliches Dankesch\u00f6n an alle Ausbilder, Helfer und Pr\u00fcfer f\u00fcr die aufgebrachte Zeit sowie an unseren Kreisbrandmeister Bernhard Mayer, f\u00fcr die tatkr\u00e4ftige Unterst\u00fctzung.<\/p>\n<p>ngg_shortcode_0_placeholdertk<\/p>\n","protected":false},"excerpt":{"rendered":"<p>11.11.2019 &#8211; Im zweiten Teil der MTA (Modularen Trupp-Ausbildung) geht es darum, zuk\u00fcnftige Truppf\u00fchrer auf die Aufgaben in Realeins\u00e4tzen vorzubereiten. So starteten vor gut<\/p>\n<p class=\"link-more\"><a class=\"read-more\" href=\"https:\/\/feuerwehr-wolnzach.de\/cms\/feuerwehr\/erfolgreiche-truppfuehrerqualifikation\/\">weiterlesen<\/a><\/p>\n","protected":false},"author":4,"featured_media":11003,"parent":2040,"menu_order":0,"comment_status":"closed","ping_status":"closed","template":"","meta":{"ngg_post_thumbnail":0,"footnotes":""},"class_list":["post-11002","page","type-page","status-publish","has-post-thumbnail","hentry"],"jetpack_shortlink":"https:\/\/wp.me\/P90SfJ-2Rs","jetpack_sharing_enabled":true,"_links":{"self":[{"href":"https:\/\/feuerwehr-wolnzach.de\/cms\/wp-json\/wp\/v2\/pages\/11002","targetHints":{"allow":["GET"]}}],"collection":[{"href":"https:\/\/feuerwehr-wolnzach.de\/cms\/wp-json\/wp\/v2\/pages"}],"about":[{"href":"https:\/\/feuerwehr-wolnzach.de\/cms\/wp-json\/wp\/v2\/types\/page"}],"author":[{"embeddable":true,"href":"https:\/\/feuerwehr-wolnzach.de\/cms\/wp-json\/wp\/v2\/users\/4"}],"replies":[{"embeddable":true,"href":"https:\/\/feuerwehr-wolnzach.de\/cms\/wp-json\/wp\/v2\/comments?post=11002"}],"version-history":[{"count":4,"href":"https:\/\/feuerwehr-wolnzach.de\/cms\/wp-json\/wp\/v2\/pages\/11002\/revisions"}],"predecessor-version":[{"id":11009,"href":"https:\/\/feuerwehr-wolnzach.de\/cms\/wp-json\/wp\/v2\/pages\/11002\/revisions\/11009"}],"up":[{"embeddable":true,"href":"https:\/\/feuerwehr-wolnzach.de\/cms\/wp-json\/wp\/v2\/pages\/2040"}],"wp:featuredmedia":[{"embeddable":true,"href":"https:\/\/feuerwehr-wolnzach.de\/cms\/wp-json\/wp\/v2\/media\/11003"}],"wp:attachment":[{"href":"https:\/\/feuerwehr-wolnzach.de\/cms\/wp-json\/wp\/v2\/media?parent=11002"}],"curies":[{"name":"wp","href":"https:\/\/api.w.org\/{rel}","templated":true}]}}