{"id":11194,"date":"2020-02-07T08:22:45","date_gmt":"2020-02-07T07:22:45","guid":{"rendered":"https:\/\/feuerwehr-wolnzach.de\/cms\/?page_id=11194"},"modified":"2020-02-07T08:47:30","modified_gmt":"2020-02-07T07:47:30","slug":"jahreshauptversammlung","status":"publish","type":"page","link":"https:\/\/feuerwehr-wolnzach.de\/cms\/feuerwehr\/jahreshauptversammlung\/","title":{"rendered":"Jahreshauptversammlung"},"content":{"rendered":"<p>31.01.2020 \u2013 Wie jedes Jahr wurde im Januar zur Jahreshauptversammlung geladen. Erfreulicherweise kamen \u00fcber 60 Feuerwehrmitglieder der Einladung nach. Zus\u00e4tzlich durften wir den 1. B\u00fcrgermeister Jens Machold, die 3. B\u00fcrgermeisterin Katharina Gmlech, sechs weitere Mitglieder aus dem Gemeinderat sowie den Kreisbrandinspektor Christian Nitschke begr\u00fc\u00dfen.<\/p>\n<p>&nbsp;<\/p>\n<p>Der 1. Vorstand Uli Schechinger er\u00f6ffnete die Veranstaltung p\u00fcnktlich um 19.00 Uhr mit der Begr\u00fc\u00dfung aller Anwesenden und \u00fcbergab sogleich das Wort an B\u00fcrgermeister Machold.<\/p>\n<p>ngg_shortcode_0_placeholderHerr Machold nutze die Gelegenheit, um sich bei allen Feuerwehrdienstleistenden f\u00fcr das vergangene Jahr sehr herzlich zu bedanken. Die gesamte Kommune sei stolz auf Ihre Feuerwehr. Auch ist das erste Jahr unter der F\u00fchrung der neuen Kommandanten Georg Mirlach und Daniel Baier sehr gut verlaufen. Besondere Anerkennung erhielt noch die Jugendgruppe der wolnzacher Wehr. Nicht nur die erfolgreiche Teilnahme bei der Jugendleistungsspange wurde erw\u00e4hnt, sondern auch die mittlerweile beachtliche Anzahl von 21 Jugendlichen. Es freut ihn sehr zu sehen, wie gut die Jungen und die Erfahrenen (nicht \u201eAlten\u201c) sich gegenseitig erg\u00e4nzen.<\/p>\n<p>&nbsp;<\/p>\n<p>Nach dem gemeinsamen Abendessen nutze KBI Christian Nitschke die Gelegenheit, sich im Namen der gesamten Kreisbrandinspektion f\u00fcr das Jahr 2019 zu bedanken. Auch er best\u00e4tigte, dass unter anderem die Jugendarbeit in Wolnzach sehr stark ist und meinte: \u201eDie Welt ist in Wolnzach noch in Ordnung.\u201c<\/p>\n<p>ngg_shortcode_1_placeholderNun durfte Uli Schechinger wieder an das Rednerpult und sprach ebenfalls seinen Dank an die Vorstandschaft, die Kommandanten, allen flei\u00dfigen Helfern, der Gemeinde sowie der Presse aus.<\/p>\n<p>ngg_shortcode_2_placeholderDanach wurden f\u00fcr 15 Jahre Vereinszugeh\u00f6rigkeit geehrt:<\/p>\n<p>Harald Gulder, Sonja Pieronczyk, Benedikt Raab, Christian Suchostawski und Simon Westermair<\/p>\n<p>&nbsp;<\/p>\n<p>Die Urkunde f\u00fcr 30 Jahre Vereinszugeh\u00f6rigkeit erhielten:<\/p>\n<p>Rudi Ascher, Franz Brandl, Markus H\u00f6bler, Peter M\u00fcller, Richard Neuhauser, Stefan Schrott und Franz Ulrich<\/p>\n<p>ngg_shortcode_3_placeholderNun folgte der Kassenbericht vom Kassier Ferdinand Schmidpeter und im Anschluss die Beurteilung des Kassenpr\u00fcfers. Die Entlastung des Vorstandes erfolgte einstimmig.<\/p>\n<p>&nbsp;<\/p>\n<p>Endlich kam auch der 1. Kommandant Georg Mirlach zu Wort. Er lie\u00df kurz das vergangene Jahr Revue passieren. Vor allem die Eins\u00e4tze mit dem Hilfeleistungskontingent zum Schneechaos in den Alpen zu Beginn des Jahres fanden Erw\u00e4hnung. Erfreulich und f\u00fcr ihn pers\u00f6nlich sehr beruhigend war die Tatsache, dass die Einsatzbereitschaft auch tags\u00fcber stets sichergestellt war.<\/p>\n<p>Die Einsatzzahlen waren auf dem Niveau wie im letzten Jahr. Bei 169 Eins\u00e4tzen waren die technischen Hilfeleistungen mit 91 mal am h\u00e4ufigsten vertreten. Durch die gr\u00f6\u00dfere Personalst\u00e4rke erh\u00f6hten sich die geleisteten Einsatzstunden auf insgesamt 2.487.<\/p>\n<p>ngg_shortcode_4_placeholderDanach erfolgte noch r\u00fcckwirkend die \u00dcbernahme in den aktiven Dienst durch den obligatorischen Handschlag des Kommandanten. \u00dcbernommen wurden:<\/p>\n<p>Christoph Eberl, Simon Eberl, Simon Hammerschmid und Paula Oswald<\/p>\n<p>ngg_shortcode_5_placeholderAls n\u00e4chsten Punkt auf der Tagesordnung standen noch die Bef\u00f6rderungen. So wurden folgende Floriansj\u00fcnger zum Oberfeuerwehrmann bef\u00f6rdert:<\/p>\n<p>Andreas Ening, Florian Ismann und Andreas Ludewig<\/p>\n<p>&nbsp;<\/p>\n<p>Und zum Hautfeuerwehrmann wurden ernannt:<\/p>\n<p>Markus Bauer, Simon Binder, Christian Duna, Markus H\u00f6bler, Thomas Kerndl, Siegfried Ma\u00dfun und Max Paul<\/p>\n<p>ngg_shortcode_6_placeholderZu guter Letzt wollte es sich auch Kommandant Mirlach nicht nehmen lassen, seinen Dank auszusprechen. Dieser galt der gesamten aktiven Mannschaft, seinem Stellvertreter Daniel Baier, der Feuerwehrf\u00fchrung, dem Jugendwart, der Gemeinde, dem Bauhof, der Presse, der Kreisbrandinspektion, den Ger\u00e4tewarten, dem Team der \u00d6ffentlichkeitsarbeit, Julia Mirlach f\u00fcr die Brandschutzerziehung, der Vorstandschaft, der K\u00fcchencrew sowie besonders Christian Erl f\u00fcr die vielen Arbeiten bei diversen Umbauarbeiten im Ger\u00e4tehaus.<\/p>\n<p>&nbsp;<\/p>\n<p>Als letzten Tagesordnungspunkt musste noch gew\u00e4hlt werden. Wie die Jahre zuvor stellte sich Jens Machold wieder als Wahlleiter zur Verf\u00fcgung.<\/p>\n<p>Da Andreas Neuhauser als Beisitzer zur\u00fcckgetreten ist, wurde Andreas Ening f\u00fcr diese Position neu gew\u00e4hlt. Und da bedauerlicherweise Michael Eder als Kassenpr\u00fcfer nicht mehr zu Verf\u00fcgung stand, \u00fcbernimmt zuk\u00fcnftig Andreas Neuhauser dieses Amt.<\/p>\n<p>ngg_shortcode_7_placeholderEnde der Veranstaltung war um 21.30 Uhr.<\/p>\n<p>&nbsp;<\/p>\n<p>tk<\/p>\n","protected":false},"excerpt":{"rendered":"<p>31.01.2020 \u2013 Wie jedes Jahr wurde im Januar zur Jahreshauptversammlung geladen. Erfreulicherweise kamen \u00fcber 60 Feuerwehrmitglieder der Einladung nach. Zus\u00e4tzlich durften wir den 1.<\/p>\n<p class=\"link-more\"><a class=\"read-more\" href=\"https:\/\/feuerwehr-wolnzach.de\/cms\/feuerwehr\/jahreshauptversammlung\/\">weiterlesen<\/a><\/p>\n","protected":false},"author":4,"featured_media":11196,"parent":2040,"menu_order":0,"comment_status":"closed","ping_status":"closed","template":"","meta":{"ngg_post_thumbnail":0,"footnotes":""},"class_list":["post-11194","page","type-page","status-publish","has-post-thumbnail","hentry"],"jetpack_shortlink":"https:\/\/wp.me\/P90SfJ-2Uy","jetpack_sharing_enabled":true,"_links":{"self":[{"href":"https:\/\/feuerwehr-wolnzach.de\/cms\/wp-json\/wp\/v2\/pages\/11194","targetHints":{"allow":["GET"]}}],"collection":[{"href":"https:\/\/feuerwehr-wolnzach.de\/cms\/wp-json\/wp\/v2\/pages"}],"about":[{"href":"https:\/\/feuerwehr-wolnzach.de\/cms\/wp-json\/wp\/v2\/types\/page"}],"author":[{"embeddable":true,"href":"https:\/\/feuerwehr-wolnzach.de\/cms\/wp-json\/wp\/v2\/users\/4"}],"replies":[{"embeddable":true,"href":"https:\/\/feuerwehr-wolnzach.de\/cms\/wp-json\/wp\/v2\/comments?post=11194"}],"version-history":[{"count":8,"href":"https:\/\/feuerwehr-wolnzach.de\/cms\/wp-json\/wp\/v2\/pages\/11194\/revisions"}],"predecessor-version":[{"id":11209,"href":"https:\/\/feuerwehr-wolnzach.de\/cms\/wp-json\/wp\/v2\/pages\/11194\/revisions\/11209"}],"up":[{"embeddable":true,"href":"https:\/\/feuerwehr-wolnzach.de\/cms\/wp-json\/wp\/v2\/pages\/2040"}],"wp:featuredmedia":[{"embeddable":true,"href":"https:\/\/feuerwehr-wolnzach.de\/cms\/wp-json\/wp\/v2\/media\/11196"}],"wp:attachment":[{"href":"https:\/\/feuerwehr-wolnzach.de\/cms\/wp-json\/wp\/v2\/media?parent=11194"}],"curies":[{"name":"wp","href":"https:\/\/api.w.org\/{rel}","templated":true}]}}