{"id":11305,"date":"2020-03-22T16:40:16","date_gmt":"2020-03-22T15:40:16","guid":{"rendered":"https:\/\/feuerwehr-wolnzach.de\/cms\/?page_id=11305"},"modified":"2020-03-22T17:38:46","modified_gmt":"2020-03-22T16:38:46","slug":"aus-dem-bottich-dampfts","status":"publish","type":"page","link":"https:\/\/feuerwehr-wolnzach.de\/cms\/verein\/aus-dem-bottich-dampfts\/","title":{"rendered":"Aus dem Bottich dampft`s"},"content":{"rendered":"<p>08.02.2020 &#8211; Wenn Anfang des Jahres Dampf aus der Waschhalle des Ger\u00e4tehauses aufsteigt, kann das nur eins bedeuten: es gibt Kesselfleisch!<\/p>\n<p>Freitag nach der Ausbildung wurde schon die Vorbereitungen getroffen. Der Kessel wurde aufgebaut, die Garnituren aufgestellt und die Kochutensilien aus dem Keller geholt. Somit musste am Samstag in der Fr\u00fch nur noch f\u00fcr ordentlich Feuer im Kessel gesorgt werden.<\/p>\n<p>Wammerl, Schweinskopf und Innereien wurden in der dampfenden Br\u00fche versenkt. Zwiebeln, Brot und Getr\u00e4nke standen bereit, als zur Essenszeit Backerl, Herz und Zunge auf den Tisch kamen. Dicht gedr\u00e4ngt standen die Vereinsmitglieder mit ihren Familien um die Tische und lie\u00dfen sich das deftige Mittagsmahl schmecken. Die kulinarische Tradition endet nat\u00fcrlich nicht mit dem Essen, sondern im Anschluss wurden von unseren Hobbymetzgern noch Presss\u00e4cke und Leberw\u00fcrste gezaubert.<\/p>\n<p>Frei nach der Kochsendung \u201eherzhaft&amp;s\u00fc\u00df\u201c konnte man sich nachmittags an den bereitgestellten Kuchen und Krapfen erfreuen und einen kalorienreichen Samstag gem\u00fctlich ausklingen lassen.<\/p>\n<p>Die Vorstandschaft dankt allen Helfern die bei Vorbereitung, Durchf\u00fchrung, Wursten und Aufr\u00e4umen mitgeholfen haben. Besonderer Dank geht noch an die Hofb\u00e4ckerei Waldinger f\u00fcr das leckere Brot und die s\u00fc\u00dfen Nachspeisen.<\/p>\n<p>us<\/p>\nngg_shortcode_0_placeholder\n","protected":false},"excerpt":{"rendered":"<p>08.02.2020 &#8211; Wenn Anfang des Jahres Dampf aus der Waschhalle des Ger\u00e4tehauses aufsteigt, kann das nur eins bedeuten: es gibt Kesselfleisch! Freitag nach der<\/p>\n<p class=\"link-more\"><a class=\"read-more\" href=\"https:\/\/feuerwehr-wolnzach.de\/cms\/verein\/aus-dem-bottich-dampfts\/\">weiterlesen<\/a><\/p>\n","protected":false},"author":4,"featured_media":11342,"parent":2058,"menu_order":0,"comment_status":"closed","ping_status":"closed","template":"","meta":{"ngg_post_thumbnail":0,"footnotes":""},"class_list":["post-11305","page","type-page","status-publish","has-post-thumbnail","hentry"],"jetpack_shortlink":"https:\/\/wp.me\/P90SfJ-2Wl","jetpack_sharing_enabled":true,"_links":{"self":[{"href":"https:\/\/feuerwehr-wolnzach.de\/cms\/wp-json\/wp\/v2\/pages\/11305","targetHints":{"allow":["GET"]}}],"collection":[{"href":"https:\/\/feuerwehr-wolnzach.de\/cms\/wp-json\/wp\/v2\/pages"}],"about":[{"href":"https:\/\/feuerwehr-wolnzach.de\/cms\/wp-json\/wp\/v2\/types\/page"}],"author":[{"embeddable":true,"href":"https:\/\/feuerwehr-wolnzach.de\/cms\/wp-json\/wp\/v2\/users\/4"}],"replies":[{"embeddable":true,"href":"https:\/\/feuerwehr-wolnzach.de\/cms\/wp-json\/wp\/v2\/comments?post=11305"}],"version-history":[{"count":4,"href":"https:\/\/feuerwehr-wolnzach.de\/cms\/wp-json\/wp\/v2\/pages\/11305\/revisions"}],"predecessor-version":[{"id":11338,"href":"https:\/\/feuerwehr-wolnzach.de\/cms\/wp-json\/wp\/v2\/pages\/11305\/revisions\/11338"}],"up":[{"embeddable":true,"href":"https:\/\/feuerwehr-wolnzach.de\/cms\/wp-json\/wp\/v2\/pages\/2058"}],"wp:featuredmedia":[{"embeddable":true,"href":"https:\/\/feuerwehr-wolnzach.de\/cms\/wp-json\/wp\/v2\/media\/11342"}],"wp:attachment":[{"href":"https:\/\/feuerwehr-wolnzach.de\/cms\/wp-json\/wp\/v2\/media?parent=11305"}],"curies":[{"name":"wp","href":"https:\/\/api.w.org\/{rel}","templated":true}]}}