{"id":11581,"date":"2020-07-06T16:25:41","date_gmt":"2020-07-06T14:25:41","guid":{"rendered":"https:\/\/feuerwehr-wolnzach.de\/cms\/?page_id=11581"},"modified":"2020-07-07T16:38:29","modified_gmt":"2020-07-07T14:38:29","slug":"neuer-wechsellader-geht-in-dienst","status":"publish","type":"page","link":"https:\/\/feuerwehr-wolnzach.de\/cms\/feuerwehr\/neuer-wechsellader-geht-in-dienst\/","title":{"rendered":"Neues Wechselladerfahrzeug geht in Dienst"},"content":{"rendered":"<p>07.07.2020 &#8211; Innerhalb der vier T\u00e4tigkeitsfelder der Feuerwehr &#8211; Retten, L\u00f6schen, Bergen, Sch\u00fctzen &#8211; werden wir immer wieder mit neuen und anspruchsvollen Aufgaben konfrontiert. Dabei w\u00e4chst stetig der Anspruch an Mensch und Material.<\/p>\n<p>Damit der Schutz der Bev\u00f6lkerung im Ernstfall jederzeit gew\u00e4hrleistet ist, sind Schulungen und regelm\u00e4\u00dfige \u00dcbungen f\u00fcr die Mannschaft unerl\u00e4sslich. Aber auch die Ger\u00e4tschaft muss sich in einem einwandfreien Zustand befinden und dem aktuellen Stand der Technik entsprechen.<\/p>\n<p>Aus diesem Grund wurde zusammen mit der Gemeinde beschlossen, unser 23 Jahre altes Versorgungsfahrzeug (Funkrufname: \u201eWolnzach 56\/1\u201c) durch ein Wechselladerfahrzeug zu ersetzten.<\/p>\n<p>ngg_shortcode_0_placeholderDurch den Umstand, dass die Feuerwehr Manching und der Landkreis Pfaffenhofen ebenfalls einen Wechsellader ben\u00f6tigten, nutze man gemeinsam die Vorteile einer Sammelbestellung. Bei den Fahrzeugen handelt es sich um dreiachsige MAN-Fahrgestelle mit 294 kW (400 PS) Leistung.<\/p>\n<p>ngg_shortcode_1_placeholderDer Funkrufname von unserem neuen LKW lautet \u201eWolnzach 36\/1\u201c und mit ihm werden verschiedene Abrollbeh\u00e4lter (z. B. AB-Logistik oder AB-Wasser) transportiert. Somit k\u00f6nnen wir zuk\u00fcnftig noch besser und flexibler auf die jeweiligen Einsatzgeschehnisse reagieren.<\/p>\n<p>ngg_shortcode_2_placeholderBedingt durch die Corona-Pandemie konnte die Einweisung der Maschinisten nur einzeln durchgef\u00fchrt werden und dauerte somit erheblich l\u00e4nger, als urspr\u00fcnglich geplant. Hierf\u00fcr besonderen Dank an unsere Ausbilder, die folglich sehr viel Zeit aufwenden mussten.<\/p>\n<p>&nbsp;<\/p>\n<p>tk<\/p>\n","protected":false},"excerpt":{"rendered":"<p>07.07.2020 &#8211; Innerhalb der vier T\u00e4tigkeitsfelder der Feuerwehr &#8211; Retten, L\u00f6schen, Bergen, Sch\u00fctzen &#8211; werden wir immer wieder mit neuen und anspruchsvollen Aufgaben konfrontiert.<\/p>\n<p class=\"link-more\"><a class=\"read-more\" href=\"https:\/\/feuerwehr-wolnzach.de\/cms\/feuerwehr\/neuer-wechsellader-geht-in-dienst\/\">weiterlesen<\/a><\/p>\n","protected":false},"author":4,"featured_media":11593,"parent":2040,"menu_order":0,"comment_status":"closed","ping_status":"closed","template":"","meta":{"ngg_post_thumbnail":0,"footnotes":""},"class_list":["post-11581","page","type-page","status-publish","has-post-thumbnail","hentry"],"jetpack_shortlink":"https:\/\/wp.me\/P90SfJ-30N","jetpack_sharing_enabled":true,"_links":{"self":[{"href":"https:\/\/feuerwehr-wolnzach.de\/cms\/wp-json\/wp\/v2\/pages\/11581","targetHints":{"allow":["GET"]}}],"collection":[{"href":"https:\/\/feuerwehr-wolnzach.de\/cms\/wp-json\/wp\/v2\/pages"}],"about":[{"href":"https:\/\/feuerwehr-wolnzach.de\/cms\/wp-json\/wp\/v2\/types\/page"}],"author":[{"embeddable":true,"href":"https:\/\/feuerwehr-wolnzach.de\/cms\/wp-json\/wp\/v2\/users\/4"}],"replies":[{"embeddable":true,"href":"https:\/\/feuerwehr-wolnzach.de\/cms\/wp-json\/wp\/v2\/comments?post=11581"}],"version-history":[{"count":9,"href":"https:\/\/feuerwehr-wolnzach.de\/cms\/wp-json\/wp\/v2\/pages\/11581\/revisions"}],"predecessor-version":[{"id":11604,"href":"https:\/\/feuerwehr-wolnzach.de\/cms\/wp-json\/wp\/v2\/pages\/11581\/revisions\/11604"}],"up":[{"embeddable":true,"href":"https:\/\/feuerwehr-wolnzach.de\/cms\/wp-json\/wp\/v2\/pages\/2040"}],"wp:featuredmedia":[{"embeddable":true,"href":"https:\/\/feuerwehr-wolnzach.de\/cms\/wp-json\/wp\/v2\/media\/11593"}],"wp:attachment":[{"href":"https:\/\/feuerwehr-wolnzach.de\/cms\/wp-json\/wp\/v2\/media?parent=11581"}],"curies":[{"name":"wp","href":"https:\/\/api.w.org\/{rel}","templated":true}]}}