{"id":12148,"date":"2021-05-04T13:23:09","date_gmt":"2021-05-04T11:23:09","guid":{"rendered":"https:\/\/feuerwehr-wolnzach.de\/cms\/?page_id=12148"},"modified":"2021-05-04T13:28:41","modified_gmt":"2021-05-04T11:28:41","slug":"wechsellader-36-2","status":"publish","type":"page","link":"https:\/\/feuerwehr-wolnzach.de\/cms\/feuerwehr\/wechsellader-36-2\/","title":{"rendered":"Wechsellader 36\/2"},"content":{"rendered":"<p>04.05.2021 \u2013 Florian Wolnzach 36\/2 geht in Dienst.<\/p>\n<p>Planm\u00e4\u00dfig \u00fcbernimmt die Feuerwehr Wolnzach das Wechselladerfahrzeug des Landkreises Pfaffenhofen, welches bis dato bei der Werksfeuerwehr Airbus in Manching stationiert war. Bei der WF Airbus Manching wurde bereits ein weiters Fahrzeug inkl. Kran des Landkreises in Betrieb genommen.<\/p>\n<p>ngg_shortcode_0_placeholderIn Wolnzach wird das Fahrzeug aus Manching unseren \u00e4lteren Wechsellader (35\/1) ersetzten, welcher altersbedingt ausgemustert wird. Der Funkrufname unseres neuen Einsatzfahrzeuges lautet \u201eFlorian Wolnzach 36\/2\u201c. Durch die Stationierung des zweiten Fahrzeuges in Wolnzach ist ein weiterer Baustein des landkreisweiten Wechsellader-Konzeptes abgeschlossen.<\/p>\n<p>ngg_shortcode_1_placeholdertk<\/p>\n","protected":false},"excerpt":{"rendered":"<p>04.05.2021 \u2013 Florian Wolnzach 36\/2 geht in Dienst. Planm\u00e4\u00dfig \u00fcbernimmt die Feuerwehr Wolnzach das Wechselladerfahrzeug des Landkreises Pfaffenhofen, welches bis dato bei der Werksfeuerwehr<\/p>\n<p class=\"link-more\"><a class=\"read-more\" href=\"https:\/\/feuerwehr-wolnzach.de\/cms\/feuerwehr\/wechsellader-36-2\/\">weiterlesen<\/a><\/p>\n","protected":false},"author":4,"featured_media":12152,"parent":2040,"menu_order":0,"comment_status":"closed","ping_status":"closed","template":"","meta":{"ngg_post_thumbnail":0,"footnotes":""},"class_list":["post-12148","page","type-page","status-publish","has-post-thumbnail","hentry"],"jetpack_shortlink":"https:\/\/wp.me\/P90SfJ-39W","jetpack_sharing_enabled":true,"_links":{"self":[{"href":"https:\/\/feuerwehr-wolnzach.de\/cms\/wp-json\/wp\/v2\/pages\/12148","targetHints":{"allow":["GET"]}}],"collection":[{"href":"https:\/\/feuerwehr-wolnzach.de\/cms\/wp-json\/wp\/v2\/pages"}],"about":[{"href":"https:\/\/feuerwehr-wolnzach.de\/cms\/wp-json\/wp\/v2\/types\/page"}],"author":[{"embeddable":true,"href":"https:\/\/feuerwehr-wolnzach.de\/cms\/wp-json\/wp\/v2\/users\/4"}],"replies":[{"embeddable":true,"href":"https:\/\/feuerwehr-wolnzach.de\/cms\/wp-json\/wp\/v2\/comments?post=12148"}],"version-history":[{"count":3,"href":"https:\/\/feuerwehr-wolnzach.de\/cms\/wp-json\/wp\/v2\/pages\/12148\/revisions"}],"predecessor-version":[{"id":12151,"href":"https:\/\/feuerwehr-wolnzach.de\/cms\/wp-json\/wp\/v2\/pages\/12148\/revisions\/12151"}],"up":[{"embeddable":true,"href":"https:\/\/feuerwehr-wolnzach.de\/cms\/wp-json\/wp\/v2\/pages\/2040"}],"wp:featuredmedia":[{"embeddable":true,"href":"https:\/\/feuerwehr-wolnzach.de\/cms\/wp-json\/wp\/v2\/media\/12152"}],"wp:attachment":[{"href":"https:\/\/feuerwehr-wolnzach.de\/cms\/wp-json\/wp\/v2\/media?parent=12148"}],"curies":[{"name":"wp","href":"https:\/\/api.w.org\/{rel}","templated":true}]}}