{"id":12182,"date":"2021-05-18T22:29:58","date_gmt":"2021-05-18T20:29:58","guid":{"rendered":"https:\/\/feuerwehr-wolnzach.de\/cms\/?page_id=12182"},"modified":"2021-05-18T22:32:31","modified_gmt":"2021-05-18T20:32:31","slug":"erfolgreiche-mta-puefung","status":"publish","type":"page","link":"https:\/\/feuerwehr-wolnzach.de\/cms\/feuerwehr\/erfolgreiche-mta-puefung\/","title":{"rendered":"Erfolgreiche MTA-P\u00fcfung"},"content":{"rendered":"<p>18.05.2021 &#8211; Nach fast sechs Wochen intensiver Vorbereitung in Theorie und Praxis konnten neun Feuerwehranw\u00e4rter aus der Wolnzacher Jugendfeuerwehr ihre MTA-Pr\u00fcfung erfolgreich ablegen. MTA steht f\u00fcr \u201eModulare Truppausbildung\u201c und entspricht der Grundausbildung f\u00fcr Floriansj\u00fcnger.<\/p>\n<p>Da einer der Teilnehmer bereits 18 Jahre alt ist, wurde er nach der Pr\u00fcfung direkt in die aktive Mannschaft \u00fcbernommen und kann ab sofort im Einsatzfall mit ausr\u00fccken.<\/p>\n<p>Gratulation an alle Pr\u00fcflinge und herzlichen Dank an die zahlreichen Ausbilder und Pr\u00fcfer.<\/p>\n<p>ngg_shortcode_0_placeholdertk<\/p>\n","protected":false},"excerpt":{"rendered":"<p>18.05.2021 &#8211; Nach fast sechs Wochen intensiver Vorbereitung in Theorie und Praxis konnten neun Feuerwehranw\u00e4rter aus der Wolnzacher Jugendfeuerwehr ihre MTA-Pr\u00fcfung erfolgreich ablegen. MTA<\/p>\n<p class=\"link-more\"><a class=\"read-more\" href=\"https:\/\/feuerwehr-wolnzach.de\/cms\/feuerwehr\/erfolgreiche-mta-puefung\/\">weiterlesen<\/a><\/p>\n","protected":false},"author":4,"featured_media":12185,"parent":2040,"menu_order":0,"comment_status":"closed","ping_status":"closed","template":"","meta":{"ngg_post_thumbnail":0,"footnotes":""},"class_list":["post-12182","page","type-page","status-publish","has-post-thumbnail","hentry"],"jetpack_shortlink":"https:\/\/wp.me\/P90SfJ-3au","jetpack_sharing_enabled":true,"_links":{"self":[{"href":"https:\/\/feuerwehr-wolnzach.de\/cms\/wp-json\/wp\/v2\/pages\/12182","targetHints":{"allow":["GET"]}}],"collection":[{"href":"https:\/\/feuerwehr-wolnzach.de\/cms\/wp-json\/wp\/v2\/pages"}],"about":[{"href":"https:\/\/feuerwehr-wolnzach.de\/cms\/wp-json\/wp\/v2\/types\/page"}],"author":[{"embeddable":true,"href":"https:\/\/feuerwehr-wolnzach.de\/cms\/wp-json\/wp\/v2\/users\/4"}],"replies":[{"embeddable":true,"href":"https:\/\/feuerwehr-wolnzach.de\/cms\/wp-json\/wp\/v2\/comments?post=12182"}],"version-history":[{"count":3,"href":"https:\/\/feuerwehr-wolnzach.de\/cms\/wp-json\/wp\/v2\/pages\/12182\/revisions"}],"predecessor-version":[{"id":12186,"href":"https:\/\/feuerwehr-wolnzach.de\/cms\/wp-json\/wp\/v2\/pages\/12182\/revisions\/12186"}],"up":[{"embeddable":true,"href":"https:\/\/feuerwehr-wolnzach.de\/cms\/wp-json\/wp\/v2\/pages\/2040"}],"wp:featuredmedia":[{"embeddable":true,"href":"https:\/\/feuerwehr-wolnzach.de\/cms\/wp-json\/wp\/v2\/media\/12185"}],"wp:attachment":[{"href":"https:\/\/feuerwehr-wolnzach.de\/cms\/wp-json\/wp\/v2\/media?parent=12182"}],"curies":[{"name":"wp","href":"https:\/\/api.w.org\/{rel}","templated":true}]}}