{"id":12489,"date":"2021-09-14T17:31:46","date_gmt":"2021-09-14T15:31:46","guid":{"rendered":"https:\/\/feuerwehr-wolnzach.de\/cms\/?page_id=12489"},"modified":"2021-10-18T07:59:25","modified_gmt":"2021-10-18T05:59:25","slug":"fahrzeugweihe","status":"publish","type":"page","link":"https:\/\/feuerwehr-wolnzach.de\/cms\/feuerwehr\/fahrzeugweihe\/","title":{"rendered":"Fahrzeugweihe"},"content":{"rendered":"<p>14.09.2021 &#8211; Seit einigen Jahren wird im Landkreis Pfaffenhofen immer mehr das Wechsellader-Konzept in den Feuerwehren umgesetzt. So wurde in der Freiwilligen Feuerwehr Wolnzach im Juli letzten Jahres ein zweiter Wechsellader (Funkrufname 36\/1) beschafft. Im Mai dieses Jahrs kam dann im Austausch zu unserem \u00e4lteren Lastwagen noch ein weiteres Fahrzeug vom Landkreis hinzu. (Funkrufname 36\/2). Da letztes Jahr pandemiebedingt keine Fahrzeugweihe stattfinden konnte, erhielten am vergangenen Samstag gleich beide Fahrzeuge ihren Segen.<\/p>\n<p>Neben zahlreichen aktiven Feuerwehrfrauen und -m\u00e4nnern waren noch Mitglieder der alten Garde, 1. B\u00fcrgermeister Jens Machold, 3. B\u00fcrgermeister und Feuerwehrreferent Werner Hammerschmid, stellvertretender Sachgebietsleiter f\u00fcr Brand- und Katastrophenschutz Matthias Krenauer, Kreisbrandinspektor Christian Nitschke und Pfarrer Maximilian Roeb zu Gast.<\/p>\n<p>Kommandant Georg Mirlach er\u00f6ffnete mit ein paar Worten den Festakt. Dabei bedankte er sich sowohl bei seiner Mannschaft als auch bei der Gemeindeverwaltung. Er lies nicht unerw\u00e4hnt, dass er damals, als der erste gebrauchte Wechsellader angeschafft wurde, in seiner Funktion als stellvertretender Kommandant noch gegen ein solches Fahrzeug war. Heute ist ihm aber klar, dass der damals eingeschlagene Weg der richtige gewesen ist. Schon in vielen Situationen konnten die Wehr bedarfsgerecht die ben\u00f6tigten Abrollbeh\u00e4lter zu Eins\u00e4tzen bringen.<\/p>\n<p>Danach durfte B\u00fcrgermeister Machold an das Mikrofon. Auch er war voller Lob f\u00fcr die geleistete Arbeit der Feuerwehren und nannte hier beispielhaft zwei gr\u00f6\u00dfere Ereignisse der letzten Wochen. Erst die Hochwassersituation in Wolnzach und dann das durch eine Explosion eingest\u00fcrzte Wohnhaus in Rohrbach. Bei dieser Gelegenheit durfte er auch den Dank vom Rohrbacher B\u00fcrgermeister \u00fcbermitteln. Die Zusammenarbeit und der Austausch mit den Nachbargemeinden und auch mit den Ortsteilen funktioniert sehr gut. Er w\u00fcnschte mit den Fahrzeugen allzeit gute Fahrt.<\/p>\n<p>Im Anschluss durfte auch noch KBI Christian Nitschke stellvertretend f\u00fcr die Kreisbrandinspektion zu den Anwesenden sprechen. Er stellte fest, dass sich das landkreisweite Konzept mit Wechselladerfahrzeugen bew\u00e4hrt hat. Obwohl auch er, wie damals Kommandant Mirlach, zu Beginn eher skeptisch war. Er erw\u00e4hnte noch, dass die ersten Freiwilligen Feuerwehren 1860 gegr\u00fcndet wurden und der freiwillige Dienst in einer solchen Wehr gelebte N\u00e4chstenliebe sei. Stolz ist er auf die Feuerwehren im Landkreis und heute ganz besonders auf die Wolnzacher Wehr und bedankte sich herzlich f\u00fcr das Engagement.<\/p>\n<p>Nun konnte endlich Pfarrer Roeb zu dem kommen, weswegen sich ja alle versammelt haben. Nach seinen F\u00fcrbitten f\u00fcr die Kameradinnen und Kameraden als auch f\u00fcr die anderen Blaulichtorganisationen wie THW, Rettungsdienst und Polizei, erhielten die Fahrzeuge Ihre Segnung. Damit auch wirklich das n\u00f6tige Gl\u00fcck immer an Bord ist, \u00fcberreichte Pfarrer Roeb noch zwei Christopherus-Anh\u00e4nger f\u00fcr die Fahrzeugschl\u00fcssel.<\/p>\n<p>Zum Abschluss bedankte sich Georg Mirlach noch ganz besonders bei der Marktkapelle Wolnzach f\u00fcr die musikalische Untermalung. Die Blasmusik wurde von allen schon sehr lange vermisst.<\/p>\n<p>ngg_shortcode_0_placeholdertk<\/p>\n","protected":false},"excerpt":{"rendered":"<p>14.09.2021 &#8211; Seit einigen Jahren wird im Landkreis Pfaffenhofen immer mehr das Wechsellader-Konzept in den Feuerwehren umgesetzt. So wurde in der Freiwilligen Feuerwehr Wolnzach<\/p>\n<p class=\"link-more\"><a class=\"read-more\" href=\"https:\/\/feuerwehr-wolnzach.de\/cms\/feuerwehr\/fahrzeugweihe\/\">weiterlesen<\/a><\/p>\n","protected":false},"author":4,"featured_media":12497,"parent":2040,"menu_order":0,"comment_status":"closed","ping_status":"closed","template":"","meta":{"ngg_post_thumbnail":0,"footnotes":""},"class_list":["post-12489","page","type-page","status-publish","has-post-thumbnail","hentry"],"jetpack_shortlink":"https:\/\/wp.me\/P90SfJ-3fr","jetpack_sharing_enabled":true,"_links":{"self":[{"href":"https:\/\/feuerwehr-wolnzach.de\/cms\/wp-json\/wp\/v2\/pages\/12489","targetHints":{"allow":["GET"]}}],"collection":[{"href":"https:\/\/feuerwehr-wolnzach.de\/cms\/wp-json\/wp\/v2\/pages"}],"about":[{"href":"https:\/\/feuerwehr-wolnzach.de\/cms\/wp-json\/wp\/v2\/types\/page"}],"author":[{"embeddable":true,"href":"https:\/\/feuerwehr-wolnzach.de\/cms\/wp-json\/wp\/v2\/users\/4"}],"replies":[{"embeddable":true,"href":"https:\/\/feuerwehr-wolnzach.de\/cms\/wp-json\/wp\/v2\/comments?post=12489"}],"version-history":[{"count":8,"href":"https:\/\/feuerwehr-wolnzach.de\/cms\/wp-json\/wp\/v2\/pages\/12489\/revisions"}],"predecessor-version":[{"id":12502,"href":"https:\/\/feuerwehr-wolnzach.de\/cms\/wp-json\/wp\/v2\/pages\/12489\/revisions\/12502"}],"up":[{"embeddable":true,"href":"https:\/\/feuerwehr-wolnzach.de\/cms\/wp-json\/wp\/v2\/pages\/2040"}],"wp:featuredmedia":[{"embeddable":true,"href":"https:\/\/feuerwehr-wolnzach.de\/cms\/wp-json\/wp\/v2\/media\/12497"}],"wp:attachment":[{"href":"https:\/\/feuerwehr-wolnzach.de\/cms\/wp-json\/wp\/v2\/media?parent=12489"}],"curies":[{"name":"wp","href":"https:\/\/api.w.org\/{rel}","templated":true}]}}