{"id":12591,"date":"2021-11-22T17:22:50","date_gmt":"2021-11-22T16:22:50","guid":{"rendered":"https:\/\/feuerwehr-wolnzach.de\/cms\/?page_id=12591"},"modified":"2021-11-22T17:25:30","modified_gmt":"2021-11-22T16:25:30","slug":"truppfuehrer-ausbildung","status":"publish","type":"page","link":"https:\/\/feuerwehr-wolnzach.de\/cms\/feuerwehr\/truppfuehrer-ausbildung\/","title":{"rendered":"Truppf\u00fchrer-Ausbildung"},"content":{"rendered":"<p>22.11.2021 &#8211; Im Oktober startete die Freiwillige Feuerwehr Wolnzach den Abschluss-Lehrgang der Feuerwehrgrundausbildung. Nach bestandener Pr\u00fcfung erh\u00e4lt man die Truppf\u00fchrer-Qualifikation. Sie ist die Voraussetzung f\u00fcr alle weiterf\u00fchrenden Lehrg\u00e4nge innerhalb der Feuerwehr. Erfreulicherweise waren neben den Feuerwehrlern aus Wolnzach auch Teilnehmer aus dem Ortsteilen Burgstall und Niederlauterbach mit dabei.<\/p>\n<p>Ge\u00fcbt wurde f\u00fcnf Wochen lang jeweils Montag, Mittwoch und Samstag. Dabei wurden Themen wie z. B. Wasserentnahme, Leitern, Personenrettung, Erkundung, Brandeins\u00e4tze und Technische Hilfeleistungen sowohl in Theorie als auch praktisch wiederholt und vertieft.<\/p>\n<p>Am Samstag, den 20.11.2021, stand dann die Pr\u00fcfung an. In knapp vier Stunden mussten die neun Pr\u00fcflinge ihre Kenntnisse und Fertigkeiten in den verschiedenen Disziplinen unter Beweis stellen. Der 1. B\u00fcrgermeister Machold und der 3. B\u00fcrgermeister Hammerschmid nutzen die Gelegenheit, sich von den guten Leistungen pers\u00f6nlich vor Ort zu \u00fcberzeugen. Wie erwartet, konnten alle Teilnehmer die gestellten Aufgaben meistern und erhielten im Anschluss ihre Urkunde zur bestandenen Pr\u00fcfung.<\/p>\n<p>Zum Abschluss gab es noch vom 1. B\u00fcrgermeister Machold, 1. Kommandant Mirlach und dem Leiter der Truppausbildung, Kevin Laukant, dankende Worte sowohl an die flei\u00dfigen Teilnehmer als auch an die Ausbilder und Helfer, die den Lehrgang erm\u00f6glicht haben.<\/p>\n<p>ngg_shortcode_0_placeholdertk<\/p>\n","protected":false},"excerpt":{"rendered":"<p>22.11.2021 &#8211; Im Oktober startete die Freiwillige Feuerwehr Wolnzach den Abschluss-Lehrgang der Feuerwehrgrundausbildung. Nach bestandener Pr\u00fcfung erh\u00e4lt man die Truppf\u00fchrer-Qualifikation. Sie ist die Voraussetzung<\/p>\n<p class=\"link-more\"><a class=\"read-more\" href=\"https:\/\/feuerwehr-wolnzach.de\/cms\/feuerwehr\/truppfuehrer-ausbildung\/\">weiterlesen<\/a><\/p>\n","protected":false},"author":4,"featured_media":12598,"parent":2040,"menu_order":0,"comment_status":"closed","ping_status":"closed","template":"","meta":{"ngg_post_thumbnail":0,"footnotes":""},"class_list":["post-12591","page","type-page","status-publish","has-post-thumbnail","hentry"],"jetpack_shortlink":"https:\/\/wp.me\/P90SfJ-3h5","jetpack_sharing_enabled":true,"_links":{"self":[{"href":"https:\/\/feuerwehr-wolnzach.de\/cms\/wp-json\/wp\/v2\/pages\/12591","targetHints":{"allow":["GET"]}}],"collection":[{"href":"https:\/\/feuerwehr-wolnzach.de\/cms\/wp-json\/wp\/v2\/pages"}],"about":[{"href":"https:\/\/feuerwehr-wolnzach.de\/cms\/wp-json\/wp\/v2\/types\/page"}],"author":[{"embeddable":true,"href":"https:\/\/feuerwehr-wolnzach.de\/cms\/wp-json\/wp\/v2\/users\/4"}],"replies":[{"embeddable":true,"href":"https:\/\/feuerwehr-wolnzach.de\/cms\/wp-json\/wp\/v2\/comments?post=12591"}],"version-history":[{"count":4,"href":"https:\/\/feuerwehr-wolnzach.de\/cms\/wp-json\/wp\/v2\/pages\/12591\/revisions"}],"predecessor-version":[{"id":12597,"href":"https:\/\/feuerwehr-wolnzach.de\/cms\/wp-json\/wp\/v2\/pages\/12591\/revisions\/12597"}],"up":[{"embeddable":true,"href":"https:\/\/feuerwehr-wolnzach.de\/cms\/wp-json\/wp\/v2\/pages\/2040"}],"wp:featuredmedia":[{"embeddable":true,"href":"https:\/\/feuerwehr-wolnzach.de\/cms\/wp-json\/wp\/v2\/media\/12598"}],"wp:attachment":[{"href":"https:\/\/feuerwehr-wolnzach.de\/cms\/wp-json\/wp\/v2\/media?parent=12591"}],"curies":[{"name":"wp","href":"https:\/\/api.w.org\/{rel}","templated":true}]}}