{"id":12687,"date":"2022-02-08T11:22:52","date_gmt":"2022-02-08T10:22:52","guid":{"rendered":"https:\/\/feuerwehr-wolnzach.de\/cms\/?page_id=12687"},"modified":"2022-02-08T11:37:42","modified_gmt":"2022-02-08T10:37:42","slug":"jahresbericht-2021","status":"publish","type":"page","link":"https:\/\/feuerwehr-wolnzach.de\/cms\/feuerwehr\/jahresberichte\/jahresbericht-2021\/","title":{"rendered":"Jahresbericht 2021"},"content":{"rendered":"<p>04.02.2022 &#8211; Unser Jahresbericht f\u00fcr 2021 ist fertig! 48 Seiten zum Nachlesen und St\u00f6bern. Wir w\u00fcnschen viel Spa\u00df!<\/p>\n<p><img loading=\"lazy\" decoding=\"async\" class=\"alignnone size-medium wp-image-12684\" src=\"https:\/\/feuerwehr-wolnzach.de\/cms\/wp-content\/uploads\/2022\/02\/JB2021-213x300.png\" alt=\"\" width=\"213\" height=\"300\" srcset=\"https:\/\/feuerwehr-wolnzach.de\/cms\/wp-content\/uploads\/2022\/02\/JB2021-213x300.png 213w, https:\/\/feuerwehr-wolnzach.de\/cms\/wp-content\/uploads\/2022\/02\/JB2021-727x1024.png 727w, https:\/\/feuerwehr-wolnzach.de\/cms\/wp-content\/uploads\/2022\/02\/JB2021-768x1082.png 768w, https:\/\/feuerwehr-wolnzach.de\/cms\/wp-content\/uploads\/2022\/02\/JB2021.png 1012w\" sizes=\"auto, (max-width: 213px) 100vw, 213px\" \/><\/p>\n<p><a href=\"https:\/\/feuerwehr-wolnzach.de\/cms\/feuerwehr\/jahresberichte\/\">https:\/\/feuerwehr-wolnzach.de\/cms\/feuerwehr\/jahresberichte\/<\/a><\/p>\n<p>&nbsp;<\/p>\n","protected":false},"excerpt":{"rendered":"<p>04.02.2022 &#8211; Unser Jahresbericht f\u00fcr 2021 ist fertig! 48 Seiten zum Nachlesen und St\u00f6bern. Wir w\u00fcnschen viel Spa\u00df! https:\/\/feuerwehr-wolnzach.de\/cms\/feuerwehr\/jahresberichte\/ &nbsp;<\/p>\n","protected":false},"author":4,"featured_media":12693,"parent":2070,"menu_order":0,"comment_status":"closed","ping_status":"closed","template":"","meta":{"ngg_post_thumbnail":0,"footnotes":""},"class_list":["post-12687","page","type-page","status-publish","has-post-thumbnail","hentry"],"jetpack_shortlink":"https:\/\/wp.me\/P90SfJ-3iD","jetpack_sharing_enabled":true,"_links":{"self":[{"href":"https:\/\/feuerwehr-wolnzach.de\/cms\/wp-json\/wp\/v2\/pages\/12687","targetHints":{"allow":["GET"]}}],"collection":[{"href":"https:\/\/feuerwehr-wolnzach.de\/cms\/wp-json\/wp\/v2\/pages"}],"about":[{"href":"https:\/\/feuerwehr-wolnzach.de\/cms\/wp-json\/wp\/v2\/types\/page"}],"author":[{"embeddable":true,"href":"https:\/\/feuerwehr-wolnzach.de\/cms\/wp-json\/wp\/v2\/users\/4"}],"replies":[{"embeddable":true,"href":"https:\/\/feuerwehr-wolnzach.de\/cms\/wp-json\/wp\/v2\/comments?post=12687"}],"version-history":[{"count":5,"href":"https:\/\/feuerwehr-wolnzach.de\/cms\/wp-json\/wp\/v2\/pages\/12687\/revisions"}],"predecessor-version":[{"id":12697,"href":"https:\/\/feuerwehr-wolnzach.de\/cms\/wp-json\/wp\/v2\/pages\/12687\/revisions\/12697"}],"up":[{"embeddable":true,"href":"https:\/\/feuerwehr-wolnzach.de\/cms\/wp-json\/wp\/v2\/pages\/2070"}],"wp:featuredmedia":[{"embeddable":true,"href":"https:\/\/feuerwehr-wolnzach.de\/cms\/wp-json\/wp\/v2\/media\/12693"}],"wp:attachment":[{"href":"https:\/\/feuerwehr-wolnzach.de\/cms\/wp-json\/wp\/v2\/media?parent=12687"}],"curies":[{"name":"wp","href":"https:\/\/api.w.org\/{rel}","templated":true}]}}