{"id":13052,"date":"2022-06-22T15:21:42","date_gmt":"2022-06-22T13:21:42","guid":{"rendered":"https:\/\/feuerwehr-wolnzach.de\/cms\/?page_id=13052"},"modified":"2022-06-22T15:30:05","modified_gmt":"2022-06-22T13:30:05","slug":"steckerlfisch-grillen","status":"publish","type":"page","link":"https:\/\/feuerwehr-wolnzach.de\/cms\/verein\/steckerlfisch-grillen\/","title":{"rendered":"Steckerlfisch-Grillen"},"content":{"rendered":"<p>09.10.2021 &#8211; Leider mussten aufgrund der bekannten Situation die \u00fcblicherweise sehr gut besuchten Vereinsaktivit\u00e4ten wie z. B. Sonnwendfeier, Maibaumaufstellen und gemeinsame Volksfestbesuche vollst\u00e4ndig ausfallen. Damit zumindest ein kleiner Ausgleich stattfinden konnte, wurde f\u00fcr den Herbst ein Steckerlfisch-Grillen vorbereitet, wie es bereits in der Vergangenheit auch schon stattgefunden hatte.<\/p>\n<p>Geplant war ein Angebot zur Abholung von bestellten Fischen, dieses umfasste sowohl Makrelen vom Steckerlfisch-Grill als auch in hei\u00dfger\u00e4ucherter Ausf\u00fchrung aus dem R\u00e4ucherschrank. Als Beilage gab es gro\u00dfe Brezen. Die Vorbestellungen von ca. 100 Fischen lie\u00dfen bereits vorab auf einen gro\u00dfen Zuspruch f\u00fcr die Grillaktion schlie\u00dfen. Deshalb wurden auch drei unterschiedliche Abholzeiten um 11:00, 12:00 und 12:45 Uhr organisiert, um die erforderliche Anzahl bew\u00e4ltigen zu k\u00f6nnen. Die Umsetzung fand am Samstag, den 09.10.2021, im Freien hinter dem Feuerwehrger\u00e4tehaus statt.<\/p>\n<p>Bereits am Abend des Vortages wurden die Fische geputzt und in einer Salzlake f\u00fcr die richtige W\u00fcrzung \u00fcber Nacht eingelegt. Au\u00dferdem wurden der Steckerlfisch-Grill als auch zwei R\u00e4ucher\u00f6fen, sowie das notwendige Zubeh\u00f6r wie Grillkohlen, Brennholz und sonstige Ausstattung vorbereitet.<\/p>\n<p>Der Samstag wartete dann mit bestem Grillwetter und strahlendem Sonnenschein auf. Bereits fr\u00fch ging es los mit dem endg\u00fcltigen Vorbereiten und Aufspie\u00dfen bzw. Aufh\u00e4ngen der Fische f\u00fcr den Grill und die R\u00e4ucher\u00f6fen, sowie der Kohle- und Holzfeuer.<\/p>\n<p>R\u00fcckblickend kann man sagen, dass sich die sehr gute Organisation, der Aufwand aller Beteiligten und nicht zuletzt das Expertenwissen unseres Fischerk\u00f6nigs mehr als gelohnt hat. Alle Beteiligten, egal ob Mitwirkende oder Abholer, waren restlos begeistert von den schmackhaften Fischen und dem gesamten Angebot. Auch die Fische aus dem R\u00e4ucherschrank, die wir so in der Art zum ersten Mal zubereitet hatten, sind \u00fcberaus gut gelungen. Einer Wiederholung in der Zukunft steht somit nichts entgegen.<\/p>\n<p>Einige wenige, \u00fcbrig gebliebene, bzw. im Vorfeld daf\u00fcr reservierte Fische wurden zum Abschluss des Tages noch auf Brathering-Art f\u00fcr den Verzehr in den kommenden Tagen mit Essigsud, Zwiebeln und Gew\u00fcrzen eingelegt. Auch diese konnten geschmacklich vollkommen \u00fcberzeugen.<\/p>\n<p>Wir bedanken uns hier nochmal ausdr\u00fccklich bei allen flei\u00dfigen Helfern sowie denjenigen, die das Angebot genutzt haben und freuen uns bereits auf eine hoffentlich baldige Wiederholung.<\/p>\n<p>ngg_shortcode_0_placeholdersb<\/p>\n","protected":false},"excerpt":{"rendered":"<p>09.10.2021 &#8211; Leider mussten aufgrund der bekannten Situation die \u00fcblicherweise sehr gut besuchten Vereinsaktivit\u00e4ten wie z. B. Sonnwendfeier, Maibaumaufstellen und gemeinsame Volksfestbesuche vollst\u00e4ndig ausfallen.<\/p>\n<p class=\"link-more\"><a class=\"read-more\" href=\"https:\/\/feuerwehr-wolnzach.de\/cms\/verein\/steckerlfisch-grillen\/\">weiterlesen<\/a><\/p>\n","protected":false},"author":4,"featured_media":13053,"parent":2058,"menu_order":0,"comment_status":"closed","ping_status":"closed","template":"","meta":{"ngg_post_thumbnail":0,"footnotes":""},"class_list":["post-13052","page","type-page","status-publish","has-post-thumbnail","hentry"],"jetpack_shortlink":"https:\/\/wp.me\/P90SfJ-3ow","jetpack_sharing_enabled":true,"_links":{"self":[{"href":"https:\/\/feuerwehr-wolnzach.de\/cms\/wp-json\/wp\/v2\/pages\/13052","targetHints":{"allow":["GET"]}}],"collection":[{"href":"https:\/\/feuerwehr-wolnzach.de\/cms\/wp-json\/wp\/v2\/pages"}],"about":[{"href":"https:\/\/feuerwehr-wolnzach.de\/cms\/wp-json\/wp\/v2\/types\/page"}],"author":[{"embeddable":true,"href":"https:\/\/feuerwehr-wolnzach.de\/cms\/wp-json\/wp\/v2\/users\/4"}],"replies":[{"embeddable":true,"href":"https:\/\/feuerwehr-wolnzach.de\/cms\/wp-json\/wp\/v2\/comments?post=13052"}],"version-history":[{"count":3,"href":"https:\/\/feuerwehr-wolnzach.de\/cms\/wp-json\/wp\/v2\/pages\/13052\/revisions"}],"predecessor-version":[{"id":13057,"href":"https:\/\/feuerwehr-wolnzach.de\/cms\/wp-json\/wp\/v2\/pages\/13052\/revisions\/13057"}],"up":[{"embeddable":true,"href":"https:\/\/feuerwehr-wolnzach.de\/cms\/wp-json\/wp\/v2\/pages\/2058"}],"wp:featuredmedia":[{"embeddable":true,"href":"https:\/\/feuerwehr-wolnzach.de\/cms\/wp-json\/wp\/v2\/media\/13053"}],"wp:attachment":[{"href":"https:\/\/feuerwehr-wolnzach.de\/cms\/wp-json\/wp\/v2\/media?parent=13052"}],"curies":[{"name":"wp","href":"https:\/\/api.w.org\/{rel}","templated":true}]}}