{"id":13058,"date":"2022-06-22T15:32:28","date_gmt":"2022-06-22T13:32:28","guid":{"rendered":"https:\/\/feuerwehr-wolnzach.de\/cms\/?page_id=13058"},"modified":"2022-06-22T15:37:53","modified_gmt":"2022-06-22T13:37:53","slug":"winterzauber","status":"publish","type":"page","link":"https:\/\/feuerwehr-wolnzach.de\/cms\/verein\/winterzauber\/","title":{"rendered":"Winterzauber"},"content":{"rendered":"<p>11.12.2021 &#8211; Der 2. Corana-Winter hatte leider wieder zur Folge, dass unsere Nikolausfeier wie im Vorjahr abgesagt werden musste.<\/p>\n<p>Zum Wohle von uns, unseren Familien und zur Aufrechterhaltung der Einsatzbereitschaft, war dies die einzig vern\u00fcnftige Entscheidung. Nat\u00fcrlich ist uns diese Ma\u00dfnahme nicht leichtgefallen, da bereits im Jahresverlauf kaum<\/p>\n<p>Vereins-Aktivit\u00e4ten stattfinden konnten.<\/p>\n<p>Im letzten Jahr hatten wir f\u00fcr die aktiven Feuerwehrlerinnen und Feuerwehrler ein Badetuch als kleines Geschenk verteilt. Eine \u00e4hnliche Geste wollten wir auch zur Weihnachtszeit 2021 umsetzen. Die Idee mit einem kleinen<\/p>\n<p>Drive-In-Christkindlmarkt mit frisch gebackenen Champignons war geboren. Die guten Erfahrungen mit der Abholaktion beim Steckerlfisch-Grillen spielten hier nat\u00fcrlich eine gro\u00dfe Rolle.<\/p>\n<p>Erstmal musste gepr\u00fcft werden, ob dies mit unseren internen Coronaregelungen \u00fcberhaupt durchf\u00fchrbar ist. Es wurde ein Konzept erarbeitet und dann gemeinsam mit den Kommandanten entschieden, dass wir diese vorweihnachtliche \u00dcberraschung umsetzen k\u00f6nnen.<\/p>\n<p>Es waren rasch gen\u00fcgend flei\u00dfige Helfer und Helferinnen gefunden, die sich um Eieraufschlagen, Panierstra\u00dfe aufbauen und Champignons putzen k\u00fcmmerten.<\/p>\n<p>Die ersten Pilze brutzelten im hei\u00dfen \u00d6l, das frisch getoastete Brot roch verf\u00fchrerisch und die selbstgemachte Remoulade gl\u00e4nzte im Schein der Lichterketten. Das war der Startschuss f\u00fcr die ersten hungrigen Feuerwehrler die bereits in ihren Autos am \u00dcbungshof standen. Die mitgebrachten T\u00f6pfe oder Thermoboxen wanderten durch das Beifahrerfenster und gelangten gut bef\u00fcllt umgehenden wieder zur\u00fcck. In der gut zwei Stunden dauernden Aktion wurde etwa 90 Portionen Schwammerl zubereitet.<\/p>\n<p>Als Letztes musste noch flei\u00dfig Geschirr gesp\u00fclt werden, um die Spuren des Tages zu beseitigen.<\/p>\n<p>In den folgenden Tagen gab es noch viel Lob f\u00fcr den kleinen Winterzauber und die leckeren Champignons.<\/p>\n<p>Daher m\u00f6chten wir uns noch bei allen bedanken, die mitgeholfen haben, diese kleine Advents\u00fcberraschung m\u00f6glich zu machen.<\/p>\n<p>ngg_shortcode_0_placeholderus<\/p>\n","protected":false},"excerpt":{"rendered":"<p>11.12.2021 &#8211; Der 2. Corana-Winter hatte leider wieder zur Folge, dass unsere Nikolausfeier wie im Vorjahr abgesagt werden musste. Zum Wohle von uns, unseren<\/p>\n<p class=\"link-more\"><a class=\"read-more\" href=\"https:\/\/feuerwehr-wolnzach.de\/cms\/verein\/winterzauber\/\">weiterlesen<\/a><\/p>\n","protected":false},"author":4,"featured_media":13062,"parent":2058,"menu_order":0,"comment_status":"closed","ping_status":"closed","template":"","meta":{"ngg_post_thumbnail":0,"footnotes":""},"class_list":["post-13058","page","type-page","status-publish","has-post-thumbnail","hentry"],"jetpack_shortlink":"https:\/\/wp.me\/P90SfJ-3oC","jetpack_sharing_enabled":true,"_links":{"self":[{"href":"https:\/\/feuerwehr-wolnzach.de\/cms\/wp-json\/wp\/v2\/pages\/13058","targetHints":{"allow":["GET"]}}],"collection":[{"href":"https:\/\/feuerwehr-wolnzach.de\/cms\/wp-json\/wp\/v2\/pages"}],"about":[{"href":"https:\/\/feuerwehr-wolnzach.de\/cms\/wp-json\/wp\/v2\/types\/page"}],"author":[{"embeddable":true,"href":"https:\/\/feuerwehr-wolnzach.de\/cms\/wp-json\/wp\/v2\/users\/4"}],"replies":[{"embeddable":true,"href":"https:\/\/feuerwehr-wolnzach.de\/cms\/wp-json\/wp\/v2\/comments?post=13058"}],"version-history":[{"count":4,"href":"https:\/\/feuerwehr-wolnzach.de\/cms\/wp-json\/wp\/v2\/pages\/13058\/revisions"}],"predecessor-version":[{"id":13061,"href":"https:\/\/feuerwehr-wolnzach.de\/cms\/wp-json\/wp\/v2\/pages\/13058\/revisions\/13061"}],"up":[{"embeddable":true,"href":"https:\/\/feuerwehr-wolnzach.de\/cms\/wp-json\/wp\/v2\/pages\/2058"}],"wp:featuredmedia":[{"embeddable":true,"href":"https:\/\/feuerwehr-wolnzach.de\/cms\/wp-json\/wp\/v2\/media\/13062"}],"wp:attachment":[{"href":"https:\/\/feuerwehr-wolnzach.de\/cms\/wp-json\/wp\/v2\/media?parent=13058"}],"curies":[{"name":"wp","href":"https:\/\/api.w.org\/{rel}","templated":true}]}}