{"id":13190,"date":"2022-09-16T15:38:16","date_gmt":"2022-09-16T13:38:16","guid":{"rendered":"https:\/\/feuerwehr-wolnzach.de\/cms\/?page_id=13190"},"modified":"2022-09-16T20:59:49","modified_gmt":"2022-09-16T18:59:49","slug":"ferienprogramm","status":"publish","type":"page","link":"https:\/\/feuerwehr-wolnzach.de\/cms\/feuerwehr\/ferienprogramm\/","title":{"rendered":"Ferienprogramm"},"content":{"rendered":"<p>26.08.2022 \u2013 Endlich konnte nach zwei Jahren Pause wieder ein Ferienprogramm im Feuerwehr-Ger\u00e4tehaus stattfinden.<\/p>\n<p>Schnell waren die 20 freien Pl\u00e4tze auf der Homepage der Gemeinde Wolnzach ausgebucht. Und so ging es f\u00fcr die M\u00e4dchen und Junges ab 14 Uhr gleich richtig los. An insgesamt sechs verschiedenen Stationen gab es viel Interessantes zu sehen und nat\u00fcrlich gab es immer ausreichend Gelegenheit, selber aktiv mitzumachen. Ob beim Retten einer Kuh, Spritzen mit einem richtigen Strahlrohr, Bedienen des hydraulischen Spreizers oder beim Ausrollen der Schl\u00e4uche.<\/p>\n<p>Am Ende der Veranstaltung wurde sowohl den Kindern als auch den Eltern noch eindrucksvoll gezeigt, warum man niemals brennendes Fett mit Wasser l\u00f6schen darf.<\/p>\n<p>So ging ein kurzweiliger Nachmittag, sowohl f\u00fcr unsere G\u00e4ste als auch f\u00fcr die Helfer, schnell zu Ende und alle hatten viel Spa\u00df. Wir freuen uns schon auf das n\u00e4chste Jahr!<\/p>\n<p>ngg_shortcode_0_placeholdertk<\/p>\n","protected":false},"excerpt":{"rendered":"<p>26.08.2022 \u2013 Endlich konnte nach zwei Jahren Pause wieder ein Ferienprogramm im Feuerwehr-Ger\u00e4tehaus stattfinden. Schnell waren die 20 freien Pl\u00e4tze auf der Homepage der<\/p>\n<p class=\"link-more\"><a class=\"read-more\" href=\"https:\/\/feuerwehr-wolnzach.de\/cms\/feuerwehr\/ferienprogramm\/\">weiterlesen<\/a><\/p>\n","protected":false},"author":4,"featured_media":13191,"parent":2040,"menu_order":0,"comment_status":"closed","ping_status":"closed","template":"","meta":{"ngg_post_thumbnail":0,"footnotes":""},"class_list":["post-13190","page","type-page","status-publish","has-post-thumbnail","hentry"],"jetpack_shortlink":"https:\/\/wp.me\/P90SfJ-3qK","jetpack_sharing_enabled":true,"_links":{"self":[{"href":"https:\/\/feuerwehr-wolnzach.de\/cms\/wp-json\/wp\/v2\/pages\/13190","targetHints":{"allow":["GET"]}}],"collection":[{"href":"https:\/\/feuerwehr-wolnzach.de\/cms\/wp-json\/wp\/v2\/pages"}],"about":[{"href":"https:\/\/feuerwehr-wolnzach.de\/cms\/wp-json\/wp\/v2\/types\/page"}],"author":[{"embeddable":true,"href":"https:\/\/feuerwehr-wolnzach.de\/cms\/wp-json\/wp\/v2\/users\/4"}],"replies":[{"embeddable":true,"href":"https:\/\/feuerwehr-wolnzach.de\/cms\/wp-json\/wp\/v2\/comments?post=13190"}],"version-history":[{"count":7,"href":"https:\/\/feuerwehr-wolnzach.de\/cms\/wp-json\/wp\/v2\/pages\/13190\/revisions"}],"predecessor-version":[{"id":13220,"href":"https:\/\/feuerwehr-wolnzach.de\/cms\/wp-json\/wp\/v2\/pages\/13190\/revisions\/13220"}],"up":[{"embeddable":true,"href":"https:\/\/feuerwehr-wolnzach.de\/cms\/wp-json\/wp\/v2\/pages\/2040"}],"wp:featuredmedia":[{"embeddable":true,"href":"https:\/\/feuerwehr-wolnzach.de\/cms\/wp-json\/wp\/v2\/media\/13191"}],"wp:attachment":[{"href":"https:\/\/feuerwehr-wolnzach.de\/cms\/wp-json\/wp\/v2\/media?parent=13190"}],"curies":[{"name":"wp","href":"https:\/\/api.w.org\/{rel}","templated":true}]}}