{"id":13248,"date":"2022-09-28T18:12:50","date_gmt":"2022-09-28T16:12:50","guid":{"rendered":"https:\/\/feuerwehr-wolnzach.de\/cms\/?page_id=13248"},"modified":"2022-10-03T17:57:01","modified_gmt":"2022-10-03T15:57:01","slug":"vier-saugschlaeuche","status":"publish","type":"page","link":"https:\/\/feuerwehr-wolnzach.de\/cms\/feuerwehr\/vier-saugschlaeuche\/","title":{"rendered":"&#8222;Vier Saugschl\u00e4uche!&#8220;"},"content":{"rendered":"<p>23.09.2022 \u2013 Nachdem im Juli bereits die Leistungspr\u00fcfung f\u00fcr die Technische Hilfeleistung erfolgreich absolviert wurde, stand diesmal das Thema \u201eDie Gruppe im L\u00f6scheinsatz\u201c auf dem Plan. Vier Wochen lang trafen sie die Teilnehmer um sowohl den L\u00f6schaufbau als auch das Saugschlauch kuppeln intensiv zu \u00fcben.<\/p>\n<p>In zwei Gruppen wurde die Abnahme unter den kritischen und geschulten Augen der Schiedsrichter durchgef\u00fchrt. Und wie auch schon im Juli konnten beide Gruppen innerhalb der erlaubten Zeit ihre Aufgaben souver\u00e4n meistern. Folglich bekamen alle ihre erste bzw. n\u00e4chst h\u00f6here Anstecknadel.<\/p>\n<p>Herzlichen Dank an die Teilnehmer, Ausbilder, Schiedsrichter und Ger\u00e4tewarte. Und vor allem an die K\u00fcchen-Crew, welche f\u00fcr das leibliche Wohl nach der Pr\u00fcfung sorgte!<\/p>\n<p>&nbsp;<\/p>\n<p>tk<\/p>\n","protected":false},"excerpt":{"rendered":"<p>23.09.2022 \u2013 Nachdem im Juli bereits die Leistungspr\u00fcfung f\u00fcr die Technische Hilfeleistung erfolgreich absolviert wurde, stand diesmal das Thema \u201eDie Gruppe im L\u00f6scheinsatz\u201c auf<\/p>\n<p class=\"link-more\"><a class=\"read-more\" href=\"https:\/\/feuerwehr-wolnzach.de\/cms\/feuerwehr\/vier-saugschlaeuche\/\">weiterlesen<\/a><\/p>\n","protected":false},"author":4,"featured_media":13249,"parent":2040,"menu_order":0,"comment_status":"closed","ping_status":"closed","template":"","meta":{"ngg_post_thumbnail":0,"footnotes":""},"class_list":["post-13248","page","type-page","status-publish","has-post-thumbnail","hentry"],"jetpack_shortlink":"https:\/\/wp.me\/P90SfJ-3rG","jetpack_sharing_enabled":true,"_links":{"self":[{"href":"https:\/\/feuerwehr-wolnzach.de\/cms\/wp-json\/wp\/v2\/pages\/13248","targetHints":{"allow":["GET"]}}],"collection":[{"href":"https:\/\/feuerwehr-wolnzach.de\/cms\/wp-json\/wp\/v2\/pages"}],"about":[{"href":"https:\/\/feuerwehr-wolnzach.de\/cms\/wp-json\/wp\/v2\/types\/page"}],"author":[{"embeddable":true,"href":"https:\/\/feuerwehr-wolnzach.de\/cms\/wp-json\/wp\/v2\/users\/4"}],"replies":[{"embeddable":true,"href":"https:\/\/feuerwehr-wolnzach.de\/cms\/wp-json\/wp\/v2\/comments?post=13248"}],"version-history":[{"count":4,"href":"https:\/\/feuerwehr-wolnzach.de\/cms\/wp-json\/wp\/v2\/pages\/13248\/revisions"}],"predecessor-version":[{"id":13272,"href":"https:\/\/feuerwehr-wolnzach.de\/cms\/wp-json\/wp\/v2\/pages\/13248\/revisions\/13272"}],"up":[{"embeddable":true,"href":"https:\/\/feuerwehr-wolnzach.de\/cms\/wp-json\/wp\/v2\/pages\/2040"}],"wp:featuredmedia":[{"embeddable":true,"href":"https:\/\/feuerwehr-wolnzach.de\/cms\/wp-json\/wp\/v2\/media\/13249"}],"wp:attachment":[{"href":"https:\/\/feuerwehr-wolnzach.de\/cms\/wp-json\/wp\/v2\/media?parent=13248"}],"curies":[{"name":"wp","href":"https:\/\/api.w.org\/{rel}","templated":true}]}}