{"id":13290,"date":"2022-10-19T14:59:05","date_gmt":"2022-10-19T12:59:05","guid":{"rendered":"https:\/\/feuerwehr-wolnzach.de\/cms\/?page_id=13290"},"modified":"2022-10-19T15:04:23","modified_gmt":"2022-10-19T13:04:23","slug":"uebung-lange-schlauchstrecke","status":"publish","type":"page","link":"https:\/\/feuerwehr-wolnzach.de\/cms\/feuerwehr\/uebung-lange-schlauchstrecke\/","title":{"rendered":"\u00dcbung &#8211; Lange Schlauchstrecke"},"content":{"rendered":"<p>15.10.2022 &#8211; In unserem Einsatzgebiet gibt es einige H\u00f6fe, welche im Falle eines Brandes keine ausreichende Wasserversorgung vor Ort haben. In solchen F\u00e4llen ben\u00f6tigt man Lange Schlauchstrecken, um das Wasser von einer Wasserentnahmestelle bis zum Einsatzort zu f\u00f6rdern. Damit dann L\u00f6schmittel in ausreichender Menge zur Verf\u00fcgung steht, m\u00fcssen in verschiedenen Abst\u00e4nden immer wieder Feuerwehrpumpen zwischengeschaltet werden. Dabei ist neben der L\u00e4nge der Strecke auch die Steigung bzw. das Gef\u00e4lle zu ber\u00fccksichtigen.<\/p>\n<p>Um den theoretischen Streckenaufbau zu pr\u00fcfen und auch zu \u00dcbungszwecken, bauten wir am Samstag wieder einmal eine solche Lange Schlauchstrecke auf und kontrollierten an deren Ende mit einem digitalen Durchflussmesser sowohl den Druck als auch die Menge des ankommenden Wassers. Ebenso kam erstmals unser neu angeschaffter Schlauchwagen f\u00fcr 600 Meter Schlauch zum Einsatz. Immerhin mussten in diesem Fall \u00fcber 1,1 km mit knapp 40 H\u00f6henmetern \u00fcberwunden werden. Dazu ben\u00f6tigten wir 2 Feuerwehrpumpen und 57 B-Schl\u00e4uche.<\/p>\n<p>&nbsp;<\/p>\n<p>ngg_shortcode_0_placeholder-tk-<\/p>\n","protected":false},"excerpt":{"rendered":"<p>15.10.2022 &#8211; In unserem Einsatzgebiet gibt es einige H\u00f6fe, welche im Falle eines Brandes keine ausreichende Wasserversorgung vor Ort haben. In solchen F\u00e4llen ben\u00f6tigt<\/p>\n<p class=\"link-more\"><a class=\"read-more\" href=\"https:\/\/feuerwehr-wolnzach.de\/cms\/feuerwehr\/uebung-lange-schlauchstrecke\/\">weiterlesen<\/a><\/p>\n","protected":false},"author":4,"featured_media":13291,"parent":2040,"menu_order":0,"comment_status":"closed","ping_status":"closed","template":"","meta":{"ngg_post_thumbnail":0,"footnotes":""},"class_list":["post-13290","page","type-page","status-publish","has-post-thumbnail","hentry"],"jetpack_shortlink":"https:\/\/wp.me\/P90SfJ-3sm","jetpack_sharing_enabled":true,"_links":{"self":[{"href":"https:\/\/feuerwehr-wolnzach.de\/cms\/wp-json\/wp\/v2\/pages\/13290","targetHints":{"allow":["GET"]}}],"collection":[{"href":"https:\/\/feuerwehr-wolnzach.de\/cms\/wp-json\/wp\/v2\/pages"}],"about":[{"href":"https:\/\/feuerwehr-wolnzach.de\/cms\/wp-json\/wp\/v2\/types\/page"}],"author":[{"embeddable":true,"href":"https:\/\/feuerwehr-wolnzach.de\/cms\/wp-json\/wp\/v2\/users\/4"}],"replies":[{"embeddable":true,"href":"https:\/\/feuerwehr-wolnzach.de\/cms\/wp-json\/wp\/v2\/comments?post=13290"}],"version-history":[{"count":4,"href":"https:\/\/feuerwehr-wolnzach.de\/cms\/wp-json\/wp\/v2\/pages\/13290\/revisions"}],"predecessor-version":[{"id":13296,"href":"https:\/\/feuerwehr-wolnzach.de\/cms\/wp-json\/wp\/v2\/pages\/13290\/revisions\/13296"}],"up":[{"embeddable":true,"href":"https:\/\/feuerwehr-wolnzach.de\/cms\/wp-json\/wp\/v2\/pages\/2040"}],"wp:featuredmedia":[{"embeddable":true,"href":"https:\/\/feuerwehr-wolnzach.de\/cms\/wp-json\/wp\/v2\/media\/13291"}],"wp:attachment":[{"href":"https:\/\/feuerwehr-wolnzach.de\/cms\/wp-json\/wp\/v2\/media?parent=13290"}],"curies":[{"name":"wp","href":"https:\/\/api.w.org\/{rel}","templated":true}]}}