{"id":13578,"date":"2023-01-20T12:32:04","date_gmt":"2023-01-20T11:32:04","guid":{"rendered":"https:\/\/feuerwehr-wolnzach.de\/cms\/?page_id=13578"},"modified":"2023-01-20T12:43:30","modified_gmt":"2023-01-20T11:43:30","slug":"vatertagsausflug_2022","status":"publish","type":"page","link":"https:\/\/feuerwehr-wolnzach.de\/cms\/verein\/vatertagsausflug_2022\/","title":{"rendered":"Vatertagsausflug"},"content":{"rendered":"<p>26.05.2022 &#8211; Unser letzte Vatertagsausflug fand 2019 statt. Das damalige Ziel Augsburg hatte uns angeregt, wieder eine Stadt als Ziel f\u00fcr den Feiertagstrip auszuw\u00e4hlen. Die Wahl fiel auf die Isarmetropole Landshut. Nach der zweij\u00e4hrigen coronabedingten Pause trafen sich am Donnerstagmorgen 14 gutgelaunte V\u00e4ter &#8211; und solche die es evtl. noch werden wollen.<\/p>\n<p>P\u00fcnktlich um 9 Uhr bestiegen wir die beiden Kleinbusse und starteten in Richtung der niederbayrischen Regierungshauptstadt. Nach etwa 45 Minuten Fahrt erreichten wir unser erstes Tagesziel, die Ergoldinger Stuben. Hier hatte unser Reiseleiter Thomas Kerndl Tische reserviert und uns f\u00fcr einen Wei\u00dfwurstfr\u00fchschoppen angemeldet.<\/p>\n<p>Gut gest\u00e4rkt bestiegen wir mittags wieder unseren fahrbaren Untersatz und machten uns auf den Weg Richtung Innenstadt. Hier wartete bereits Hans, der gebuchte Stadtf\u00fchrer auf uns. In den folgenden zwei Stunden erfuhren wir viele interessante Fakten \u00fcber die 75.000 Einwohner z\u00e4hlende Ansiedlung. Wir schlenderten durch die Altstadt, deren Stadtbild mit viele<span style=\"color: #000000;\">n Baudenkm\u00e4lern der Gotik und Ren<a style=\"color: #000000;\" href=\"https:\/\/de.wikipedia.org\/wiki\/Architektur_der_Renaissance\">aissance<\/a> eine<\/span> gro\u00dfe kulturhistorische Bedeutung aufweist. Dies wird durch eine vor einigen Jahren erfolgten Nominierung als Weltkulturerbe unterstrichen.<\/p>\n<p>Den Kopf in den Nacken legen hie\u00df es, um auf die Uhr der Martinskirche blicken zu k\u00f6nnen. Wir erfuhren, dass das Gotteshaus Ber\u00fchmtheit erlangte, da ihr der l\u00e4ngste Kirchturm aus Backstein angebaut ist. Stolze 130,1 Meter lassen dieses gotische Baukunstwerk zum \u201eWeltmeister\u201c werden. Unweit des Landshuter Wahrzeichens liegt das historische Rathaus. Besonders beeindruckt waren wir hier vom Prunksaal mit der geschnitzten Holzdecke und dem Umlaufgem\u00e4lde der Landshuter Hochzeit.<\/p>\n<p>Unser Stadtf\u00fchrer erweiterte unseren Geschichtshorizont, als er sehr ausf\u00fchrlich die Rahmenbedingungen und die politischen Verstrickungen der Verm\u00e4hlung von Georg dem Reichen mit der polnischen Prinzessin Hedwig, ausf\u00fchrte.<\/p>\n<p>Gedanklich zwar noch im Jahre 1475 versp\u00fcrten wir dennoch ein gegenw\u00e4rtiges leichtes Hungergef\u00fchl. In einer Nebenstra\u00dfe fanden wir eine gem\u00fctliche Wirtschaft mit herrlichem Biergarten. Hier lie\u00dfen wir uns Schweinsbraten und Schnitzel schmecken, bevor wir nach einem Verdauungsspaziergang \u00fcber Altstadtallee \u201eNeustadt\u201c unsere letzte Station des Tages erreichten. Auf der M\u00fchleninsel fand der Ausflug seinen geselligen Ausklang. Im, von der rechtsseitigen Isar und der linksseitigen Kleinen Isa<a href=\"https:\/\/de.wikipedia.org\/wiki\/Kleine_Isar_(Landshut)\">r<\/a> umschlungenen, Insel Biergarten konnten wir die vielen Eindr\u00fccke des Tages noch einmal Revue passieren lassen. Gemeinsam mit der untergehenden Sonne genossen wir zum Abschluss ein letztes Mal die sch\u00f6ne Aussicht auf die Skyline der Landshuter Altstadt.<\/p>\n<p>In der Abendd\u00e4mmerung chauffierten uns unsere zwei Fahrer sicher zur\u00fcck nach Wolnzach, wo der gelungene Ausflug gegen 21 Uhr am Spritzenhaus dann auch endete.<\/p>\n<p>ngg_shortcode_0_placeholderus<\/p>\n","protected":false},"excerpt":{"rendered":"<p>26.05.2022 &#8211; Unser letzte Vatertagsausflug fand 2019 statt. Das damalige Ziel Augsburg hatte uns angeregt, wieder eine Stadt als Ziel f\u00fcr den Feiertagstrip auszuw\u00e4hlen.<\/p>\n<p class=\"link-more\"><a class=\"read-more\" href=\"https:\/\/feuerwehr-wolnzach.de\/cms\/verein\/vatertagsausflug_2022\/\">weiterlesen<\/a><\/p>\n","protected":false},"author":4,"featured_media":13579,"parent":2058,"menu_order":0,"comment_status":"closed","ping_status":"closed","template":"","meta":{"ngg_post_thumbnail":0,"footnotes":""},"class_list":["post-13578","page","type-page","status-publish","has-post-thumbnail","hentry"],"jetpack_shortlink":"https:\/\/wp.me\/P90SfJ-3x0","jetpack_sharing_enabled":true,"_links":{"self":[{"href":"https:\/\/feuerwehr-wolnzach.de\/cms\/wp-json\/wp\/v2\/pages\/13578","targetHints":{"allow":["GET"]}}],"collection":[{"href":"https:\/\/feuerwehr-wolnzach.de\/cms\/wp-json\/wp\/v2\/pages"}],"about":[{"href":"https:\/\/feuerwehr-wolnzach.de\/cms\/wp-json\/wp\/v2\/types\/page"}],"author":[{"embeddable":true,"href":"https:\/\/feuerwehr-wolnzach.de\/cms\/wp-json\/wp\/v2\/users\/4"}],"replies":[{"embeddable":true,"href":"https:\/\/feuerwehr-wolnzach.de\/cms\/wp-json\/wp\/v2\/comments?post=13578"}],"version-history":[{"count":7,"href":"https:\/\/feuerwehr-wolnzach.de\/cms\/wp-json\/wp\/v2\/pages\/13578\/revisions"}],"predecessor-version":[{"id":13581,"href":"https:\/\/feuerwehr-wolnzach.de\/cms\/wp-json\/wp\/v2\/pages\/13578\/revisions\/13581"}],"up":[{"embeddable":true,"href":"https:\/\/feuerwehr-wolnzach.de\/cms\/wp-json\/wp\/v2\/pages\/2058"}],"wp:featuredmedia":[{"embeddable":true,"href":"https:\/\/feuerwehr-wolnzach.de\/cms\/wp-json\/wp\/v2\/media\/13579"}],"wp:attachment":[{"href":"https:\/\/feuerwehr-wolnzach.de\/cms\/wp-json\/wp\/v2\/media?parent=13578"}],"curies":[{"name":"wp","href":"https:\/\/api.w.org\/{rel}","templated":true}]}}