{"id":13831,"date":"2023-05-12T13:45:40","date_gmt":"2023-05-12T11:45:40","guid":{"rendered":"https:\/\/feuerwehr-wolnzach.de\/cms\/?page_id=13831"},"modified":"2023-05-12T13:47:59","modified_gmt":"2023-05-12T11:47:59","slug":"gemeinschaftsuebung-in-niederlauterbach","status":"publish","type":"page","link":"https:\/\/feuerwehr-wolnzach.de\/cms\/feuerwehr\/gemeinschaftsuebung-in-niederlauterbach\/","title":{"rendered":"Gemeinschafts\u00fcbung in Niederlauterbach"},"content":{"rendered":"<p>29.04.2023 \u2013 Gro\u00df\u00fcbung in Niederlauterbach<\/p>\n<p>Auf Initiative von unserem neuen Kreisbrandmeister Christian Duna, wurde f\u00fcr einen Samstag eine gro\u00dfe Brand-\u00dcbung geplant. Tatkr\u00e4ftige Unterst\u00fctzung erhielt er vom 2. Kommandant aus Niederlauterbach, Thomas Hadler.<\/p>\n<p>Unter den Augen von zahlreichen Zuschauern zeigte sich f\u00fcr die anr\u00fcckenden Einsatzkr\u00e4fte folgendes Szenario: In einer Schreinerei ist ein Feuer ausgebrochen und es wurden mehrere Personen vermisst. Da das Geb\u00e4ude relativ gro\u00df war und drei Stockwerke abzusuchen waren, wurden gleich mehrere Trupps unter Atemschutz von zwei Zug\u00e4ngen aus in das Geb\u00e4ude geschickt. Zus\u00e4tzlich wurde die Drehleiter mit Wenderohr in Stellung gebracht.<\/p>\n<p>Z\u00fcgig konnten alle Personen gefunden und der Brandherd lokalisiert werden.<\/p>\n<p>In der Nachbesprechung zeigte sich KBM Christian Duna sehr zufrieden mit der Leistung. Besonders die reibungslose Zusammenarbeit unter den Feuerwehren als auch die organisatorische Unterst\u00fctzung durch die F\u00fchrungsassistenten waren hervorzuheben.<\/p>\n<p>Teilgenommen haben Niederlauterbach, Oberlauterbach und Rottenegg mit jeweils einem Fahrzeug sowie Wolnzach mit drei Fahrzeugen. Insgesamt waren ca. 50 Einsatzkr\u00e4fte an der \u00dcbung beteiligt.<\/p>\n<p>ngg_shortcode_0_placeholder-tk-<\/p>\n","protected":false},"excerpt":{"rendered":"<p>29.04.2023 \u2013 Gro\u00df\u00fcbung in Niederlauterbach Auf Initiative von unserem neuen Kreisbrandmeister Christian Duna, wurde f\u00fcr einen Samstag eine gro\u00dfe Brand-\u00dcbung geplant. Tatkr\u00e4ftige Unterst\u00fctzung erhielt<\/p>\n<p class=\"link-more\"><a class=\"read-more\" href=\"https:\/\/feuerwehr-wolnzach.de\/cms\/feuerwehr\/gemeinschaftsuebung-in-niederlauterbach\/\">weiterlesen<\/a><\/p>\n","protected":false},"author":4,"featured_media":13835,"parent":2040,"menu_order":0,"comment_status":"closed","ping_status":"closed","template":"","meta":{"ngg_post_thumbnail":0,"footnotes":""},"class_list":["post-13831","page","type-page","status-publish","has-post-thumbnail","hentry"],"jetpack_shortlink":"https:\/\/wp.me\/P90SfJ-3B5","jetpack_sharing_enabled":true,"_links":{"self":[{"href":"https:\/\/feuerwehr-wolnzach.de\/cms\/wp-json\/wp\/v2\/pages\/13831","targetHints":{"allow":["GET"]}}],"collection":[{"href":"https:\/\/feuerwehr-wolnzach.de\/cms\/wp-json\/wp\/v2\/pages"}],"about":[{"href":"https:\/\/feuerwehr-wolnzach.de\/cms\/wp-json\/wp\/v2\/types\/page"}],"author":[{"embeddable":true,"href":"https:\/\/feuerwehr-wolnzach.de\/cms\/wp-json\/wp\/v2\/users\/4"}],"replies":[{"embeddable":true,"href":"https:\/\/feuerwehr-wolnzach.de\/cms\/wp-json\/wp\/v2\/comments?post=13831"}],"version-history":[{"count":3,"href":"https:\/\/feuerwehr-wolnzach.de\/cms\/wp-json\/wp\/v2\/pages\/13831\/revisions"}],"predecessor-version":[{"id":13834,"href":"https:\/\/feuerwehr-wolnzach.de\/cms\/wp-json\/wp\/v2\/pages\/13831\/revisions\/13834"}],"up":[{"embeddable":true,"href":"https:\/\/feuerwehr-wolnzach.de\/cms\/wp-json\/wp\/v2\/pages\/2040"}],"wp:featuredmedia":[{"embeddable":true,"href":"https:\/\/feuerwehr-wolnzach.de\/cms\/wp-json\/wp\/v2\/media\/13835"}],"wp:attachment":[{"href":"https:\/\/feuerwehr-wolnzach.de\/cms\/wp-json\/wp\/v2\/media?parent=13831"}],"curies":[{"name":"wp","href":"https:\/\/api.w.org\/{rel}","templated":true}]}}