{"id":13961,"date":"2023-07-19T10:54:30","date_gmt":"2023-07-19T08:54:30","guid":{"rendered":"https:\/\/feuerwehr-wolnzach.de\/cms\/?page_id=13961"},"modified":"2023-07-19T10:55:04","modified_gmt":"2023-07-19T08:55:04","slug":"ehrenamt-macht-schule","status":"publish","type":"page","link":"https:\/\/feuerwehr-wolnzach.de\/cms\/feuerwehr\/ehrenamt-macht-schule\/","title":{"rendered":"Ehrenamt macht Schule"},"content":{"rendered":"<p>18.07.2023 \u2013 Ehrenamt macht Schule<\/p>\n<p>Das Landratsamt Pfaffenhofen unterst\u00fctzt seit einigen Jahren das Projekt \u201eEhrenamt macht Schule\u201c. Hier werden Sch\u00fclerinnen und Sch\u00fcler ausgezeichnet, welche sich in einem Verein oder einer gemeinn\u00fctzigen Einrichtung ehrenamtlich engagieren.<\/p>\n<p>Am Dienstag wurden unter anderem Lilly Heilmann und Sophie Karger von der Wolnzacher Jugendfeuerwehr mit dem Ehrenamtszeugnis geehrt. Beim Festakt im gro\u00dfen Sitzungssaal wurden die Urkunden vom Landrat Alber G\u00fcrtner und dem 1. B\u00fcrgermeister von Geisenfeld, Paul Weber, \u00fcbergeben. Begleitet wurden unsere zwei angehenden Feuerwehrfrauen vom zuk\u00fcnftigen Jugendwart Florian Sch\u00f6nhaber.<\/p>\n<p>Herzlichen Gl\u00fcckwunsch auch von der Feuerwehr Wolnzach. Wir sind stolz auf euch und macht weiter so!<\/p>\n<p>ngg_shortcode_0_placeholder-tk-<\/p>\n","protected":false},"excerpt":{"rendered":"<p>18.07.2023 \u2013 Ehrenamt macht Schule Das Landratsamt Pfaffenhofen unterst\u00fctzt seit einigen Jahren das Projekt \u201eEhrenamt macht Schule\u201c. Hier werden Sch\u00fclerinnen und Sch\u00fcler ausgezeichnet, welche<\/p>\n<p class=\"link-more\"><a class=\"read-more\" href=\"https:\/\/feuerwehr-wolnzach.de\/cms\/feuerwehr\/ehrenamt-macht-schule\/\">weiterlesen<\/a><\/p>\n","protected":false},"author":4,"featured_media":13962,"parent":2040,"menu_order":0,"comment_status":"closed","ping_status":"closed","template":"","meta":{"ngg_post_thumbnail":0,"footnotes":""},"class_list":["post-13961","page","type-page","status-publish","has-post-thumbnail","hentry"],"jetpack_shortlink":"https:\/\/wp.me\/P90SfJ-3Db","jetpack_sharing_enabled":true,"_links":{"self":[{"href":"https:\/\/feuerwehr-wolnzach.de\/cms\/wp-json\/wp\/v2\/pages\/13961","targetHints":{"allow":["GET"]}}],"collection":[{"href":"https:\/\/feuerwehr-wolnzach.de\/cms\/wp-json\/wp\/v2\/pages"}],"about":[{"href":"https:\/\/feuerwehr-wolnzach.de\/cms\/wp-json\/wp\/v2\/types\/page"}],"author":[{"embeddable":true,"href":"https:\/\/feuerwehr-wolnzach.de\/cms\/wp-json\/wp\/v2\/users\/4"}],"replies":[{"embeddable":true,"href":"https:\/\/feuerwehr-wolnzach.de\/cms\/wp-json\/wp\/v2\/comments?post=13961"}],"version-history":[{"count":3,"href":"https:\/\/feuerwehr-wolnzach.de\/cms\/wp-json\/wp\/v2\/pages\/13961\/revisions"}],"predecessor-version":[{"id":13965,"href":"https:\/\/feuerwehr-wolnzach.de\/cms\/wp-json\/wp\/v2\/pages\/13961\/revisions\/13965"}],"up":[{"embeddable":true,"href":"https:\/\/feuerwehr-wolnzach.de\/cms\/wp-json\/wp\/v2\/pages\/2040"}],"wp:featuredmedia":[{"embeddable":true,"href":"https:\/\/feuerwehr-wolnzach.de\/cms\/wp-json\/wp\/v2\/media\/13962"}],"wp:attachment":[{"href":"https:\/\/feuerwehr-wolnzach.de\/cms\/wp-json\/wp\/v2\/media?parent=13961"}],"curies":[{"name":"wp","href":"https:\/\/api.w.org\/{rel}","templated":true}]}}