{"id":14453,"date":"2024-01-06T19:14:26","date_gmt":"2024-01-06T18:14:26","guid":{"rendered":"https:\/\/feuerwehr-wolnzach.de\/cms\/?page_id=14453"},"modified":"2024-07-29T13:31:29","modified_gmt":"2024-07-29T11:31:29","slug":"es-geht-um-millimeter","status":"publish","type":"page","link":"https:\/\/feuerwehr-wolnzach.de\/cms\/verein\/es-geht-um-millimeter\/","title":{"rendered":"Es geht um Millimeter \u2026"},"content":{"rendered":"<div id=\"pl-14453\" class=\"panel-layout\">\n<div id=\"pg-14453-0\" class=\"panel-grid panel-no-style\">\n<div id=\"pgc-14453-0-0\" class=\"panel-grid-cell\" data-weight=\"1\">\n<div id=\"panel-14453-0-0-0\" class=\"so-panel widget widget_sow-editor panel-first-child panel-last-child\" data-index=\"0\" data-style=\"{&quot;background_image_attachment&quot;:false,&quot;background_display&quot;:&quot;tile&quot;,&quot;background_image_size&quot;:&quot;full&quot;,&quot;background_image_opacity&quot;:&quot;100&quot;,&quot;border_thickness&quot;:&quot;1px&quot;}\">\n<div class=\"so-widget-sow-editor so-widget-sow-editor-base\">\n<div class=\"siteorigin-widget-tinymce textwidget\">\n<p style=\"text-align: justify;\">25.08.2023 &#8211; Im Juli fand unser Festakt zum Jugendjubil\u00e4um statt. Da an dem gleichen Tag auch die Marktmeisterschaft im Stockschie\u00dfen abgehalten wurde, konnten wir nicht daran teilnehmen. Als kleiner Ausgleich wurde an einem Freitag im August eine Trainingseinheit \u201eStockschie\u00dfen\u201c eingeplant. Der 25. August wurde daf\u00fcr auserkoren. An dem Tag haben wir uns nachmittags am Ferienpass der Gemeinde mit dem \u201eTag bei der Feuerwehr\u201c beteiligt und wollten den Dienstsport als gem\u00fctlichen Ausklang f\u00fcr den Tag nutzen, da wir nicht nur eine Bahn und einen Coach reserviert, sondern auch eine Brotzeit bestellt hatten. Soweit die theoretische Planung. Bei der Feuerwehr sieht die zugeh\u00f6rige Realit\u00e4t oftmals anders aus und bringt den angedachten Tagesablauf durcheinander. Ein gutes Beispiel war dieser Freitag im August. Der Einsatz kurz nach Mitternacht war eigentlich schon wieder vergessen, als mittags die Vorbereitungen f\u00fcr den Ferienpass starten sollten. Diese wurde jedoch durch die Alarmierung zu einem Wohnhaus Brand in K\u00f6nigsfeld j\u00e4h unterbrochen. Dank etwas organisatorischem Geschick, Spontanit\u00e4t und Hilfsbereitschaft von Feuerwehrmitgliedern und deren Angeh\u00f6rigen konnte der Ferienpass dann doch noch stattfinden. Das Aufr\u00e4umen war beendet und es wurden schon, in Vorfreude schwelgend, erste Stockschie\u00df-Erfahrungen ausgetauscht, als uns der dritte Alarm des Tages aufhorchen lie\u00df. Ein brennender Radlader in H\u00fcll erforderte nun unsere ganze Aufmerksamkeit. Trotzdem klappte es, dass wir uns alle frisch geduscht, p\u00fcnktlich um 19:00 Uhr am Vereinsheim des SC Wolnzach einfanden. Nach einer kurzen, herzlichen Begr\u00fc\u00dfung wurden wir von unserem Betreuer Ludwig Federhofer mit dem n\u00f6tigen Sportger\u00e4t ausgestattet. Nach ein paar Diskussionen, welcher Stutzel passt zu wem und wer braucht eine schnelle Scheibe fanden wir uns schon auf der Kampfbahn wieder. Wir bewunderten erstmal \u201edie sch\u00f6nste Stocksporthalle Bayerns\u201c so zumindest kann man das Zitat der Stocksportchefin des Bezirks Oberbayern in der Chronik des Stockclubs nachlesen, bevor die ersten Sch\u00fcsse get\u00e4tigt wurden. Nach ein paar Bahnen zum Aufw\u00e4rmen bildeten wir zwei Mannschaften.<\/p>\n<p>&nbsp;<\/p>\n<p><img loading=\"lazy\" decoding=\"async\" class=\"aligncenter\" src=\"https:\/\/feuerwehr-wolnzach.de\/cms\/wp-content\/uploads\/2024\/01\/1.jpg\" alt=\"\" width=\"660\" height=\"370\"><\/p>\n<p>&nbsp;<\/p>\n<p style=\"font-weight: 400; text-align: justify;\"><span style=\"color: #000000;\">106 ist nicht etwa die gesammelte Punktzahl, sondern die Nummer des Einsatzes der unsere Trainingseinheit unterbrach. Da es sich nur um eine Unterst\u00fctzung durch den F\u00fcAss handelte, konnten wir nach der kurzen Zwangspause unser sportliches Duell um die besten Stock-Pl\u00e4tze nahe bei der Daube wieder fortf\u00fchren. Fast schon wie bei den alten Hasen wurden die Fachbegriffe durch die Halle gerufen, Plattenwechsel eingefordert, taktische \u00dcberlegungen angestellt und bei engen Entscheidungen das Ma\u00dfband gez\u00fcckt, denn es geht hier oftmals nur um Millimeter\u2026 &nbsp;<\/span><\/p>\n<p style=\"font-weight: 400; text-align: justify;\"><span style=\"color: #000000;\">Das Fazit des Abends lautet, Stockschie\u00dfen ist ein Pr\u00e4zisionssport, eine Sportart, die Technik, Kondition und Taktik in sich vereint und uns alle sehr begeistert hat.<\/span><\/p>\n<p>&nbsp;<\/p>\n<p><img loading=\"lazy\" decoding=\"async\" class=\"aligncenter\" src=\"https:\/\/feuerwehr-wolnzach.de\/cms\/wp-content\/uploads\/2024\/01\/2.jpg\" alt=\"\" width=\"660\" height=\"452\"><\/p>\n<p>&nbsp;<\/p>\n<p style=\"font-weight: 400; text-align: justify;\"><span style=\"color: #000000;\">Bei einer gem\u00fctlichen Runde und einer leckeren Brotzeit konnte wir noch den Geschichten \u00fcber die Entstehung des Stockclubheims an der Anton-Dost-Stra\u00dfe sowie der neuen Turnierhalle lauschen. Im Nachgang waren wir uns alle einig, dass wir diese Dienstsporteinheit auf alle F\u00e4lle wiederholen m\u00fcssen. Ein herzliches Dankesch\u00f6n geht auch noch an die Kammeraden vom Stockclub, die uns ein Rundum-Sorglos-Paket geschn\u00fcrt hatten.<\/span><\/p>\n<p style=\"font-weight: 400;\"><span style=\"color: #000000;\">-us-<\/span><\/p>\n<p>&nbsp;<\/p>\n<\/div>\n<\/div>\n<\/div>\n<\/div>\n<\/div>\n<\/div>\n","protected":false},"excerpt":{"rendered":"<p>25.08.2023 &#8211; Im Juli fand unser Festakt zum Jugendjubil\u00e4um statt. Da an dem gleichen Tag auch die Marktmeisterschaft im Stockschie\u00dfen abgehalten wurde, konnten wir<\/p>\n<p class=\"link-more\"><a class=\"read-more\" href=\"https:\/\/feuerwehr-wolnzach.de\/cms\/verein\/es-geht-um-millimeter\/\">weiterlesen<\/a><\/p>\n","protected":false},"author":2,"featured_media":14452,"parent":2058,"menu_order":0,"comment_status":"closed","ping_status":"closed","template":"","meta":{"ngg_post_thumbnail":0,"footnotes":""},"class_list":["post-14453","page","type-page","status-publish","has-post-thumbnail","hentry"],"jetpack_shortlink":"https:\/\/wp.me\/P90SfJ-3L7","jetpack_sharing_enabled":true,"_links":{"self":[{"href":"https:\/\/feuerwehr-wolnzach.de\/cms\/wp-json\/wp\/v2\/pages\/14453","targetHints":{"allow":["GET"]}}],"collection":[{"href":"https:\/\/feuerwehr-wolnzach.de\/cms\/wp-json\/wp\/v2\/pages"}],"about":[{"href":"https:\/\/feuerwehr-wolnzach.de\/cms\/wp-json\/wp\/v2\/types\/page"}],"author":[{"embeddable":true,"href":"https:\/\/feuerwehr-wolnzach.de\/cms\/wp-json\/wp\/v2\/users\/2"}],"replies":[{"embeddable":true,"href":"https:\/\/feuerwehr-wolnzach.de\/cms\/wp-json\/wp\/v2\/comments?post=14453"}],"version-history":[{"count":7,"href":"https:\/\/feuerwehr-wolnzach.de\/cms\/wp-json\/wp\/v2\/pages\/14453\/revisions"}],"predecessor-version":[{"id":14886,"href":"https:\/\/feuerwehr-wolnzach.de\/cms\/wp-json\/wp\/v2\/pages\/14453\/revisions\/14886"}],"up":[{"embeddable":true,"href":"https:\/\/feuerwehr-wolnzach.de\/cms\/wp-json\/wp\/v2\/pages\/2058"}],"wp:featuredmedia":[{"embeddable":true,"href":"https:\/\/feuerwehr-wolnzach.de\/cms\/wp-json\/wp\/v2\/media\/14452"}],"wp:attachment":[{"href":"https:\/\/feuerwehr-wolnzach.de\/cms\/wp-json\/wp\/v2\/media?parent=14453"}],"curies":[{"name":"wp","href":"https:\/\/api.w.org\/{rel}","templated":true}]}}