{"id":14538,"date":"2024-01-31T14:24:39","date_gmt":"2024-01-31T13:24:39","guid":{"rendered":"https:\/\/feuerwehr-wolnzach.de\/cms\/?page_id=14538"},"modified":"2024-01-31T14:35:11","modified_gmt":"2024-01-31T13:35:11","slug":"jahreshauptversammlung-2","status":"publish","type":"page","link":"https:\/\/feuerwehr-wolnzach.de\/cms\/feuerwehr\/jahreshauptversammlung-2\/","title":{"rendered":"Jahreshauptversammlung"},"content":{"rendered":"<p style=\"text-align: justify;\">26.01.2024 &#8211; Zur allj\u00e4hrlichen Jahreshauptversammlung hat am letzten Freitag im Januar die Feuerwehr Wolnzach geladen. Neben zahlreichen aktiven und passiven Mitgliedern, konnten auch Vertreter der Gemeinde, der Kreisbrandinspektion sowie der Presse begr\u00fc\u00dft werden.<\/p>\n<p style=\"text-align: justify;\">Es kamen folgende Redner zu Wort: 1. Vorstand Uli Schechinger, 1. B\u00fcrgermeister Jens Machold, Kreisbrandinspektor Roland M\u00fcller, Jugendwart Florian Sch\u00f6nhaber und 1. Kommandant Benedikt Schmid. Alle Redner waren sich einig, dass das Ehrenamt, und die Feuerwehr im Besonderen, eine wichtige St\u00fctze f\u00fcr die Sicherheit der Bev\u00f6lkerung darstellt und dies wurde mit einem herzlichen Dankesch\u00f6n belohnt.<br \/>\nHervorzuheben war sicher das 50-j\u00e4hrige Bestehen der Wolnzacher Jugendfeuerwehr. Die Jugend bleib die Zukunft der Feuerwehr und ist auch in diesem Jahr mit 4 M\u00e4dchen und 13 Jungs wieder stark besetzt.<\/p>\n<p style=\"text-align: justify;\">Zum Oberfeuerwehrmann wurden Simon Eberl, Matthias Huber, Michael Kersten, Stefan M\u00fcller und Florian Sch\u00f6nhaber bef\u00f6rdert. Zum Hauptfeuerwehrmann wurde Reinhard Muhr ernannt.<\/p>\n<p style=\"text-align: justify;\">In den aktiven Dienst wurden Florian Fuchs und Elias Schlauch \u00fcbernommen.<\/p>\n<p style=\"text-align: justify;\">Zudem wurde Julia Mirlach f\u00fcr ihre mittlerweile 10-j\u00e4hrige T\u00e4tigkeit in der Brandschutzerziehung geehrt.<\/p>\n<p style=\"text-align: justify;\">Weiter gab es folgende Ehrungen f\u00fcr langj\u00e4hrige Vereinszugeh\u00f6rigkeit.<br \/>\nFlorian Reith und Vinzenz Schmidpeter f\u00fcr 15 Jahre. Eduard Kastner, Peter M\u00fchlbauer, Dieter Rannertshauser und Martin Siebler f\u00fcr 30 Jahre. Peter Friedl, Alois Kellerer und Wilhelm Kellerer f\u00fcr 50 Jahre. Sowie G\u00fcnter Seifert f\u00fcr 60 Jahre.<\/p>\n<p>ngg_shortcode_0_placeholder<br \/>\ntk<\/p>\n","protected":false},"excerpt":{"rendered":"<p>26.01.2024 &#8211; Zur allj\u00e4hrlichen Jahreshauptversammlung hat am letzten Freitag im Januar die Feuerwehr Wolnzach geladen. Neben zahlreichen aktiven und passiven Mitgliedern, konnten auch Vertreter<\/p>\n<p class=\"link-more\"><a class=\"read-more\" href=\"https:\/\/feuerwehr-wolnzach.de\/cms\/feuerwehr\/jahreshauptversammlung-2\/\">weiterlesen<\/a><\/p>\n","protected":false},"author":4,"featured_media":14539,"parent":2040,"menu_order":0,"comment_status":"closed","ping_status":"closed","template":"","meta":{"ngg_post_thumbnail":0,"footnotes":""},"class_list":["post-14538","page","type-page","status-publish","has-post-thumbnail","hentry"],"jetpack_shortlink":"https:\/\/wp.me\/P90SfJ-3Mu","jetpack_sharing_enabled":true,"_links":{"self":[{"href":"https:\/\/feuerwehr-wolnzach.de\/cms\/wp-json\/wp\/v2\/pages\/14538","targetHints":{"allow":["GET"]}}],"collection":[{"href":"https:\/\/feuerwehr-wolnzach.de\/cms\/wp-json\/wp\/v2\/pages"}],"about":[{"href":"https:\/\/feuerwehr-wolnzach.de\/cms\/wp-json\/wp\/v2\/types\/page"}],"author":[{"embeddable":true,"href":"https:\/\/feuerwehr-wolnzach.de\/cms\/wp-json\/wp\/v2\/users\/4"}],"replies":[{"embeddable":true,"href":"https:\/\/feuerwehr-wolnzach.de\/cms\/wp-json\/wp\/v2\/comments?post=14538"}],"version-history":[{"count":3,"href":"https:\/\/feuerwehr-wolnzach.de\/cms\/wp-json\/wp\/v2\/pages\/14538\/revisions"}],"predecessor-version":[{"id":14545,"href":"https:\/\/feuerwehr-wolnzach.de\/cms\/wp-json\/wp\/v2\/pages\/14538\/revisions\/14545"}],"up":[{"embeddable":true,"href":"https:\/\/feuerwehr-wolnzach.de\/cms\/wp-json\/wp\/v2\/pages\/2040"}],"wp:featuredmedia":[{"embeddable":true,"href":"https:\/\/feuerwehr-wolnzach.de\/cms\/wp-json\/wp\/v2\/media\/14539"}],"wp:attachment":[{"href":"https:\/\/feuerwehr-wolnzach.de\/cms\/wp-json\/wp\/v2\/media?parent=14538"}],"curies":[{"name":"wp","href":"https:\/\/api.w.org\/{rel}","templated":true}]}}