{"id":14570,"date":"2024-02-19T17:25:58","date_gmt":"2024-02-19T16:25:58","guid":{"rendered":"https:\/\/feuerwehr-wolnzach.de\/cms\/?page_id=14570"},"modified":"2024-02-23T17:29:19","modified_gmt":"2024-02-23T16:29:19","slug":"fahrzeugsegnung-mtw","status":"publish","type":"page","link":"https:\/\/feuerwehr-wolnzach.de\/cms\/feuerwehr\/fahrzeugsegnung-mtw\/","title":{"rendered":"Fahrzeug-Segnung MTW"},"content":{"rendered":"<p>17.02.2024 \u2013 Am Samstagnachmittag hatte Pater Robert unseren neuen Mannschaftstransportwagen (MTW) mit den Funkrufnahmen 14\/1 den kirchlichen Segen gegeben. Zu diesem Anlass wurde die Fahrzeughalle im Feuerwehr-Ger\u00e4tehaus freiger\u00e4umt um Platz f\u00fcr die kleine Feier zu schaffen. <\/p>\n<p>Dieser neue MTW dient haupts\u00e4chlich zum Transport von Mannschaft und kleinerem Material. Und dies sowohl f\u00fcr den Einsatzfall als auch zu \u00dcbungszwecken. Zudem verf\u00fcgt das Fahrzeug \u00fcber eine Warntafel auf dem Dach und kann so als Vorwarner z. B. bei Eins\u00e4tzen auf der Autobahn f\u00fcr zus\u00e4tzliche Sicherheit sorgen. Besonders hervorzuheben ist die Tatsache, dass auch die Ortsteile, welche \u00fcber Atemschutz verf\u00fcgen, den MTW ebenfalls f\u00fcr Ausbildungen und die j\u00e4hrlichen Belastungs\u00fcbungen in Schweitenkirchen benutzen k\u00f6nnen.<\/p>\n<p>Die M\u00f6glichkeit, ein paar Worte zur Aktiven Mannschaft und Mitgliedern der Jugendfeuerwehr zu richten, nutzen neben Kommandant Benedikt Schmidt noch der 1. B\u00fcrgermeister Jens Machold und Kreisbrandrat Christian Nitschke. Als G\u00e4ste durften zus\u00e4tzlich noch der 2. B\u00fcrgermeister Josef Sch\u00e4ch, Kreisbrandinspektor Roland M\u00fcller, Kreisbrandmeister Christian Duna und der 1. Kommandant von Niederlauterbach, Roland Schleibinger, begr\u00fc\u00dft werden.<\/p>\n<p>ngg_shortcode_0_placeholder<br \/>\ntk<\/p>\n","protected":false},"excerpt":{"rendered":"<p>17.02.2024 \u2013 Am Samstagnachmittag hatte Pater Robert unseren neuen Mannschaftstransportwagen (MTW) mit den Funkrufnahmen 14\/1 den kirchlichen Segen gegeben. Zu diesem Anlass wurde die<\/p>\n<p class=\"link-more\"><a class=\"read-more\" href=\"https:\/\/feuerwehr-wolnzach.de\/cms\/feuerwehr\/fahrzeugsegnung-mtw\/\">weiterlesen<\/a><\/p>\n","protected":false},"author":4,"featured_media":14598,"parent":2040,"menu_order":0,"comment_status":"closed","ping_status":"closed","template":"","meta":{"ngg_post_thumbnail":0,"footnotes":""},"class_list":["post-14570","page","type-page","status-publish","has-post-thumbnail","hentry"],"jetpack_shortlink":"https:\/\/wp.me\/P90SfJ-3N0","jetpack_sharing_enabled":true,"_links":{"self":[{"href":"https:\/\/feuerwehr-wolnzach.de\/cms\/wp-json\/wp\/v2\/pages\/14570","targetHints":{"allow":["GET"]}}],"collection":[{"href":"https:\/\/feuerwehr-wolnzach.de\/cms\/wp-json\/wp\/v2\/pages"}],"about":[{"href":"https:\/\/feuerwehr-wolnzach.de\/cms\/wp-json\/wp\/v2\/types\/page"}],"author":[{"embeddable":true,"href":"https:\/\/feuerwehr-wolnzach.de\/cms\/wp-json\/wp\/v2\/users\/4"}],"replies":[{"embeddable":true,"href":"https:\/\/feuerwehr-wolnzach.de\/cms\/wp-json\/wp\/v2\/comments?post=14570"}],"version-history":[{"count":7,"href":"https:\/\/feuerwehr-wolnzach.de\/cms\/wp-json\/wp\/v2\/pages\/14570\/revisions"}],"predecessor-version":[{"id":14576,"href":"https:\/\/feuerwehr-wolnzach.de\/cms\/wp-json\/wp\/v2\/pages\/14570\/revisions\/14576"}],"up":[{"embeddable":true,"href":"https:\/\/feuerwehr-wolnzach.de\/cms\/wp-json\/wp\/v2\/pages\/2040"}],"wp:featuredmedia":[{"embeddable":true,"href":"https:\/\/feuerwehr-wolnzach.de\/cms\/wp-json\/wp\/v2\/media\/14598"}],"wp:attachment":[{"href":"https:\/\/feuerwehr-wolnzach.de\/cms\/wp-json\/wp\/v2\/media?parent=14570"}],"curies":[{"name":"wp","href":"https:\/\/api.w.org\/{rel}","templated":true}]}}