{"id":14876,"date":"2024-07-29T13:14:50","date_gmt":"2024-07-29T11:14:50","guid":{"rendered":"https:\/\/feuerwehr-wolnzach.de\/cms\/?page_id=14876"},"modified":"2024-07-29T13:47:28","modified_gmt":"2024-07-29T11:47:28","slug":"waldbranduebung","status":"publish","type":"page","link":"https:\/\/feuerwehr-wolnzach.de\/cms\/feuerwehr\/waldbranduebung\/","title":{"rendered":"Waldbrand\u00fcbung"},"content":{"rendered":"<p>26.07.2024 &#8211; Am Freitag gab es gemeinsam mit den Feuerwehren aus Eschelbach, Geroldshauen, Gosseltshausen und Larsbach eine gro\u00dfe \u00dcbung. Es wurde als Szenario ein Vegetations- bzw. Waldbrand mit einer Gr\u00f6\u00dfe von ca. 1.000 m\u00b2 in der N\u00e4he von Haushausen angenommen.<\/p>\n<p>Ein solches Ereignis stellt die Feuerwehren vor gro\u00dfe Herausforderungen. Das Gel\u00e4nde ist vor allem f\u00fcr Feuerwehrfahrzeuge, als auch f\u00fcr die Mannschaft, sehr schwer zug\u00e4nglich und es muss f\u00fcr ausreichend L\u00f6schwasser gesorgt werden. Au\u00dferdem muss je nach Witterung st\u00e4ndig mit einer erheblichen Ausbreitung des Brandes gerechnet werden.<\/p>\n<p>Um eine realistische Rauchausbreitung darzustellen, wurde im Vorfeld daf\u00fcr extra professionelles Equipment ausgeliehen.<\/p>\n<p>Schwerpunkt der \u00dcbung war die Wasserf\u00f6rderung \u00fcber eine lange Strecke und nat\u00fcrlich das L\u00f6schen des Brandes. Hierf\u00fcr kam unter anderem auch das in Wolnzach stationierte Waldbrandset zum Einsatz.<\/p>\n<p>Vielen Dank an die rund 60 Teilnehmer. Es war eine sehr erfolgreiche \u00dcbung ohne gr\u00f6\u00dfere Probleme.<br \/>\nngg_shortcode_0_placeholder<br \/>\ntk<\/p>\n","protected":false},"excerpt":{"rendered":"<p>26.07.2024 &#8211; Am Freitag gab es gemeinsam mit den Feuerwehren aus Eschelbach, Geroldshauen, Gosseltshausen und Larsbach eine gro\u00dfe \u00dcbung. Es wurde als Szenario ein<\/p>\n<p class=\"link-more\"><a class=\"read-more\" href=\"https:\/\/feuerwehr-wolnzach.de\/cms\/feuerwehr\/waldbranduebung\/\">weiterlesen<\/a><\/p>\n","protected":false},"author":4,"featured_media":14877,"parent":2040,"menu_order":0,"comment_status":"closed","ping_status":"closed","template":"","meta":{"ngg_post_thumbnail":0,"footnotes":""},"class_list":["post-14876","page","type-page","status-publish","has-post-thumbnail","hentry"],"jetpack_shortlink":"https:\/\/wp.me\/P90SfJ-3RW","jetpack_sharing_enabled":true,"_links":{"self":[{"href":"https:\/\/feuerwehr-wolnzach.de\/cms\/wp-json\/wp\/v2\/pages\/14876","targetHints":{"allow":["GET"]}}],"collection":[{"href":"https:\/\/feuerwehr-wolnzach.de\/cms\/wp-json\/wp\/v2\/pages"}],"about":[{"href":"https:\/\/feuerwehr-wolnzach.de\/cms\/wp-json\/wp\/v2\/types\/page"}],"author":[{"embeddable":true,"href":"https:\/\/feuerwehr-wolnzach.de\/cms\/wp-json\/wp\/v2\/users\/4"}],"replies":[{"embeddable":true,"href":"https:\/\/feuerwehr-wolnzach.de\/cms\/wp-json\/wp\/v2\/comments?post=14876"}],"version-history":[{"count":5,"href":"https:\/\/feuerwehr-wolnzach.de\/cms\/wp-json\/wp\/v2\/pages\/14876\/revisions"}],"predecessor-version":[{"id":14888,"href":"https:\/\/feuerwehr-wolnzach.de\/cms\/wp-json\/wp\/v2\/pages\/14876\/revisions\/14888"}],"up":[{"embeddable":true,"href":"https:\/\/feuerwehr-wolnzach.de\/cms\/wp-json\/wp\/v2\/pages\/2040"}],"wp:featuredmedia":[{"embeddable":true,"href":"https:\/\/feuerwehr-wolnzach.de\/cms\/wp-json\/wp\/v2\/media\/14877"}],"wp:attachment":[{"href":"https:\/\/feuerwehr-wolnzach.de\/cms\/wp-json\/wp\/v2\/media?parent=14876"}],"curies":[{"name":"wp","href":"https:\/\/api.w.org\/{rel}","templated":true}]}}