{"id":15244,"date":"2025-01-08T16:45:27","date_gmt":"2025-01-08T15:45:27","guid":{"rendered":"https:\/\/feuerwehr-wolnzach.de\/cms\/?page_id=15244"},"modified":"2025-02-23T18:43:20","modified_gmt":"2025-02-23T17:43:20","slug":"ausbildung-bei-der-wasserwacht","status":"publish","type":"page","link":"https:\/\/feuerwehr-wolnzach.de\/cms\/feuerwehr\/ausbildung-bei-der-wasserwacht\/","title":{"rendered":"Ausbildung bei der Wasserwacht"},"content":{"rendered":"<p>16.09.2024 &#8211; Im September hatten wir die M\u00f6glichkeit, gemeinsam mit der Wasserwacht Wolnzach, eine Woche nach dem Ende der Badesaison im Warmbad eine Ausbildung abzuhalten.<\/p>\n<p>Nach einer kurzen Einf\u00fchrung zu den Themen Wasserrettung und den Besonderheiten einer Wiederbelebung bei Ertrunkenen, ging es auch schon recht bald ins Wasser. Und das war schon die erste Herausforderung. Denn an diesem Abend hatte es nur 6 \u00b0C Au\u00dfentemperatur.<br \/>\nNun konnten die Teilnehmer selbst erfahren, wie es ist, mit Kleidung und Schuhen zu schwimmen. Schnell wurde klar: Kleidung ist schwer, schr\u00e4nkt die Bewegungsfreiheit ein und kostet viel Kraft. Dann wurde demonstriert, wie eine Wasserrettung mit passender Ausr\u00fcstung der Wasserwacht ablaufen kann. Dabei nat\u00fcrlich auf die Probleme hingewiesen, wenn man ohne diese Ausr\u00fcstung versucht, einen Ertrinkenden zu retten.<\/p>\n<p>Im Oktober gab es dann noch eine theoretischen Teil der Ausbildung im Feuerwehr-Ger\u00e4tehaus. Hier wurden noch weitere Bereiche der Wasserrettung vertieft. Wie z. B. unterschiedliches Verhalten bei stehenden bzw. flie\u00dfenden Gew\u00e4ssern, Gefahren bei Eisfl\u00e4chen und besondere Herausforderungen bei Hochwasserlagen.<br \/>\nEin weiterer Schwerpunkt war noch die Zusammenarbeit zwischen Feuerwehren und Wasserwacht im Allgemeinen. Denn im Ernstfall m\u00fcssen die Rettungskr\u00e4fte aller Blaulichtorganisationen Hand in Hand zusammenarbeiten.<\/p>\n<p>Herzlichen Dank an die Organisatoren und Ausbilder der Wolnzacher Wasserwacht. Alle Teilnehmer hatten viel Spa\u00df und konnten viele interessante Eindr\u00fccke gewinnen.<\/p>\n<p>ngg_shortcode_0_placeholder<br \/>\ntk<\/p>\n","protected":false},"excerpt":{"rendered":"<p>16.09.2024 &#8211; Im September hatten wir die M\u00f6glichkeit, gemeinsam mit der Wasserwacht Wolnzach, eine Woche nach dem Ende der Badesaison im Warmbad eine Ausbildung<\/p>\n<p class=\"link-more\"><a class=\"read-more\" href=\"https:\/\/feuerwehr-wolnzach.de\/cms\/feuerwehr\/ausbildung-bei-der-wasserwacht\/\">weiterlesen<\/a><\/p>\n","protected":false},"author":4,"featured_media":15257,"parent":2040,"menu_order":0,"comment_status":"closed","ping_status":"closed","template":"","meta":{"ngg_post_thumbnail":0,"footnotes":""},"class_list":["post-15244","page","type-page","status-publish","has-post-thumbnail","hentry"],"jetpack_shortlink":"https:\/\/wp.me\/P90SfJ-3XS","jetpack_sharing_enabled":true,"_links":{"self":[{"href":"https:\/\/feuerwehr-wolnzach.de\/cms\/wp-json\/wp\/v2\/pages\/15244","targetHints":{"allow":["GET"]}}],"collection":[{"href":"https:\/\/feuerwehr-wolnzach.de\/cms\/wp-json\/wp\/v2\/pages"}],"about":[{"href":"https:\/\/feuerwehr-wolnzach.de\/cms\/wp-json\/wp\/v2\/types\/page"}],"author":[{"embeddable":true,"href":"https:\/\/feuerwehr-wolnzach.de\/cms\/wp-json\/wp\/v2\/users\/4"}],"replies":[{"embeddable":true,"href":"https:\/\/feuerwehr-wolnzach.de\/cms\/wp-json\/wp\/v2\/comments?post=15244"}],"version-history":[{"count":7,"href":"https:\/\/feuerwehr-wolnzach.de\/cms\/wp-json\/wp\/v2\/pages\/15244\/revisions"}],"predecessor-version":[{"id":15252,"href":"https:\/\/feuerwehr-wolnzach.de\/cms\/wp-json\/wp\/v2\/pages\/15244\/revisions\/15252"}],"up":[{"embeddable":true,"href":"https:\/\/feuerwehr-wolnzach.de\/cms\/wp-json\/wp\/v2\/pages\/2040"}],"wp:featuredmedia":[{"embeddable":true,"href":"https:\/\/feuerwehr-wolnzach.de\/cms\/wp-json\/wp\/v2\/media\/15257"}],"wp:attachment":[{"href":"https:\/\/feuerwehr-wolnzach.de\/cms\/wp-json\/wp\/v2\/media?parent=15244"}],"curies":[{"name":"wp","href":"https:\/\/api.w.org\/{rel}","templated":true}]}}