{"id":15305,"date":"2025-02-21T18:58:54","date_gmt":"2025-02-21T17:58:54","guid":{"rendered":"https:\/\/feuerwehr-wolnzach.de\/cms\/?page_id=15305"},"modified":"2025-02-23T18:55:16","modified_gmt":"2025-02-23T17:55:16","slug":"jahreshauptversammlung-3","status":"publish","type":"page","link":"https:\/\/feuerwehr-wolnzach.de\/cms\/feuerwehr\/jahreshauptversammlung-3\/","title":{"rendered":"Jahreshauptversammlung"},"content":{"rendered":"<p>31.01.2025 \u2013 Auch in diesem Jahr lud die Freiwillige Feuerwehr Wolnzach zur allj\u00e4hrlichen Hauptversammlung. Neben dem 1. B\u00fcrgermeister Jens Machold und dem 3. B\u00fcrgermeister Werner Hammerschmid, waren noch weitere Vertreter Gemeinde anwesend. Ebenfalls durften wir den Kreisbrandrat Christian Nitschke sowie den Kreisbrandmeister Christian Duna begr\u00fc\u00dfen.<\/p>\n<p>Nach der offiziellen Begr\u00fc\u00dfung unseres Vorstandes Uli Schechinger bekam der B\u00fcrgermeister Machold das Wort. Neben dankenden Worten an die aktive Mannschaft f\u00fcr das vergangene Jahr, hob er besonders die Hilfsbereitschaft w\u00e4hrend dem Hochwasser im Juni letzten Jahres hervor.<br \/>\nDem konnte sich KBR Christian Nitschke in seiner Rede nur anschlie\u00dfen. Zus\u00e4tzlich richtete er noch den Blick in die Zukunft, wo sich der Landkreis in den kommenden Jahren den Ver\u00e4nderungen stellen muss.<\/p>\n<p>Nun durfte der 1. Vorstand Uli Schechinger das vergangene Jahr aus Vereinssicht Revue passieren lassen. Auch 2024 hatte der Verein viele Veranstaltungen organisiert, welche von den Mitgliedern auch zahlreich besucht wurden.<\/p>\n<p>Als n\u00e4chster Tagesordnungspunkt standen die Ehrungen f\u00fcr langj\u00e4hrige Vereinszugeh\u00f6rigkeit an.<br \/>\nGeehrt wurden:<\/p>\n<p>F\u00fcr 15 Jahre Vereinszugeh\u00f6rigkeit<br \/>\nJ\u00fcrgen Br\u00fcstl, Andreas Ening, Florian Ismann, Tony Lauenburg, Andreas Ludewig, Erich Niedermeier und Martin Schmidpeter<\/p>\n<p>F\u00fcr 30 Jahre Vereinszugeh\u00f6rigkeit<br \/>\nJ\u00fcrgen Bachmeier, Christian Erl, Klaus H\u00f6bler, Hans-J\u00fcrgen Kellermann, Ludwig Linner, Thomas Redder, Thomas Retzlaff, Uli Schechinger, Helmut Stich jun. und Robert Thalmaier<\/p>\n<p>F\u00fcr 30 Jahre Vereinszugeh\u00f6rigkeit<br \/>\nManfred Spielberger und Robert Springer<\/p>\n<p>Der 1. Kommandanten Benedikt Schmidt blickte auf ein sehr einsatzreiches Jahr zur\u00fcck. 188 Eins\u00e4tze \u2013 so viel hatte die Feuerwehr Wolnzach seit vielen Jahren nicht mehr. Neben dem Hochwasser wurde nochmal auf den mehrt\u00e4gigen Einsatz in der \u00f6rtlichen Kompostieranlage eingegangen. Bei der sogenannten \u201eKompostrophe\u201c. Hier zeigte sich besonders positiv die Zusammenarbeit mit den Feuerwehren der Ortsteile und auch der Nachbargemeinde Rohrbach.<\/p>\n<p>Nat\u00fcrlich durfte auch der Jugendbericht vom Jugendwart Florian Sch\u00f6nhaber nicht fehlen. Auch er hatte viel positives von der Jugendarbeit mit diversen Ausbildungen und Pr\u00fcfungen zu berichten. Hier ist die Arbeit gar nicht hoch genug einzusch\u00e4tzen. Schlie\u00dflich sind die Jugendlichen von heute die aktive Mannschaft der Zukunft.<\/p>\n<p>Danach standen die Bef\u00f6rderungen an.<br \/>\nBef\u00f6rdert wurden:<br \/>\nZum Feuerwehrmann \/ zur Feuerwehrfrau<br \/>\nDavid B\u00f6hner, Mia Heilmann und Sophia Kellerer<\/p>\n<p>Zum Oberfeuerwehrmann<br \/>\nThomas Festl, Lukas Spies und Christian Zwick<\/p>\n<p>Zum Hauptfeuerwehrmann<br \/>\nSimon Eberl und Florian Sch\u00f6nhaber<\/p>\n<p>Verabschiedet wurde noch Uli Schechinger aus dem Kreis der Feuerwehrf\u00fchrung. Aus Zeitgr\u00fcnden m\u00f6chte sich Uli mehr auf seine Aufgabe als 1. Vorstand k\u00fcmmern.<\/p>\n<p>Zum Ende durfte noch gew\u00e4hlt werden.<br \/>\nDaniel Baier wurde als 2. Kommandant best\u00e4tigt.<br \/>\nAuch die Vorstandschaft des Vereins stand zur Neuwahl. Hier gab es nur eine Stelle als Beisitzer neu zu besetzen, da Markus Bauer nicht mehr zur Wahl stand. Als Neubesetzung stellte sich Julia Mirlach zur Verf\u00fcgung. Und so wurde Julia Mirlach neu gew\u00e4hlt und der restliche Vorstand bei der Wahl best\u00e4tigt.<br \/>\nngg_shortcode_0_placeholder<br \/>\nDie neue Vorstandschaft<br \/>\n<a class=\"ngg-simplelightbox\" rel=\"\" data-image-id=\"2814\" data-src=\"https:\/\/feuerwehr-wolnzach.de\/cms\/wp-content\/uploads\/sites\/1\/nggallery\/2025-jahreshauptversammlung\/IMG_8161.JPG\" data-thumbnail=\"https:\/\/feuerwehr-wolnzach.de\/cms\/wp-content\/uploads\/sites\/1\/nggallery\/2025-jahreshauptversammlung\/thumbs\/thumbs_IMG_8161.JPG\" data-title=\"IMG_8161\" data-description=\" \" href='https:\/\/feuerwehr-wolnzach.de\/cms\/wp-content\/uploads\/sites\/1\/nggallery\/2025-jahreshauptversammlung\/IMG_8161.JPG' title=' '><img src='https:\/\/feuerwehr-wolnzach.de\/cms\/wp-content\/uploads\/sites\/1\/nggallery\/2025-jahreshauptversammlung\/IMG_8161.JPG' alt='IMG_8161' class='ngg-singlepic ngg-none' \/><\/a><br \/>\nBenedikt Schmidt (1. Kdt.), Daniel Baier (2. Kdt.), Julia Mirlach (Beisitzerin), Bettina Moser (Schriftf\u00fchrerin), Uli Schechinger (1. Vorstand), Ferdinand Schmidpeter (Kassier), Simon Binder (2. Vorstand), Michael Kersten (Beisitzer), Andreas Ening (Beisitzer), Thomas Kerndl (Beisitzer)<\/p>\n<p>&#8211; tk &#8211;<\/p>\n","protected":false},"excerpt":{"rendered":"<p>31.01.2025 \u2013 Auch in diesem Jahr lud die Freiwillige Feuerwehr Wolnzach zur allj\u00e4hrlichen Hauptversammlung. Neben dem 1. B\u00fcrgermeister Jens Machold und dem 3. B\u00fcrgermeister<\/p>\n<p class=\"link-more\"><a class=\"read-more\" href=\"https:\/\/feuerwehr-wolnzach.de\/cms\/feuerwehr\/jahreshauptversammlung-3\/\">weiterlesen<\/a><\/p>\n","protected":false},"author":4,"featured_media":15322,"parent":2040,"menu_order":0,"comment_status":"closed","ping_status":"closed","template":"","meta":{"ngg_post_thumbnail":0,"footnotes":""},"class_list":["post-15305","page","type-page","status-publish","has-post-thumbnail","hentry"],"jetpack_shortlink":"https:\/\/wp.me\/P90SfJ-3YR","jetpack_sharing_enabled":true,"_links":{"self":[{"href":"https:\/\/feuerwehr-wolnzach.de\/cms\/wp-json\/wp\/v2\/pages\/15305","targetHints":{"allow":["GET"]}}],"collection":[{"href":"https:\/\/feuerwehr-wolnzach.de\/cms\/wp-json\/wp\/v2\/pages"}],"about":[{"href":"https:\/\/feuerwehr-wolnzach.de\/cms\/wp-json\/wp\/v2\/types\/page"}],"author":[{"embeddable":true,"href":"https:\/\/feuerwehr-wolnzach.de\/cms\/wp-json\/wp\/v2\/users\/4"}],"replies":[{"embeddable":true,"href":"https:\/\/feuerwehr-wolnzach.de\/cms\/wp-json\/wp\/v2\/comments?post=15305"}],"version-history":[{"count":9,"href":"https:\/\/feuerwehr-wolnzach.de\/cms\/wp-json\/wp\/v2\/pages\/15305\/revisions"}],"predecessor-version":[{"id":15323,"href":"https:\/\/feuerwehr-wolnzach.de\/cms\/wp-json\/wp\/v2\/pages\/15305\/revisions\/15323"}],"up":[{"embeddable":true,"href":"https:\/\/feuerwehr-wolnzach.de\/cms\/wp-json\/wp\/v2\/pages\/2040"}],"wp:featuredmedia":[{"embeddable":true,"href":"https:\/\/feuerwehr-wolnzach.de\/cms\/wp-json\/wp\/v2\/media\/15322"}],"wp:attachment":[{"href":"https:\/\/feuerwehr-wolnzach.de\/cms\/wp-json\/wp\/v2\/media?parent=15305"}],"curies":[{"name":"wp","href":"https:\/\/api.w.org\/{rel}","templated":true}]}}