{"id":15389,"date":"2025-04-13T14:33:26","date_gmt":"2025-04-13T12:33:26","guid":{"rendered":"https:\/\/feuerwehr-wolnzach.de\/cms\/?page_id=15389"},"modified":"2025-04-13T14:39:26","modified_gmt":"2025-04-13T12:39:26","slug":"17-neue-truppfuehrer","status":"publish","type":"page","link":"https:\/\/feuerwehr-wolnzach.de\/cms\/feuerwehr\/17-neue-truppfuehrer\/","title":{"rendered":"17 neue Truppf\u00fchrer"},"content":{"rendered":"<div id=\"pl-15389\"  class=\"panel-layout\" ><div id=\"pg-15389-0\"  class=\"panel-grid panel-no-style\" ><div id=\"pgc-15389-0-0\"  class=\"panel-grid-cell\" ><div id=\"panel-15389-0-0-0\" class=\"so-panel widget widget_sow-editor panel-first-child panel-last-child\" data-index=\"0\" ><div\n\t\t\t\n\t\t\tclass=\"so-widget-sow-editor so-widget-sow-editor-base\"\n\t\t\t\n\t\t>\n<div class=\"siteorigin-widget-tinymce textwidget\">\n\t<p style=\"text-align: justify;\">13.04.2025 - Im M\u00e4rz startete die Freiwillige Feuerwehr Wolnzach den Abschlusslehrgang der MTA-Ausbildung. Nach bestandener Pr\u00fcfung erh\u00e4lt man die Truppf\u00fchrer-Qualifikation. Sie ist die Voraussetzung f\u00fcr alle weiterf\u00fchrenden Lehrg\u00e4nge innerhalb der Feuerwehr.<\/p>\n<div style=\"text-align: justify;\">\n<p>Die Modulare Truppausbildung (MTA) setzt sich aus zwei Teilen zusammen, das Basismodul (das ist die Feuerwehrgrundausbildung, diese ist u.a. Voraussetzung f\u00fcr die Teilnahme an Eins\u00e4tzen) und der Truppf\u00fchrer-Qualifikation (erste F\u00fchrungsstufe in der Freiwilligen Feuerwehr).<\/p>\n<\/div>\n<div style=\"text-align: justify;\">\n<p>Erfreulicherweise waren neben den Feuerwehrlern aus Wolnzach auch Weitere aus den Ortsteilen Niederlauterbach, K\u00f6nigsfeld, Eschelbach, Oberlauterbach und Gebrontshausen - insgesamt 17 Teilnehmer - mit vollem Eifer dabei. Ge\u00fcbt wurde f\u00fcnf Wochen lang jeweils Montag, Mittwoch und Samstag. Dabei wurden Themen wie z. B. Wasserentnahme, Leitern, Personenrettung, Erkundung, Brandeins\u00e4tze und Technische Hilfeleistungen sowohl in Theorie als auch praktisch wiederholt und weiter vertieft.<br \/>\nDank der Ausbilder aus den Ortsteilen und der Wolnzacher Wehr konnten hier viele unterschiedliche Erfahrungen gesammelt und vermittelt werden.<\/p>\n<\/div>\n<div style=\"text-align: justify;\">\n<p>Am gestrigen Samstag, stand dann die Pr\u00fcfung an. In knapp vier Stunden mussten die 17 Pr\u00fcflinge ihre Kenntnisse und Fertigkeiten in den verschiedenen Szenarien und einer schriftlichen Pr\u00fcfung unter Beweis stellen. Wie erwartet, konnten alle Teilnehmer die gestellten Aufgaben meistern und erhielten im Anschluss ihre Urkunde zur bestandenen Pr\u00fcfung.<\/p>\nngg_shortcode_0_placeholder\n<\/div>\n<div style=\"text-align: justify;\">\n<p>Zum Abschluss gab es noch vom 1. Kommandant Schmidt, dem Kreisbrandmeister Duna und dem Leiter der MTA-Ausbildung Reinhard Muhr, dankende Worte sowohl an die flei\u00dfigen Teilnehmer als auch an die Ausbilder und Helfer, die den Lehrgang erm\u00f6glicht haben.<\/p>\n<\/div>\n<div style=\"text-align: justify;\">\n<p>In knapp 14 Tagen starten wir mit dem Basismodul und weiteren 16 Teilnehmern aus Wolnzach und nahezu allen Ortsteilen.<\/p>\n<\/div>\n<div>\n<p style=\"text-align: justify;\">- rm -<\/p>\n<\/div>\n<\/div>\n<\/div><\/div><\/div><\/div><\/div>","protected":false},"excerpt":{"rendered":"<p>13.04.2025 &#8211; Im M\u00e4rz startete die Freiwillige Feuerwehr Wolnzach den Abschlusslehrgang der MTA-Ausbildung. Nach bestandener Pr\u00fcfung erh\u00e4lt man die Truppf\u00fchrer-Qualifikation. Sie ist die Voraussetzung<\/p>\n<p class=\"link-more\"><a class=\"read-more\" href=\"https:\/\/feuerwehr-wolnzach.de\/cms\/feuerwehr\/17-neue-truppfuehrer\/\">weiterlesen<\/a><\/p>\n","protected":false},"author":2,"featured_media":15392,"parent":2040,"menu_order":0,"comment_status":"closed","ping_status":"closed","template":"","meta":{"ngg_post_thumbnail":0,"footnotes":""},"class_list":["post-15389","page","type-page","status-publish","has-post-thumbnail","hentry"],"jetpack_shortlink":"https:\/\/wp.me\/P90SfJ-40d","jetpack_sharing_enabled":true,"_links":{"self":[{"href":"https:\/\/feuerwehr-wolnzach.de\/cms\/wp-json\/wp\/v2\/pages\/15389","targetHints":{"allow":["GET"]}}],"collection":[{"href":"https:\/\/feuerwehr-wolnzach.de\/cms\/wp-json\/wp\/v2\/pages"}],"about":[{"href":"https:\/\/feuerwehr-wolnzach.de\/cms\/wp-json\/wp\/v2\/types\/page"}],"author":[{"embeddable":true,"href":"https:\/\/feuerwehr-wolnzach.de\/cms\/wp-json\/wp\/v2\/users\/2"}],"replies":[{"embeddable":true,"href":"https:\/\/feuerwehr-wolnzach.de\/cms\/wp-json\/wp\/v2\/comments?post=15389"}],"version-history":[{"count":3,"href":"https:\/\/feuerwehr-wolnzach.de\/cms\/wp-json\/wp\/v2\/pages\/15389\/revisions"}],"predecessor-version":[{"id":15399,"href":"https:\/\/feuerwehr-wolnzach.de\/cms\/wp-json\/wp\/v2\/pages\/15389\/revisions\/15399"}],"up":[{"embeddable":true,"href":"https:\/\/feuerwehr-wolnzach.de\/cms\/wp-json\/wp\/v2\/pages\/2040"}],"wp:featuredmedia":[{"embeddable":true,"href":"https:\/\/feuerwehr-wolnzach.de\/cms\/wp-json\/wp\/v2\/media\/15392"}],"wp:attachment":[{"href":"https:\/\/feuerwehr-wolnzach.de\/cms\/wp-json\/wp\/v2\/media?parent=15389"}],"curies":[{"name":"wp","href":"https:\/\/api.w.org\/{rel}","templated":true}]}}