{"id":15572,"date":"2025-08-25T18:09:26","date_gmt":"2025-08-25T16:09:26","guid":{"rendered":"https:\/\/feuerwehr-wolnzach.de\/cms\/?page_id=15572"},"modified":"2025-08-25T18:14:17","modified_gmt":"2025-08-25T16:14:17","slug":"ferienprogramm-2","status":"publish","type":"page","link":"https:\/\/feuerwehr-wolnzach.de\/cms\/feuerwehr\/ferienprogramm-2\/","title":{"rendered":"Ferienprogramm"},"content":{"rendered":"<p>22.08.2025 \u2013 Auch in diesem Jahr war der Besuch bei der Freiwilligen Feuerwehr Wolnzach ein Programmteil des Ferienprogramms. Dazu durften wir 15 M\u00e4dchen und Jungs im Ger\u00e4tehaus begr\u00fc\u00dfen.<br \/>\nEs gab wie immer einiges zu sehen und nat\u00fcrlich durften auch alle selbst verschiedene Ger\u00e4tschaften ausprobieren. So gab es eine F\u00fchrung durch das Feuerwehrhaus, Wasserschl\u00e4uche durften ausgerollt werden, an einer Spritzwand mussten die Flammen in den Fenstern gel\u00f6scht werden, mit Hebekissen wurde ein Auto angehoben und mit dem hydraulischen Spreizer mussten sehr feinf\u00fchlig Wasserbecher bewegt werden.<br \/>\nW\u00e4hrend einem Eis zur Pause konnten dann bei einer \u201eModenschau\u201c die verschiedenen Kleidungen der Feuerwehr begutachtet werden. Zum Ende wurde noch gezeigt, was passiert, wenn man brennendes Fett versucht mit Wasser zu l\u00f6schen. Allein schon die Hitzestrahlung der provozierten Fettbrandexplosion hat die Kinder sehr beindruckt.<br \/>\nngg_shortcode_0_placeholder<br \/>\n-tk-<\/p>\n","protected":false},"excerpt":{"rendered":"<p>22.08.2025 \u2013 Auch in diesem Jahr war der Besuch bei der Freiwilligen Feuerwehr Wolnzach ein Programmteil des Ferienprogramms. Dazu durften wir 15 M\u00e4dchen und<\/p>\n<p class=\"link-more\"><a class=\"read-more\" href=\"https:\/\/feuerwehr-wolnzach.de\/cms\/feuerwehr\/ferienprogramm-2\/\">weiterlesen<\/a><\/p>\n","protected":false},"author":4,"featured_media":15584,"parent":2040,"menu_order":0,"comment_status":"closed","ping_status":"closed","template":"","meta":{"ngg_post_thumbnail":0,"footnotes":""},"class_list":["post-15572","page","type-page","status-publish","has-post-thumbnail","hentry"],"jetpack_shortlink":"https:\/\/wp.me\/P90SfJ-43a","jetpack_sharing_enabled":true,"_links":{"self":[{"href":"https:\/\/feuerwehr-wolnzach.de\/cms\/wp-json\/wp\/v2\/pages\/15572","targetHints":{"allow":["GET"]}}],"collection":[{"href":"https:\/\/feuerwehr-wolnzach.de\/cms\/wp-json\/wp\/v2\/pages"}],"about":[{"href":"https:\/\/feuerwehr-wolnzach.de\/cms\/wp-json\/wp\/v2\/types\/page"}],"author":[{"embeddable":true,"href":"https:\/\/feuerwehr-wolnzach.de\/cms\/wp-json\/wp\/v2\/users\/4"}],"replies":[{"embeddable":true,"href":"https:\/\/feuerwehr-wolnzach.de\/cms\/wp-json\/wp\/v2\/comments?post=15572"}],"version-history":[{"count":5,"href":"https:\/\/feuerwehr-wolnzach.de\/cms\/wp-json\/wp\/v2\/pages\/15572\/revisions"}],"predecessor-version":[{"id":15586,"href":"https:\/\/feuerwehr-wolnzach.de\/cms\/wp-json\/wp\/v2\/pages\/15572\/revisions\/15586"}],"up":[{"embeddable":true,"href":"https:\/\/feuerwehr-wolnzach.de\/cms\/wp-json\/wp\/v2\/pages\/2040"}],"wp:featuredmedia":[{"embeddable":true,"href":"https:\/\/feuerwehr-wolnzach.de\/cms\/wp-json\/wp\/v2\/media\/15584"}],"wp:attachment":[{"href":"https:\/\/feuerwehr-wolnzach.de\/cms\/wp-json\/wp\/v2\/media?parent=15572"}],"curies":[{"name":"wp","href":"https:\/\/api.w.org\/{rel}","templated":true}]}}