{"id":15648,"date":"2025-09-29T08:16:07","date_gmt":"2025-09-29T06:16:07","guid":{"rendered":"https:\/\/feuerwehr-wolnzach.de\/cms\/?page_id=15648"},"modified":"2025-09-29T11:21:24","modified_gmt":"2025-09-29T09:21:24","slug":"tag-der-foerderer","status":"publish","type":"page","link":"https:\/\/feuerwehr-wolnzach.de\/cms\/verein\/tag-der-foerderer\/","title":{"rendered":"Tag der F\u00f6rderer"},"content":{"rendered":"<p>27.09.2025 &#8211; Zum ersten Mal fand heute der \u201eTag der F\u00f6rderer\u201c statt.<br \/>\nDer Fokus dieses Events lag darauf, den langj\u00e4hrigen Unterst\u00fctzern der Feuerwehr Wolnzach danke zu sagen und die M\u00f6glichkeit zu geben, die Feuerwehr mit all ihren Aufgabenfeldern besser kennen zu lernen.<br \/>\nDie finanziellen Beitr\u00e4ge unserer F\u00f6rderer sind f\u00fcr uns von sehr gro\u00dfer Bedeutung. Daher wurden unter anderem die Firmen <strong>ARS Altmann AG<\/strong>, <strong>Kastner GmbH<\/strong> und <strong>Kl\u00f6pferholz GmbH &#038; Co. KG<\/strong> mit dem Preis \u201ePartner der Feuerwehr\u201c ausgezeichnet. Unter anderem wurde dieser Preis verliehen, da diese Firmen schon seit vielen Jahren ihre Mitarbeiter w\u00e4hrend der Arbeitszeit bei einem Alarm ausr\u00fccken lassen.<br \/>\nZum Tagesprogramm geh\u00f6rte unter anderem eine F\u00fchrung durch das Feuerwehrhaus sowie die Aufstellung all unserer Fahrzeuge und die Gelegenheit, an diversen Stationen mitzumachen. Zum Abschluss fand noch eine Einsatz\u00fcbung zum Thema Schachtrettung statt.<br \/>\nVielen Dank an alle F\u00f6rderer und G\u00e4ste &#8211; ohne euch w\u00e4re vieles nicht m\u00f6glich. Sch\u00f6n, dass ihr da wart.<br \/>\nngg_shortcode_0_placeholder<br \/>\n&#8211; tk &#8211;<\/p>\n","protected":false},"excerpt":{"rendered":"<p>27.09.2025 &#8211; Zum ersten Mal fand heute der \u201eTag der F\u00f6rderer\u201c statt. Der Fokus dieses Events lag darauf, den langj\u00e4hrigen Unterst\u00fctzern der Feuerwehr Wolnzach<\/p>\n<p class=\"link-more\"><a class=\"read-more\" href=\"https:\/\/feuerwehr-wolnzach.de\/cms\/verein\/tag-der-foerderer\/\">weiterlesen<\/a><\/p>\n","protected":false},"author":4,"featured_media":15663,"parent":2058,"menu_order":0,"comment_status":"closed","ping_status":"closed","template":"","meta":{"ngg_post_thumbnail":0,"footnotes":""},"class_list":["post-15648","page","type-page","status-publish","has-post-thumbnail","hentry"],"jetpack_shortlink":"https:\/\/wp.me\/P90SfJ-44o","jetpack_sharing_enabled":true,"_links":{"self":[{"href":"https:\/\/feuerwehr-wolnzach.de\/cms\/wp-json\/wp\/v2\/pages\/15648","targetHints":{"allow":["GET"]}}],"collection":[{"href":"https:\/\/feuerwehr-wolnzach.de\/cms\/wp-json\/wp\/v2\/pages"}],"about":[{"href":"https:\/\/feuerwehr-wolnzach.de\/cms\/wp-json\/wp\/v2\/types\/page"}],"author":[{"embeddable":true,"href":"https:\/\/feuerwehr-wolnzach.de\/cms\/wp-json\/wp\/v2\/users\/4"}],"replies":[{"embeddable":true,"href":"https:\/\/feuerwehr-wolnzach.de\/cms\/wp-json\/wp\/v2\/comments?post=15648"}],"version-history":[{"count":6,"href":"https:\/\/feuerwehr-wolnzach.de\/cms\/wp-json\/wp\/v2\/pages\/15648\/revisions"}],"predecessor-version":[{"id":15665,"href":"https:\/\/feuerwehr-wolnzach.de\/cms\/wp-json\/wp\/v2\/pages\/15648\/revisions\/15665"}],"up":[{"embeddable":true,"href":"https:\/\/feuerwehr-wolnzach.de\/cms\/wp-json\/wp\/v2\/pages\/2058"}],"wp:featuredmedia":[{"embeddable":true,"href":"https:\/\/feuerwehr-wolnzach.de\/cms\/wp-json\/wp\/v2\/media\/15663"}],"wp:attachment":[{"href":"https:\/\/feuerwehr-wolnzach.de\/cms\/wp-json\/wp\/v2\/media?parent=15648"}],"curies":[{"name":"wp","href":"https:\/\/api.w.org\/{rel}","templated":true}]}}