{"id":15701,"date":"2025-10-03T18:59:34","date_gmt":"2025-10-03T16:59:34","guid":{"rendered":"https:\/\/feuerwehr-wolnzach.de\/cms\/?page_id=15701"},"modified":"2025-10-03T20:56:52","modified_gmt":"2025-10-03T18:56:52","slug":"loeschgruppe","status":"publish","type":"page","link":"https:\/\/feuerwehr-wolnzach.de\/cms\/feuerwehr\/loeschgruppe\/","title":{"rendered":"&#8222;Die Gruppe im L\u00f6scheinsatz&#8220;"},"content":{"rendered":"<p>02.10.2025 \u2013 In diesem Jahr gab es bei der Feuerwehr Wolnzach wieder die M\u00f6glichkeit, die n\u00e4chste Stufe der Leistungspr\u00fcfungen abzulegen. An acht Abenden trafen sich die 16 Frauen und M\u00e4nner, um vor allem einen definierten L\u00f6schaufbau zu \u00fcben. Zus\u00e4tzlich musste noch Theorie, Knoten und Stiche sowie Ger\u00e4tekunde gepaukt werden. Beim L\u00f6schaufbau galt es, die Abl\u00e4ufe ideal aufeinander abzustimmen, da der komplette Ablauf nicht l\u00e4nger als 300 Sekunden dauern durfte. Auch das anschlie\u00dfende Kuppeln einer Saugleitung musste unter 160 Sekunden absolviert werden.<\/p>\n<p>Der L\u00f6schaufbau wurde nacheinander von zwei Gruppen unter den kritischen Augen der Schiedsrichter, KBM Georg Wein und Christian Schr\u00f6der, durchgef\u00fchrt. Alle Handgriffe sa\u00dfen und die einzelnen Trupps arbeiteten hervorragend zusammen. Zuvor mussten noch alle Teilnehmer je nach Funktion und Leistungsstufe entweder eine theoretische Pr\u00fcfung ablegen, Knoten und Stiche &#8211; wieder mit knappen Zeitlimit &#8211; legen oder auswendig beschreiben k\u00f6nnen, wo sich verschiedene Ger\u00e4tschaften im L\u00f6schfahrzeug befinden.<\/p>\n<p>Alle Aufgaben wurden nahezu fehlerfrei absolviert und so durften die Schiedsrichter den Teilnehmern mitteilen, dass alle mit Bravour bestanden haben.<br \/>\nngg_shortcode_0_placeholder<br \/>\n-tk-<\/p>\n","protected":false},"excerpt":{"rendered":"<p>02.10.2025 \u2013 In diesem Jahr gab es bei der Feuerwehr Wolnzach wieder die M\u00f6glichkeit, die n\u00e4chste Stufe der Leistungspr\u00fcfungen abzulegen. An acht Abenden trafen<\/p>\n<p class=\"link-more\"><a class=\"read-more\" href=\"https:\/\/feuerwehr-wolnzach.de\/cms\/feuerwehr\/loeschgruppe\/\">weiterlesen<\/a><\/p>\n","protected":false},"author":4,"featured_media":15702,"parent":2040,"menu_order":0,"comment_status":"closed","ping_status":"closed","template":"","meta":{"ngg_post_thumbnail":0,"footnotes":""},"class_list":["post-15701","page","type-page","status-publish","has-post-thumbnail","hentry"],"jetpack_shortlink":"https:\/\/wp.me\/P90SfJ-45f","jetpack_sharing_enabled":true,"_links":{"self":[{"href":"https:\/\/feuerwehr-wolnzach.de\/cms\/wp-json\/wp\/v2\/pages\/15701","targetHints":{"allow":["GET"]}}],"collection":[{"href":"https:\/\/feuerwehr-wolnzach.de\/cms\/wp-json\/wp\/v2\/pages"}],"about":[{"href":"https:\/\/feuerwehr-wolnzach.de\/cms\/wp-json\/wp\/v2\/types\/page"}],"author":[{"embeddable":true,"href":"https:\/\/feuerwehr-wolnzach.de\/cms\/wp-json\/wp\/v2\/users\/4"}],"replies":[{"embeddable":true,"href":"https:\/\/feuerwehr-wolnzach.de\/cms\/wp-json\/wp\/v2\/comments?post=15701"}],"version-history":[{"count":5,"href":"https:\/\/feuerwehr-wolnzach.de\/cms\/wp-json\/wp\/v2\/pages\/15701\/revisions"}],"predecessor-version":[{"id":15710,"href":"https:\/\/feuerwehr-wolnzach.de\/cms\/wp-json\/wp\/v2\/pages\/15701\/revisions\/15710"}],"up":[{"embeddable":true,"href":"https:\/\/feuerwehr-wolnzach.de\/cms\/wp-json\/wp\/v2\/pages\/2040"}],"wp:featuredmedia":[{"embeddable":true,"href":"https:\/\/feuerwehr-wolnzach.de\/cms\/wp-json\/wp\/v2\/media\/15702"}],"wp:attachment":[{"href":"https:\/\/feuerwehr-wolnzach.de\/cms\/wp-json\/wp\/v2\/media?parent=15701"}],"curies":[{"name":"wp","href":"https:\/\/api.w.org\/{rel}","templated":true}]}}