{"id":15758,"date":"2025-11-02T20:55:17","date_gmt":"2025-11-02T19:55:17","guid":{"rendered":"https:\/\/feuerwehr-wolnzach.de\/cms\/?page_id=15758"},"modified":"2025-11-02T21:05:23","modified_gmt":"2025-11-02T20:05:23","slug":"ab-wasser-a-d","status":"publish","type":"page","link":"https:\/\/feuerwehr-wolnzach.de\/cms\/feuerwehr\/fahrzeuge\/ab-wasser-a-d\/","title":{"rendered":"AB Wasser (a.D.)"},"content":{"rendered":"<div id=\"pl-15758\"  class=\"panel-layout\" ><div id=\"pg-15758-0\"  class=\"panel-grid panel-no-style\" ><div id=\"pgc-15758-0-0\"  class=\"panel-grid-cell\" ><div id=\"panel-15758-0-0-0\" class=\"so-panel widget widget_sow-editor panel-first-child\" data-index=\"0\" ><div\n\t\t\t\n\t\t\tclass=\"so-widget-sow-editor so-widget-sow-editor-base\"\n\t\t\t\n\t\t>\n<div class=\"siteorigin-widget-tinymce textwidget\">\n\t<p>Am 24.10.2025 wurde der in die Jahre gekommene Abrollbeh\u00e4lter durch eine Neubeschaffung abgel\u00f6st. Durch die Neubeschaffung k\u00f6nnen wir nun bis zu 10.000l an die Einsatzstelle verbringen, bisher waren es maximal 6.000l.<\/p>\n<\/div>\n<\/div><\/div><div id=\"panel-15758-0-0-1\" class=\"so-panel widget widget_sow-editor panel-last-child\" data-index=\"1\" ><div class=\"panel-widget-style panel-widget-style-for-15758-0-0-1\" ><div\n\t\t\t\n\t\t\tclass=\"so-widget-sow-editor so-widget-sow-editor-base\"\n\t\t\t\n\t\t>\n<div class=\"siteorigin-widget-tinymce textwidget\">\n\tngg_shortcode_0_placeholder\n<\/div>\n<\/div><\/div><\/div><\/div><\/div><\/div>","protected":false},"excerpt":{"rendered":"<p>Am 24.10.2025 wurde der in die Jahre gekommene Abrollbeh\u00e4lter durch eine Neubeschaffung abgel\u00f6st. Durch die Neubeschaffung k\u00f6nnen wir nun bis zu 10.000l an die<\/p>\n<p class=\"link-more\"><a class=\"read-more\" href=\"https:\/\/feuerwehr-wolnzach.de\/cms\/feuerwehr\/fahrzeuge\/ab-wasser-a-d\/\">weiterlesen<\/a><\/p>\n","protected":false},"author":2,"featured_media":15761,"parent":2046,"menu_order":0,"comment_status":"closed","ping_status":"closed","template":"","meta":{"ngg_post_thumbnail":0,"footnotes":""},"class_list":["post-15758","page","type-page","status-publish","has-post-thumbnail","hentry"],"jetpack_shortlink":"https:\/\/wp.me\/P90SfJ-46a","jetpack_sharing_enabled":true,"_links":{"self":[{"href":"https:\/\/feuerwehr-wolnzach.de\/cms\/wp-json\/wp\/v2\/pages\/15758","targetHints":{"allow":["GET"]}}],"collection":[{"href":"https:\/\/feuerwehr-wolnzach.de\/cms\/wp-json\/wp\/v2\/pages"}],"about":[{"href":"https:\/\/feuerwehr-wolnzach.de\/cms\/wp-json\/wp\/v2\/types\/page"}],"author":[{"embeddable":true,"href":"https:\/\/feuerwehr-wolnzach.de\/cms\/wp-json\/wp\/v2\/users\/2"}],"replies":[{"embeddable":true,"href":"https:\/\/feuerwehr-wolnzach.de\/cms\/wp-json\/wp\/v2\/comments?post=15758"}],"version-history":[{"count":6,"href":"https:\/\/feuerwehr-wolnzach.de\/cms\/wp-json\/wp\/v2\/pages\/15758\/revisions"}],"predecessor-version":[{"id":15766,"href":"https:\/\/feuerwehr-wolnzach.de\/cms\/wp-json\/wp\/v2\/pages\/15758\/revisions\/15766"}],"up":[{"embeddable":true,"href":"https:\/\/feuerwehr-wolnzach.de\/cms\/wp-json\/wp\/v2\/pages\/2046"}],"wp:featuredmedia":[{"embeddable":true,"href":"https:\/\/feuerwehr-wolnzach.de\/cms\/wp-json\/wp\/v2\/media\/15761"}],"wp:attachment":[{"href":"https:\/\/feuerwehr-wolnzach.de\/cms\/wp-json\/wp\/v2\/media?parent=15758"}],"curies":[{"name":"wp","href":"https:\/\/api.w.org\/{rel}","templated":true}]}}