{"id":15946,"date":"2026-02-06T10:39:15","date_gmt":"2026-02-06T09:39:15","guid":{"rendered":"https:\/\/feuerwehr-wolnzach.de\/cms\/?page_id=15946"},"modified":"2026-02-06T10:52:56","modified_gmt":"2026-02-06T09:52:56","slug":"jahreshauptversammlung-2026","status":"publish","type":"page","link":"https:\/\/feuerwehr-wolnzach.de\/cms\/verein\/jahreshauptversammlung-2026\/","title":{"rendered":"Jahreshauptversammlung 2026"},"content":{"rendered":"<p>30.01.2026 \u2013 Am Freitag fand unsere allj\u00e4hrliche Jahreshauptversammlung statt. Der Einladung zu dieser Veranstaltung folgten neben zahlreichen Mitgliedern unter anderem auch unsere drei B\u00fcrgermeister Jens Machold, Josef Sch\u00e4ch und Werner Hammerschmid.<br \/>\nDie Versammlung wurde vom 2. Vorstand Simon Binder er\u00f6ffnet. Er lies das Jahr 2025 aus Sicht des Feuerwehr-Vereins Revue passieren.<br \/>\nDanach hatte der 1. B\u00fcrgermeister Jens Machold das Wort. Er stellte hervor, wie wichtig die Feuerwehren im Gemeindegebiet Wolnzach sind und dankte allen Aktiven f\u00fcr ihren unerm\u00fcdlichen Einsatz.<br \/>\nNun hatte auch der 1, Kommandant Benedikt Schmidt die Gelegenheit, das Geschehen des letzten Jahres aus seiner Sicht zu beschreiben. Auch dankte der gesamten Mannschaft, ohne die das Einsatzgeschehen nicht bew\u00e4ltigt werden kann.<br \/>\nZuletzt konnte noch Jugendwart Florian Sch\u00f6nhaber seine Anerkennung an die engagierten Mitglieder der Wolnzacher Jugendfeuerwehr hervorheben.<br \/>\nZum Abschluss gab es noch zahlreiche Ehrungen und Bef\u00f6rderungen:<\/p>\n<p>Ehrung f\u00fcr 15 Jahre Vereinszugeh\u00f6rigkeit: Bernhard Forsthofer, Andreas Garstecki, Stefan Geringer<\/p>\n<p>Ehrung f\u00fcr 30 Jahre Vereinszugeh\u00f6rigkeit: Anton Gabelsberger, Josef Gschl\u00f6\u00dfl, Christian Hohenleitner, Thomas Lang, Helmut Maier, Gerhard Redder<\/p>\n<p>Ehrung f\u00fcr 50 Jahre Vereinszugeh\u00f6rigkeit: Heinrich Redder<\/p>\n<p>Ehrung f\u00fcr 60 Jahre Vereinszugeh\u00f6rigkeit: Georg Mirlach sen.<\/p>\n<p>Bef\u00f6rderung zum L\u00f6schmeister: Markus Bauer, Maximilian Paul<\/p>\n<p>\u00dcbernahme in den aktiven Dienst: Theresa Ebert, Lilly Heilmann, Sophie Karger<\/p>\n<p>\u00dcbernahme zum Anw\u00e4rter: Simon Brandl, Jason Kersten, Roger Fernandez Marmol, Emil Merkle<\/p>\n<p>Dankesurkunde f\u00fcr Werner Fuchs (L\u00f6schmeister seit 2005; 12 Jahre Kommandant)<br \/>\nDankesurkunde f\u00fcr Wilfried Springer (L\u00f6schmeister seit 1993)<\/p>\n<p>ngg_shortcode_0_placeholder&nbsp;&#8211; tk &#8211;<\/p>\n","protected":false},"excerpt":{"rendered":"<p>30.01.2026 \u2013 Am Freitag fand unsere allj\u00e4hrliche Jahreshauptversammlung statt. Der Einladung zu dieser Veranstaltung folgten neben zahlreichen Mitgliedern unter anderem auch unsere drei B\u00fcrgermeister<\/p>\n<p class=\"link-more\"><a class=\"read-more\" href=\"https:\/\/feuerwehr-wolnzach.de\/cms\/verein\/jahreshauptversammlung-2026\/\">weiterlesen<\/a><\/p>\n","protected":false},"author":4,"featured_media":15948,"parent":2058,"menu_order":0,"comment_status":"closed","ping_status":"closed","template":"","meta":{"ngg_post_thumbnail":0,"footnotes":""},"class_list":["post-15946","page","type-page","status-publish","has-post-thumbnail","hentry"],"jetpack_shortlink":"https:\/\/wp.me\/P90SfJ-49c","jetpack_sharing_enabled":true,"_links":{"self":[{"href":"https:\/\/feuerwehr-wolnzach.de\/cms\/wp-json\/wp\/v2\/pages\/15946","targetHints":{"allow":["GET"]}}],"collection":[{"href":"https:\/\/feuerwehr-wolnzach.de\/cms\/wp-json\/wp\/v2\/pages"}],"about":[{"href":"https:\/\/feuerwehr-wolnzach.de\/cms\/wp-json\/wp\/v2\/types\/page"}],"author":[{"embeddable":true,"href":"https:\/\/feuerwehr-wolnzach.de\/cms\/wp-json\/wp\/v2\/users\/4"}],"replies":[{"embeddable":true,"href":"https:\/\/feuerwehr-wolnzach.de\/cms\/wp-json\/wp\/v2\/comments?post=15946"}],"version-history":[{"count":3,"href":"https:\/\/feuerwehr-wolnzach.de\/cms\/wp-json\/wp\/v2\/pages\/15946\/revisions"}],"predecessor-version":[{"id":15951,"href":"https:\/\/feuerwehr-wolnzach.de\/cms\/wp-json\/wp\/v2\/pages\/15946\/revisions\/15951"}],"up":[{"embeddable":true,"href":"https:\/\/feuerwehr-wolnzach.de\/cms\/wp-json\/wp\/v2\/pages\/2058"}],"wp:featuredmedia":[{"embeddable":true,"href":"https:\/\/feuerwehr-wolnzach.de\/cms\/wp-json\/wp\/v2\/media\/15948"}],"wp:attachment":[{"href":"https:\/\/feuerwehr-wolnzach.de\/cms\/wp-json\/wp\/v2\/media?parent=15946"}],"curies":[{"name":"wp","href":"https:\/\/api.w.org\/{rel}","templated":true}]}}