{"id":16002,"date":"2026-03-02T18:23:12","date_gmt":"2026-03-02T17:23:12","guid":{"rendered":"https:\/\/feuerwehr-wolnzach.de\/cms\/?page_id=16002"},"modified":"2026-03-02T19:18:51","modified_gmt":"2026-03-02T18:18:51","slug":"wiesenhupfer","status":"publish","type":"page","link":"https:\/\/feuerwehr-wolnzach.de\/cms\/feuerwehr\/wiesenhupfer\/","title":{"rendered":"KiGa &#8222;Wiesenhupfer&#8220;"},"content":{"rendered":"<p style=\"font-weight: 400;\">26.02.2026 &#8211; In der ersten Gruppenf\u00fchrer-Ausbildung diesen Jahres wurde der neue Kindergarten \u201eWiesenhupfer\u201c besucht. Der neue KIGA hat nach den Sommerferien seinen Betrieb aufgenommen und daher wollten wir uns \u00fcber diese neue \u00d6rtlichkeit informieren und das Objekt aus Sicht der Feuerwehr begutachten. Ziel des Ausbildungsabends war es, das Geb\u00e4ude kennenzulernen und die \u00f6rtlichen Gegebenheiten einsatztaktisch zu bewerten. Unsere Gruppenf\u00fchrerin Lena, die im Wiesenhupfer arbeitet, hatte den Termin koordiniert.<\/p>\n<p style=\"font-weight: 400;\">Die Ausbildung gliederte sich in zwei Schwerpunkte: in Einsatztaktik und eine Objektbegehung. Als erstes wurde ein fiktives Brand-Szenario angenommen. Eine Verrauchung im 1. Stock mit einer Person in Gefahr. Die 13 anwesenden Gruppen- und Zugf\u00fchrer starteten ihre Erkundung und erarbeiteten einen L\u00f6sungsvorschlag f\u00fcr den Einsatzablauf. In der Nachbesprechung wurden unter anderem m\u00f6gliche Gefahren aufgef\u00fchrt und die daraus resultierenden Ma\u00dfnahmen besprochen.<\/p>\n<p style=\"font-weight: 400;\">Im zweiten Teil des Abends f\u00fchrte Kindergartenleiterin Monika Merkle durch die R\u00e4umlichkeiten. Besonderes Augenmerk lag dabei nat\u00fcrlich auf Sammelpl\u00e4tze, technischen Einrichtungen sowie Flucht- und Rettungswege.<\/p>\nngg_shortcode_0_placeholder\n<p style=\"font-weight: 400;\">Unser Dank geht an Monika und Lena, die uns diesen Ausbildungsabend erm\u00f6glicht haben.<\/p>\n<p>&nbsp;<\/p>\n<p>&#8211; us &#8211;<\/p>\n","protected":false},"excerpt":{"rendered":"<p>26.02.2026 &#8211; In der ersten Gruppenf\u00fchrer-Ausbildung diesen Jahres wurde der neue Kindergarten \u201eWiesenhupfer\u201c besucht. Der neue KIGA hat nach den Sommerferien seinen Betrieb aufgenommen<\/p>\n<p class=\"link-more\"><a class=\"read-more\" href=\"https:\/\/feuerwehr-wolnzach.de\/cms\/feuerwehr\/wiesenhupfer\/\">weiterlesen<\/a><\/p>\n","protected":false},"author":4,"featured_media":16013,"parent":2040,"menu_order":0,"comment_status":"closed","ping_status":"closed","template":"","meta":{"ngg_post_thumbnail":0,"footnotes":""},"class_list":["post-16002","page","type-page","status-publish","has-post-thumbnail","hentry"],"jetpack_shortlink":"https:\/\/wp.me\/P90SfJ-4a6","jetpack_sharing_enabled":true,"_links":{"self":[{"href":"https:\/\/feuerwehr-wolnzach.de\/cms\/wp-json\/wp\/v2\/pages\/16002","targetHints":{"allow":["GET"]}}],"collection":[{"href":"https:\/\/feuerwehr-wolnzach.de\/cms\/wp-json\/wp\/v2\/pages"}],"about":[{"href":"https:\/\/feuerwehr-wolnzach.de\/cms\/wp-json\/wp\/v2\/types\/page"}],"author":[{"embeddable":true,"href":"https:\/\/feuerwehr-wolnzach.de\/cms\/wp-json\/wp\/v2\/users\/4"}],"replies":[{"embeddable":true,"href":"https:\/\/feuerwehr-wolnzach.de\/cms\/wp-json\/wp\/v2\/comments?post=16002"}],"version-history":[{"count":7,"href":"https:\/\/feuerwehr-wolnzach.de\/cms\/wp-json\/wp\/v2\/pages\/16002\/revisions"}],"predecessor-version":[{"id":16017,"href":"https:\/\/feuerwehr-wolnzach.de\/cms\/wp-json\/wp\/v2\/pages\/16002\/revisions\/16017"}],"up":[{"embeddable":true,"href":"https:\/\/feuerwehr-wolnzach.de\/cms\/wp-json\/wp\/v2\/pages\/2040"}],"wp:featuredmedia":[{"embeddable":true,"href":"https:\/\/feuerwehr-wolnzach.de\/cms\/wp-json\/wp\/v2\/media\/16013"}],"wp:attachment":[{"href":"https:\/\/feuerwehr-wolnzach.de\/cms\/wp-json\/wp\/v2\/media?parent=16002"}],"curies":[{"name":"wp","href":"https:\/\/api.w.org\/{rel}","templated":true}]}}