{"id":2058,"date":"2017-07-25T16:48:52","date_gmt":"2017-07-25T14:48:52","guid":{"rendered":"http:\/\/feuerwehr-wolnzach.de\/cms\/?page_id=2058"},"modified":"2025-09-29T11:23:03","modified_gmt":"2025-09-29T09:23:03","slug":"verein","status":"publish","type":"page","link":"https:\/\/feuerwehr-wolnzach.de\/cms\/verein\/","title":{"rendered":"Verein"},"content":{"rendered":"<div id=\"pl-2058\"  class=\"panel-layout\" ><div id=\"pg-2058-0\"  class=\"panel-grid panel-no-style\" ><div id=\"pgc-2058-0-0\"  class=\"panel-grid-cell\" ><div id=\"panel-2058-0-0-0\" class=\"so-panel widget widget_sow-editor panel-first-child panel-last-child\" data-index=\"0\" ><div\n\t\t\t\n\t\t\tclass=\"so-widget-sow-editor so-widget-sow-editor-base\"\n\t\t\t\n\t\t>\n<div class=\"siteorigin-widget-tinymce textwidget\">\n\t<p style=\"text-align: justify;\">Die Freiwillige Feuerwehr Wolnzach mit dem zugeh\u00f6rigen Feuerwehrverein wurde am 12. November 1871 mit 32 Mitgliedern der sogenannten \u201eGr\u00fcndungsmannschaft\u201c gegr\u00fcndet. Wenn man bedenkt, dass Wolnzach um 1871 ca. 1.600 Einwohner in 204 H\u00e4usern mit knapp 380 Haushaltungen z\u00e4hlte, war das durchaus eine beachtliche Anzahl Freiwilliger.<\/p>\n<h3>Aufgaben<\/h3>\n<p><strong>Die wichtigste Aufgabe des Feuerwehrvereins ist das Stellen der aktiven Mannschaft f\u00fcr die Wehr.<\/strong><\/p>\n<p>Weitere Aufgaben des Vereins:<\/p>\n<ul>\n<li>Unterst\u00fctzung der Freiwilligen Feuerwehr Wolnzach<\/li>\n<li>Mitgliederwerbung mit dem Schwerpunkt, den Nachwuchs an Kr\u00e4ften sicherzustellen<\/li>\n<li>\u00d6ffentlichkeitsarbeit<\/li>\n<li>Traditionspflege<\/li>\n<li>Kameradschaftspflege<\/li>\n<\/ul>\n<h3>Arten von Mitgliedern<\/h3>\n<ul>\n<li>Mitglieder der Jugendfeuerwehr im Alter zwischen 12 und 17 Jahren<\/li>\n<li>Aktive Mitglieder im Alter zwischen 18 und 65 Jahren (Feuerwehrdienstleistende)<\/li>\n<li>Passive Mitglieder (u.a. ehemalige aktive Mitglieder ab dem 66. Lebensjahr)<\/li>\n<li>F\u00f6rdernde Mitglieder<\/li>\n<li>Ehrenmitglieder<\/li>\n<\/ul>\n<h3>Finanzierung<\/h3>\n<p><strong>Der Feuerwehrverein finanziert sich haupts\u00e4chlich durch Spenden und die Beitr\u00e4ge der Mitglieder.<\/strong><\/p>\n<p style=\"text-align: justify;\">Der Feuerwehrverein der Freiwilligen Feuerwehr Wolnzach e.V. ist gemeinn\u00fctzig anerkannt und berechtigt, Zuwendungsbescheinigungen (Spendenquittungen) f\u00fcr steuerliche Zwecke auszustellen.<\/p>\n<\/div>\n<\/div><\/div><\/div><\/div><\/div>","protected":false},"excerpt":{"rendered":"<p>Die Freiwillige Feuerwehr Wolnzach mit dem zugeh\u00f6rigen Feuerwehrverein wurde am 12. November 1871 mit 32 Mitgliedern der sogenannten \u201eGr\u00fcndungsmannschaft\u201c gegr\u00fcndet. Wenn man bedenkt, dass<\/p>\n<p class=\"link-more\"><a class=\"read-more\" href=\"https:\/\/feuerwehr-wolnzach.de\/cms\/verein\/\">weiterlesen<\/a><\/p>\n","protected":false},"author":2,"featured_media":0,"parent":0,"menu_order":0,"comment_status":"closed","ping_status":"closed","template":"","meta":{"ngg_post_thumbnail":0,"footnotes":""},"class_list":["post-2058","page","type-page","status-publish","hentry"],"jetpack_shortlink":"https:\/\/wp.me\/P90SfJ-xc","jetpack_sharing_enabled":true,"_links":{"self":[{"href":"https:\/\/feuerwehr-wolnzach.de\/cms\/wp-json\/wp\/v2\/pages\/2058","targetHints":{"allow":["GET"]}}],"collection":[{"href":"https:\/\/feuerwehr-wolnzach.de\/cms\/wp-json\/wp\/v2\/pages"}],"about":[{"href":"https:\/\/feuerwehr-wolnzach.de\/cms\/wp-json\/wp\/v2\/types\/page"}],"author":[{"embeddable":true,"href":"https:\/\/feuerwehr-wolnzach.de\/cms\/wp-json\/wp\/v2\/users\/2"}],"replies":[{"embeddable":true,"href":"https:\/\/feuerwehr-wolnzach.de\/cms\/wp-json\/wp\/v2\/comments?post=2058"}],"version-history":[{"count":110,"href":"https:\/\/feuerwehr-wolnzach.de\/cms\/wp-json\/wp\/v2\/pages\/2058\/revisions"}],"predecessor-version":[{"id":15668,"href":"https:\/\/feuerwehr-wolnzach.de\/cms\/wp-json\/wp\/v2\/pages\/2058\/revisions\/15668"}],"wp:attachment":[{"href":"https:\/\/feuerwehr-wolnzach.de\/cms\/wp-json\/wp\/v2\/media?parent=2058"}],"curies":[{"name":"wp","href":"https:\/\/api.w.org\/{rel}","templated":true}]}}