{"id":2067,"date":"2017-07-25T16:51:04","date_gmt":"2017-07-25T14:51:04","guid":{"rendered":"http:\/\/feuerwehr-wolnzach.de\/cms\/?page_id=2067"},"modified":"2024-11-27T08:24:40","modified_gmt":"2024-11-27T07:24:40","slug":"jugendfeuerwehr","status":"publish","type":"page","link":"https:\/\/feuerwehr-wolnzach.de\/cms\/jugendfeuerwehr\/","title":{"rendered":"Jugendfeuerwehr"},"content":{"rendered":"<div id=\"pl-2067\"  class=\"panel-layout\" ><div id=\"pg-2067-0\"  class=\"panel-grid panel-no-style\" ><div id=\"pgc-2067-0-0\"  class=\"panel-grid-cell\" ><div id=\"panel-2067-0-0-0\" class=\"so-panel widget widget_sow-editor panel-first-child\" data-index=\"0\" ><div\n\t\t\t\n\t\t\tclass=\"so-widget-sow-editor so-widget-sow-editor-base\"\n\t\t\t\n\t\t>\n<div class=\"siteorigin-widget-tinymce textwidget\">\n\t<p><img loading=\"lazy\" decoding=\"async\" class=\"size-large wp-image-6479 aligncenter\" src=\"http:\/\/feuerwehr-wolnzach.de\/cms\/wp-content\/uploads\/2019\/01\/FF\u2013Jugend\u2013Logov3.png\" alt=\"\" width=\"640\" height=\"173\" \/><\/p>\n<\/div>\n<\/div><\/div><div id=\"panel-2067-0-0-1\" class=\"so-panel widget widget_sow-editor\" data-index=\"1\" ><div\n\t\t\t\n\t\t\tclass=\"so-widget-sow-editor so-widget-sow-editor-base\"\n\t\t\t\n\t\t>\n<div class=\"siteorigin-widget-tinymce textwidget\">\n\t<h3>Wir sind die Jugendfeuerwehr Wolnzach<\/h3>\n<p class=\"Stil11\" style=\"text-align: justify;\">Bei uns gibt es spannende \u00dcbungen und jede Menge Spa\u00df mit Deinen Teamkameraden.<\/p>\n<p class=\"Stil11\" style=\"text-align: justify;\">Aufgenommen werden Jugendliche in Wolnzach ab 12 Jahre. Die Mitglieder der Jugendgruppe erlernen ab diesem Alter erste Basics (z.B. Fahrzeugkunde, Knoten, ...).<\/p>\n<p class=\"Stil11\" style=\"text-align: justify;\">\u00dcblicherweise beginnt ab dem 16. Lebensjahr die Truppmannausbildung bzw. Modulare Truppausbildung, wodurch die notwendigen Kenntnisse und F\u00e4higkeiten f\u00fcr sp\u00e4tere Eins\u00e4tze vertieft und ge\u00fcbt werden.\u00a0Die erste Jugendgruppe wurde schon in den 70er Jahren gegr\u00fcndet. Seit dieser Zeit kommen immer wieder junge Feuerwehrlerinnen und Feuerwehrler mit einer guten Ausbildung zu den Aktiven der Wehr.<\/p>\n<p class=\"Stil11\" style=\"text-align: justify;\">Um das Erlernte praktisch anwenden zu k\u00f6nnen, halten wir regelm\u00e4\u00dfig \u00dcbungen ab. J\u00e4hrlich findet der sogenannte Berufsfeuerwehr-Tag statt. Die Jugendlichen verbringen einen kompletten Tag im Feuerwehrhaus und meistern m\u00f6glichst realistisch nachgestellte Eins\u00e4tze selbst\u00e4ndig.<\/p>\n<p class=\"Stil11\" style=\"text-align: justify;\">Nat\u00fcrlich wissen die Jugendlichen nicht, wann der n\u00e4chste Alarm zuschl\u00e4gt und m\u00fcssen daher stets einsatzbereit sein.<\/p>\n<p class=\"Stil11\" style=\"text-align: justify;\">Damit der Spa\u00df nicht zu kurz kommt, veranstalten wir Spieleabende (Kegeln, Kickern, usw.), Wasserschlachten (im Sommer) und Ausfl\u00fcge (Zeltlager, Klettergarten, Schlittenfahrten, usw.), die bei den Jugendlichen sehr beliebt sind!<\/p>\n<\/div>\n<\/div><\/div><div id=\"panel-2067-0-0-2\" class=\"so-panel widget widget_sow-post-carousel\" data-index=\"2\" ><div\n\t\t\t\n\t\t\tclass=\"so-widget-sow-post-carousel so-widget-sow-post-carousel-base-0471499d4c66-2067\"\n\t\t\t\n\t\t>\t<div\n\t\tclass=\"sow-post-carousel-wrapper sow-post-carousel-theme-base\"\n\t\tstyle=\"overflow: hidden; max-width: 100%; min-height: 182px\"\n\t>\n\t\t<div class=\"sow-carousel-title\">\n\t\t\t<div class=\"sow-carousel-navigation \">\n\t\t\t\t\t\t<a href=\"#\" class=\"sow-carousel-next\" title=\"Next\" aria-label=\"Next Posts\" role=\"button\"><\/a>\n\t\t\t\t\t\t<a href=\"#\" class=\"sow-carousel-previous\" title=\"Previous\" aria-label=\"Previous Posts\" role=\"button\"><\/a>\n\t\t\t\t\t<\/div>\n\t<\/div>\n\n<div class=\"sow-carousel-container \">\n\t\t<div class=\"sow-carousel-wrapper\"\n\t\tdata-dir=\"ltr\"\n\t\tstyle=\"opacity: 0;\"\n\t\tdata-widget=\"post\" data-fetching=\"false\" data-page=\"1\" data-ajax-url=\"https:\/\/feuerwehr-wolnzach.de\/cms\/wp-admin\/admin-ajax.php?_widgets_nonce=e01fb55343\" data-item_count=\"6\" data-carousel_settings=\"{&quot;loop&quot;:true,&quot;animation&quot;:&quot;ease&quot;,&quot;animation_speed&quot;:400,&quot;autoplay&quot;:&quot;&quot;,&quot;pauseOnHover&quot;:&quot;&quot;,&quot;autoplaySpeed&quot;:8000,&quot;item_overflow&quot;:true,&quot;autoplay_continuous_scroll&quot;:false}\" data-responsive=\"{&quot;desktop_slides_to_scroll&quot;:1,&quot;tablet_landscape_breakpoint&quot;:1366,&quot;tablet_landscape_slides_to_scroll&quot;:2,&quot;tablet_portrait_breakpoint&quot;:1025,&quot;tablet_portrait_slides_to_scroll&quot;:2,&quot;mobile_breakpoint&quot;:480,&quot;mobile_slides_to_scroll&quot;:1}\" data-variable_width=\"true\" \t>\n\t\t<div\n\t\t\tclass=\"sow-carousel-items\"\n\t\t\t\t\t>\n\t\t\t\t<div class=\"sow-carousel-item\" tabindex=\"-1\" style=\"float: left;\">\n\t\t<div class=\"sow-carousel-thumbnail\">\n\t\t\t\t\t\t\t<a\n\t\t\t\t\thref=\"https:\/\/feuerwehr-wolnzach.de\/cms\/jugendfeuerwehr\/jugend-wissenstest\/\"\n\t\t\t\t\t\t\t\t\t\tstyle=\"background-image: url( https:\/\/feuerwehr-wolnzach.de\/cms\/wp-content\/uploads\/2024\/11\/Jugend_Wissenstest-272x182.jpeg )\"\n\t\t\t\t\taria-labelledby=\"sow-carousel-id-15134\"\n\t\t\t\t\ttabindex=\"-1\"\n\t\t\t\t>\n\t\t\t\t\t<span class=\"overlay\"><\/span>\n\t\t\t\t<\/a>\n\t\t\t\t\t<\/div>\n\t\t<h3 class=\"sow-carousel-item-title\">\n\t\t\t<a\n\t\t\t\thref=\"https:\/\/feuerwehr-wolnzach.de\/cms\/jugendfeuerwehr\/jugend-wissenstest\/\"\n\t\t\t\tid=\"sow-carousel-id-15134\"\n\t\t\t\t\t\t\t\ttabindex=\"-1\"\n\t\t\t>\n\n\t\t\t\tJugend-Wissenstest\t\t\t<\/a>\n\t\t<\/h3>\n\t<\/div>\n\t\t<div class=\"sow-carousel-item\" tabindex=\"-1\" style=\"float: left;\">\n\t\t<div class=\"sow-carousel-thumbnail\">\n\t\t\t\t\t\t\t<a\n\t\t\t\t\thref=\"https:\/\/feuerwehr-wolnzach.de\/cms\/jugendfeuerwehr\/jugendleistungsspange\/\"\n\t\t\t\t\t\t\t\t\t\tstyle=\"background-image: url( https:\/\/feuerwehr-wolnzach.de\/cms\/wp-content\/uploads\/2019\/11\/4848b452-3e78-4a9d-a483-ceb2a5692d3a-272x182.jpg )\"\n\t\t\t\t\taria-labelledby=\"sow-carousel-id-10951\"\n\t\t\t\t\ttabindex=\"-1\"\n\t\t\t\t>\n\t\t\t\t\t<span class=\"overlay\"><\/span>\n\t\t\t\t<\/a>\n\t\t\t\t\t<\/div>\n\t\t<h3 class=\"sow-carousel-item-title\">\n\t\t\t<a\n\t\t\t\thref=\"https:\/\/feuerwehr-wolnzach.de\/cms\/jugendfeuerwehr\/jugendleistungsspange\/\"\n\t\t\t\tid=\"sow-carousel-id-10951\"\n\t\t\t\t\t\t\t\ttabindex=\"-1\"\n\t\t\t>\n\n\t\t\t\tJugend-Leistungsspange\t\t\t<\/a>\n\t\t<\/h3>\n\t<\/div>\n\t\t<div class=\"sow-carousel-item\" tabindex=\"-1\" style=\"float: left;\">\n\t\t<div class=\"sow-carousel-thumbnail\">\n\t\t\t\t\t\t\t<a\n\t\t\t\t\thref=\"https:\/\/feuerwehr-wolnzach.de\/cms\/jugendfeuerwehr\/erfolgreicher-wissenstest\/\"\n\t\t\t\t\t\t\t\t\t\tstyle=\"background-image: url( https:\/\/feuerwehr-wolnzach.de\/cms\/wp-content\/uploads\/2018\/12\/2018-11-27-19.48.38-272x182.jpg )\"\n\t\t\t\t\taria-labelledby=\"sow-carousel-id-9906\"\n\t\t\t\t\ttabindex=\"-1\"\n\t\t\t\t>\n\t\t\t\t\t<span class=\"overlay\"><\/span>\n\t\t\t\t<\/a>\n\t\t\t\t\t<\/div>\n\t\t<h3 class=\"sow-carousel-item-title\">\n\t\t\t<a\n\t\t\t\thref=\"https:\/\/feuerwehr-wolnzach.de\/cms\/jugendfeuerwehr\/erfolgreicher-wissenstest\/\"\n\t\t\t\tid=\"sow-carousel-id-9906\"\n\t\t\t\t\t\t\t\ttabindex=\"-1\"\n\t\t\t>\n\n\t\t\t\tErfolgreicher Wissenstest\t\t\t<\/a>\n\t\t<\/h3>\n\t<\/div>\n\t\t<div class=\"sow-carousel-item\" tabindex=\"-1\" style=\"float: left;\">\n\t\t<div class=\"sow-carousel-thumbnail\">\n\t\t\t\t\t\t\t<a\n\t\t\t\t\thref=\"https:\/\/feuerwehr-wolnzach.de\/cms\/jugendfeuerwehr\/einsatz-fuer-die-jugend\/\"\n\t\t\t\t\t\t\t\t\t\tstyle=\"background-image: url( https:\/\/feuerwehr-wolnzach.de\/cms\/wp-content\/uploads\/ngg_featured\/IMG_2743-272x182.jpg )\"\n\t\t\t\t\taria-labelledby=\"sow-carousel-id-9442\"\n\t\t\t\t\ttabindex=\"-1\"\n\t\t\t\t>\n\t\t\t\t\t<span class=\"overlay\"><\/span>\n\t\t\t\t<\/a>\n\t\t\t\t\t<\/div>\n\t\t<h3 class=\"sow-carousel-item-title\">\n\t\t\t<a\n\t\t\t\thref=\"https:\/\/feuerwehr-wolnzach.de\/cms\/jugendfeuerwehr\/einsatz-fuer-die-jugend\/\"\n\t\t\t\tid=\"sow-carousel-id-9442\"\n\t\t\t\t\t\t\t\ttabindex=\"-1\"\n\t\t\t>\n\n\t\t\t\tEinsatz f\u00fcr die Jugend\t\t\t<\/a>\n\t\t<\/h3>\n\t<\/div>\n\t\t<div class=\"sow-carousel-item\" tabindex=\"-1\" style=\"float: left;\">\n\t\t<div class=\"sow-carousel-thumbnail\">\n\t\t\t\t\t\t\t<a\n\t\t\t\t\thref=\"https:\/\/feuerwehr-wolnzach.de\/cms\/jugendfeuerwehr\/wir-wollen-hoch-hinaus\/\"\n\t\t\t\t\t\t\t\t\t\tstyle=\"background-image: url( https:\/\/feuerwehr-wolnzach.de\/cms\/wp-content\/uploads\/ngg_featured\/IMG_2365-272x182.jpg )\"\n\t\t\t\t\taria-labelledby=\"sow-carousel-id-8882\"\n\t\t\t\t\ttabindex=\"-1\"\n\t\t\t\t>\n\t\t\t\t\t<span class=\"overlay\"><\/span>\n\t\t\t\t<\/a>\n\t\t\t\t\t<\/div>\n\t\t<h3 class=\"sow-carousel-item-title\">\n\t\t\t<a\n\t\t\t\thref=\"https:\/\/feuerwehr-wolnzach.de\/cms\/jugendfeuerwehr\/wir-wollen-hoch-hinaus\/\"\n\t\t\t\tid=\"sow-carousel-id-8882\"\n\t\t\t\t\t\t\t\ttabindex=\"-1\"\n\t\t\t>\n\n\t\t\t\tWir wollen hoch hinaus!\t\t\t<\/a>\n\t\t<\/h3>\n\t<\/div>\n\t\t<div class=\"sow-carousel-item\" tabindex=\"-1\" style=\"float: left;\">\n\t\t<div class=\"sow-carousel-thumbnail\">\n\t\t\t\t\t\t\t<a\n\t\t\t\t\thref=\"https:\/\/feuerwehr-wolnzach.de\/cms\/jugendfeuerwehr\/wir-machen-das\/\"\n\t\t\t\t\t\t\t\t\t\tstyle=\"background-image: url( https:\/\/feuerwehr-wolnzach.de\/cms\/wp-content\/uploads\/2018\/03\/IMGL9286-272x182.jpg )\"\n\t\t\t\t\taria-labelledby=\"sow-carousel-id-8753\"\n\t\t\t\t\ttabindex=\"-1\"\n\t\t\t\t>\n\t\t\t\t\t<span class=\"overlay\"><\/span>\n\t\t\t\t<\/a>\n\t\t\t\t\t<\/div>\n\t\t<h3 class=\"sow-carousel-item-title\">\n\t\t\t<a\n\t\t\t\thref=\"https:\/\/feuerwehr-wolnzach.de\/cms\/jugendfeuerwehr\/wir-machen-das\/\"\n\t\t\t\tid=\"sow-carousel-id-8753\"\n\t\t\t\t\t\t\t\ttabindex=\"-1\"\n\t\t\t>\n\n\t\t\t\tWir machen das!\t\t\t<\/a>\n\t\t<\/h3>\n\t<\/div>\n\t\t\t<\/div>\n\t\t\t<\/div>\n\n\t<\/div>\n\t\t<input type=\"hidden\" name=\"instance_hash\" value=\"60514ca3\"\/>\n\t<\/div>\n<\/div><\/div><div id=\"panel-2067-0-0-3\" class=\"so-panel widget widget_sow-editor\" data-index=\"3\" ><div\n\t\t\t\n\t\t\tclass=\"so-widget-sow-editor so-widget-sow-editor-base\"\n\t\t\t\n\t\t>\n<div class=\"siteorigin-widget-tinymce textwidget\">\n\t<p>Du bist mind. 12 Jahre alt, suchst nach einer sinnvollen Freizeitbesch\u00e4ftigung?<br \/><span style=\"color: #000000;\"><strong>Die Jugendgruppe trifft sich jeden Dienstag ab 19:00 Uhr im Feuewehrger\u00e4tehaus zu ihren Gruppenabenden und freut sich \u00fcber jeden \"Neuen\" der zu unserer Truppe hinzust\u00f6\u00dft!\u00a0<\/strong><\/span><\/p>\n<p><strong>Bei Fragen kannst Du uns auch gerne <a href=\"http:\/\/feuerwehr-wolnzach.de\/cms\/jugendfeuerwehr\/ansprechpartner\/\">direkt Kontaktieren.<\/a><\/strong><\/p>\n<p style=\"text-align: right;\">Nur Zusammen nie allein, Das muss Kameradschaft sein.\u00a0<br \/>Du willst ein aktives Mitglied einer Gruppe sein?\u00a0Suchst Nervenkitzel und Action?<\/p>\n<p style=\"text-align: right;\">Dann komm zur Jugendfeuerwehr Wolnzach!<\/p>\n<\/div>\n<\/div><\/div><div id=\"panel-2067-0-0-4\" class=\"so-panel widget widget_sow-image panel-last-child\" data-index=\"4\" ><div\n\t\t\t\n\t\t\tclass=\"so-widget-sow-image so-widget-sow-image-default-dbf295114b96-8753\"\n\t\t\t\n\t\t>\n<div class=\"sow-image-container\">\n\t\t<img \n\tsrc=\"https:\/\/feuerwehr-wolnzach.de\/cms\/wp-content\/uploads\/2017\/07\/Jugend.jpg\" width=\"709\" height=\"472\" srcset=\"https:\/\/feuerwehr-wolnzach.de\/cms\/wp-content\/uploads\/2017\/07\/Jugend.jpg 709w, https:\/\/feuerwehr-wolnzach.de\/cms\/wp-content\/uploads\/2017\/07\/Jugend-300x200.jpg 300w, https:\/\/feuerwehr-wolnzach.de\/cms\/wp-content\/uploads\/2017\/07\/Jugend-272x182.jpg 272w\" sizes=\"(max-width: 709px) 100vw, 709px\" title=\"Aktuelle Jugendgruppe\" alt=\"\" \t\tclass=\"so-widget-image\"\/>\n\t<\/div>\n\n<\/div><\/div><\/div><\/div><div id=\"pg-2067-1\"  class=\"panel-grid panel-no-style\" ><div id=\"pgc-2067-1-0\"  class=\"panel-grid-cell\" ><div id=\"panel-2067-1-0-0\" class=\"so-panel widget widget_sow-image panel-first-child panel-last-child\" data-index=\"5\" ><div\n\t\t\t\n\t\t\tclass=\"so-widget-sow-image so-widget-sow-image-default-dbf295114b96-8753\"\n\t\t\t\n\t\t>\n<div class=\"sow-image-container\">\n\t\t\t<a href=\"http:\/\/www.feuerwehrverband-bayern.de\/cms\/fwaktionswoche\/2012\/\"\n\t\t\ttarget=\"_blank\" rel=\"noopener noreferrer\" \t\t>\n\t\t\t<img \n\tsrc=\"https:\/\/feuerwehr-wolnzach.de\/cms\/wp-content\/uploads\/2017\/07\/LFVN_E-Mail-Banner_M\u00e4dchen_Junge.png\" width=\"879\" height=\"312\" srcset=\"https:\/\/feuerwehr-wolnzach.de\/cms\/wp-content\/uploads\/2017\/07\/LFVN_E-Mail-Banner_M\u00e4dchen_Junge.png 879w, https:\/\/feuerwehr-wolnzach.de\/cms\/wp-content\/uploads\/2017\/07\/LFVN_E-Mail-Banner_M\u00e4dchen_Junge-300x106.png 300w, https:\/\/feuerwehr-wolnzach.de\/cms\/wp-content\/uploads\/2017\/07\/LFVN_E-Mail-Banner_M\u00e4dchen_Junge-768x273.png 768w\" sizes=\"(max-width: 879px) 100vw, 879px\" alt=\"\" \t\tclass=\"so-widget-image\"\/>\n\t\t\t<\/a><\/div>\n\n<\/div><\/div><\/div><\/div><\/div>","protected":false},"excerpt":{"rendered":"<p>Wir sind die Jugendfeuerwehr Wolnzach Bei uns gibt es spannende \u00dcbungen und jede Menge Spa\u00df mit Deinen Teamkameraden. Aufgenommen werden Jugendliche in Wolnzach ab<\/p>\n<p class=\"link-more\"><a class=\"read-more\" href=\"https:\/\/feuerwehr-wolnzach.de\/cms\/jugendfeuerwehr\/\">weiterlesen<\/a><\/p>\n","protected":false},"author":2,"featured_media":6479,"parent":0,"menu_order":0,"comment_status":"closed","ping_status":"closed","template":"","meta":{"ngg_post_thumbnail":0,"footnotes":""},"class_list":["post-2067","page","type-page","status-publish","has-post-thumbnail","hentry"],"jetpack_shortlink":"https:\/\/wp.me\/P90SfJ-xl","jetpack_sharing_enabled":true,"_links":{"self":[{"href":"https:\/\/feuerwehr-wolnzach.de\/cms\/wp-json\/wp\/v2\/pages\/2067","targetHints":{"allow":["GET"]}}],"collection":[{"href":"https:\/\/feuerwehr-wolnzach.de\/cms\/wp-json\/wp\/v2\/pages"}],"about":[{"href":"https:\/\/feuerwehr-wolnzach.de\/cms\/wp-json\/wp\/v2\/types\/page"}],"author":[{"embeddable":true,"href":"https:\/\/feuerwehr-wolnzach.de\/cms\/wp-json\/wp\/v2\/users\/2"}],"replies":[{"embeddable":true,"href":"https:\/\/feuerwehr-wolnzach.de\/cms\/wp-json\/wp\/v2\/comments?post=2067"}],"version-history":[{"count":85,"href":"https:\/\/feuerwehr-wolnzach.de\/cms\/wp-json\/wp\/v2\/pages\/2067\/revisions"}],"predecessor-version":[{"id":15139,"href":"https:\/\/feuerwehr-wolnzach.de\/cms\/wp-json\/wp\/v2\/pages\/2067\/revisions\/15139"}],"wp:featuredmedia":[{"embeddable":true,"href":"https:\/\/feuerwehr-wolnzach.de\/cms\/wp-json\/wp\/v2\/media\/6479"}],"wp:attachment":[{"href":"https:\/\/feuerwehr-wolnzach.de\/cms\/wp-json\/wp\/v2\/media?parent=2067"}],"curies":[{"name":"wp","href":"https:\/\/api.w.org\/{rel}","templated":true}]}}