{"id":2127,"date":"2017-07-25T17:44:52","date_gmt":"2017-07-25T15:44:52","guid":{"rendered":"http:\/\/feuerwehr-wolnzach.de\/cms\/?page_id=2127"},"modified":"2026-01-06T10:49:49","modified_gmt":"2026-01-06T09:49:49","slug":"vereinsleben","status":"publish","type":"page","link":"https:\/\/feuerwehr-wolnzach.de\/cms\/termine\/vereinsleben\/","title":{"rendered":"Vereinsleben"},"content":{"rendered":"<div id=\"pl-2127\"  class=\"panel-layout\" ><div id=\"pg-2127-0\"  class=\"panel-grid panel-no-style\" ><div id=\"pgc-2127-0-0\"  class=\"panel-grid-cell\" ><div id=\"panel-2127-0-0-0\" class=\"so-panel widget widget_sow-editor panel-first-child\" data-index=\"0\" ><div\n\t\t\t\n\t\t\tclass=\"so-widget-sow-editor so-widget-sow-editor-base\"\n\t\t\t\n\t\t>\n<div class=\"siteorigin-widget-tinymce textwidget\">\n\t<p style=\"text-align: justify;\">Servus liebe Mitglieder, F\u00f6rderer und Freunde des Feuerwehrvereins der Freiwilligen Feuerwehr Wolnzach e.V.<br \/>\nWir m\u00f6chten euch auf dieser Seite \u00fcber die geplanten Aktivit\u00e4ten und Veranstaltungen informieren.<\/p>\n<\/div>\n<\/div><\/div><div id=\"panel-2127-0-0-1\" class=\"so-panel widget widget_sow-editor panel-last-child\" data-index=\"1\" ><div\n\t\t\t\n\t\t\tclass=\"so-widget-sow-editor so-widget-sow-editor-base\"\n\t\t\t\n\t\t>\n<div class=\"siteorigin-widget-tinymce textwidget\">\n\t<h3><span style=\"text-decoration: underline;\">geplante Termine f\u00fcr 2026:<\/span><\/h3>\n<table style=\"width: 100%; height: 576px;\" border=\"0\" width=\"423\" cellspacing=\"0\" cellpadding=\"0\">\n<colgroup>\n<col width=\"79\"\/>\n<col width=\"344\"\/><\/colgroup>\n<tbody>\n<tr style=\"height: 24px;\">\n<td style=\"width: 19.697%; height: 24px;\" height=\"21\"><strong>Datum:<\/strong><\/td>\n<td style=\"width: 80.1248%; height: 24px;\"><strong>Aktivit\u00e4t\/Veranstaltung:<\/strong><\/td>\n<\/tr>\n<tr style=\"height: 24px;\">\n<td class=\"xl63\" style=\"width: 19.697%; height: 24px;\" height=\"21\">09.01.2026<\/td>\n<td class=\"xl63\" style=\"width: 80.1248%; height: 24px;\">\u201eNeujahrsangrillen\u201c<\/td>\n<\/tr>\n<tr style=\"height: 28px;\">\n<td style=\"width: 19.697%; height: 24px;\">30.01.2026<\/td>\n<td style=\"width: 80.1248%; height: 24px;\">Jahreshauptversammlung<\/td>\n<\/tr>\n<tr style=\"height: 24px;\">\n<td class=\"xl63\" style=\"width: 19.697%; height: 24px;\" height=\"21\">07.02.2026<\/td>\n<td class=\"xl63\" style=\"width: 80.1248%; height: 24px;\">Kesselfleischessen<\/td>\n<\/tr>\n<tr style=\"height: 24px;\">\n<td class=\"xl63\" style=\"width: 19.697%; height: 24px;\" height=\"21\">14.03.2026<\/td>\n<td class=\"xl63\" style=\"width: 80.1248%; height: 24px;\">Wei\u00dfwurstessen<\/td>\n<\/tr>\n<tr style=\"height: 24px;\">\n<td class=\"xl63\" style=\"width: 19.697%; height: 24px;\" height=\"21\">06.04.2026<\/td>\n<td class=\"xl63\" style=\"width: 80.1248%; height: 24px;\">Emmaus-Wanderung<\/td>\n<\/tr>\n<tr style=\"height: 24px;\">\n<td class=\"xl63\" style=\"width: 19.697%; height: 24px;\" height=\"21\">14.05.2026<\/td>\n<td class=\"xl63\" style=\"width: 80.1248%; height: 24px;\">Vatertagsausflug<\/td>\n<\/tr>\n<tr style=\"height: 24px;\">\n<td class=\"xl63\" style=\"width: 19.697%; height: 24px;\" height=\"21\">04.06.2026<\/td>\n<td class=\"xl63\" style=\"width: 80.1248%; height: 24px;\">Fronleichnam<\/td>\n<\/tr>\n<tr style=\"height: 24px;\">\n<td class=\"xl63\" style=\"width: 19.697%; height: 24px;\" height=\"21\">13.06.2026<\/td>\n<td class=\"xl63\" style=\"width: 80.1248%; height: 24px;\">Familienfest<\/td>\n<\/tr>\n<tr style=\"height: 24px;\">\n<td class=\"xl63\" style=\"width: 19.697%; height: 24px;\" height=\"21\">07.08.2026<\/td>\n<td class=\"xl63\" style=\"width: 80.1248%; height: 24px;\">Bierprobe (Volksfest)<\/td>\n<\/tr>\n<tr style=\"height: 24px;\">\n<td class=\"xl63\" style=\"width: 19.697%; height: 24px;\" height=\"21\">folgt<\/td>\n<td class=\"xl63\" style=\"width: 80.1248%; height: 24px;\">Vereinsabend (Volksfest)<\/td>\n<\/tr>\n<tr style=\"height: 24px;\">\n<td class=\"xl63\" style=\"width: 19.697%; height: 24px;\" height=\"21\">21.08.2026<\/td>\n<td class=\"xl63\" style=\"width: 80.1248%; height: 24px;\">Ferienpass<\/td>\n<\/tr>\n<tr style=\"height: 24px;\">\n<td class=\"xl63\" style=\"width: 19.697%; height: 24px;\" height=\"21\">27.09.2026<\/td>\n<td class=\"xl63\" style=\"width: 80.1248%; height: 24px;\">Erntedank<\/td>\n<\/tr>\n<tr style=\"height: 24px;\">\n<td class=\"xl63\" style=\"width: 19.697%; height: 24px;\" height=\"21\">10.10.2026<\/td>\n<td class=\"xl63\" style=\"width: 80.1248%; height: 24px;\">Steckerlfischgrillen<\/td>\n<\/tr>\n<tr style=\"height: 24px;\">\n<td class=\"xl63\" style=\"width: 19.697%; height: 24px;\" height=\"21\">15.11.2026<\/td>\n<td class=\"xl63\" style=\"width: 80.1248%; height: 24px;\">Volkstrauertag<\/td>\n<\/tr>\n<tr style=\"height: 24px;\">\n<td class=\"xl63\" style=\"width: 19.697%; height: 24px;\" height=\"21\">05.12.2026<\/td>\n<td class=\"xl63\" style=\"width: 80.1248%; height: 24px;\">Nikolausfeier<\/td>\n<\/tr>\n<tr style=\"height: 24px;\">\n<td class=\"xl63\" style=\"width: 19.697%; height: 24px;\" height=\"21\">11.12. \u2013 13.12.2026<\/td>\n<td class=\"xl63\" style=\"width: 80.1248%; height: 24px;\">Christkindlmarkt<\/td>\n<\/tr>\n<tr style=\"height: 24px;\">\n<td class=\"xl63\" style=\"width: 19.697%; height: 24px;\" height=\"21\">18.12.2026<\/td>\n<td class=\"xl63\" style=\"width: 80.1248%; height: 24px;\">Interne Weihnachtsfeier<\/td>\n<\/tr>\n<tr style=\"height: 24px;\">\n<td class=\"xl63\" style=\"width: 19.697%; height: 24px;\" height=\"21\">27.12.2026<\/td>\n<td class=\"xl63\" style=\"width: 80.1248%; height: 24px;\">Schafkopf-Workshop<\/td>\n<\/tr>\n<tr style=\"height: 24px;\">\n<td style=\"width: 19.697%; height: 24px;\">&nbsp;<\/td>\n<td style=\"width: 80.1248%; height: 24px;\">&nbsp;<\/td>\n<\/tr>\n<\/tbody>\n<\/table>\n<p>Der Beginn wird kurz vor der jeweiligen Aktivit\u00e4t\/Veranstaltung bekannt gegeben<\/p>\n<\/div>\n<\/div><\/div><\/div><\/div><\/div>","protected":false},"excerpt":{"rendered":"<p>Servus liebe Mitglieder, F\u00f6rderer und Freunde des Feuerwehrvereins der Freiwilligen Feuerwehr Wolnzach e.V. Wir m\u00f6chten euch auf dieser Seite \u00fcber die geplanten Aktivit\u00e4ten und<\/p>\n<p class=\"link-more\"><a class=\"read-more\" href=\"https:\/\/feuerwehr-wolnzach.de\/cms\/termine\/vereinsleben\/\">weiterlesen<\/a><\/p>\n","protected":false},"author":2,"featured_media":0,"parent":2121,"menu_order":0,"comment_status":"closed","ping_status":"closed","template":"","meta":{"ngg_post_thumbnail":0,"footnotes":""},"class_list":["post-2127","page","type-page","status-publish","hentry"],"jetpack_shortlink":"https:\/\/wp.me\/P90SfJ-yj","jetpack_sharing_enabled":true,"_links":{"self":[{"href":"https:\/\/feuerwehr-wolnzach.de\/cms\/wp-json\/wp\/v2\/pages\/2127","targetHints":{"allow":["GET"]}}],"collection":[{"href":"https:\/\/feuerwehr-wolnzach.de\/cms\/wp-json\/wp\/v2\/pages"}],"about":[{"href":"https:\/\/feuerwehr-wolnzach.de\/cms\/wp-json\/wp\/v2\/types\/page"}],"author":[{"embeddable":true,"href":"https:\/\/feuerwehr-wolnzach.de\/cms\/wp-json\/wp\/v2\/users\/2"}],"replies":[{"embeddable":true,"href":"https:\/\/feuerwehr-wolnzach.de\/cms\/wp-json\/wp\/v2\/comments?post=2127"}],"version-history":[{"count":60,"href":"https:\/\/feuerwehr-wolnzach.de\/cms\/wp-json\/wp\/v2\/pages\/2127\/revisions"}],"predecessor-version":[{"id":15874,"href":"https:\/\/feuerwehr-wolnzach.de\/cms\/wp-json\/wp\/v2\/pages\/2127\/revisions\/15874"}],"up":[{"embeddable":true,"href":"https:\/\/feuerwehr-wolnzach.de\/cms\/wp-json\/wp\/v2\/pages\/2121"}],"wp:attachment":[{"href":"https:\/\/feuerwehr-wolnzach.de\/cms\/wp-json\/wp\/v2\/media?parent=2127"}],"curies":[{"name":"wp","href":"https:\/\/api.w.org\/{rel}","templated":true}]}}