{"id":2482,"date":"2017-07-26T10:55:33","date_gmt":"2017-07-26T08:55:33","guid":{"rendered":"http:\/\/feuerwehr-wolnzach.de\/cms\/?page_id=2482"},"modified":"2024-09-14T16:53:11","modified_gmt":"2024-09-14T14:53:11","slug":"kommandowagen-kdow","status":"publish","type":"page","link":"https:\/\/feuerwehr-wolnzach.de\/cms\/feuerwehr\/fahrzeuge\/kommandowagen-kdow\/","title":{"rendered":"Kommandowagen (KdoW)"},"content":{"rendered":"<div id=\"pl-2482\"  class=\"panel-layout\" ><div id=\"pg-2482-0\"  class=\"panel-grid panel-no-style\" ><div id=\"pgc-2482-0-0\"  class=\"panel-grid-cell\" ><div id=\"panel-2482-0-0-0\" class=\"so-panel widget widget_sow-editor panel-first-child\" data-index=\"0\" ><div class=\"panel-widget-style panel-widget-style-for-2482-0-0-0\" ><div\n\t\t\t\n\t\t\tclass=\"so-widget-sow-editor so-widget-sow-editor-base\"\n\t\t\t\n\t\t>\n<div class=\"siteorigin-widget-tinymce textwidget\">\n\t<p><img loading=\"lazy\" decoding=\"async\" class=\"aligncenter wp-image-12237 size-full\" src=\"https:\/\/feuerwehr-wolnzach.de\/cms\/wp-content\/uploads\/2021\/06\/Wo_10-1-scaled.jpg\" alt=\"\" width=\"2560\" height=\"1707\" srcset=\"https:\/\/feuerwehr-wolnzach.de\/cms\/wp-content\/uploads\/2021\/06\/Wo_10-1-scaled.jpg 2560w, https:\/\/feuerwehr-wolnzach.de\/cms\/wp-content\/uploads\/2021\/06\/Wo_10-1-300x200.jpg 300w, https:\/\/feuerwehr-wolnzach.de\/cms\/wp-content\/uploads\/2021\/06\/Wo_10-1-1024x683.jpg 1024w, https:\/\/feuerwehr-wolnzach.de\/cms\/wp-content\/uploads\/2021\/06\/Wo_10-1-768x512.jpg 768w, https:\/\/feuerwehr-wolnzach.de\/cms\/wp-content\/uploads\/2021\/06\/Wo_10-1-1536x1024.jpg 1536w, https:\/\/feuerwehr-wolnzach.de\/cms\/wp-content\/uploads\/2021\/06\/Wo_10-1-2048x1365.jpg 2048w, https:\/\/feuerwehr-wolnzach.de\/cms\/wp-content\/uploads\/2021\/06\/Wo_10-1-272x182.jpg 272w\" sizes=\"auto, (max-width: 2560px) 100vw, 2560px\" \/><\/p>\n<table border=\"0\" width=\"80%\">\n<tbody>\n<tr>\n<td valign=\"top\" width=\"30%\"><span class=\"Stil9\">Fahrgestell:<\/span><\/td>\n<td valign=\"top\" width=\"70%\"><span class=\"Stil16\">BMW X3 xDrive 20d; 184 PS<\/span><\/td>\n<\/tr>\n<tr>\n<td valign=\"top\"><span class=\"Stil9\">Baujahr:<\/span><\/td>\n<td valign=\"top\"><span class=\"Stil16\">2012<\/span><\/td>\n<\/tr>\n<tr>\n<td valign=\"top\"><span class=\"Stil9\">Ausbau:<\/span><\/td>\n<td valign=\"top\"><span class=\"Stil16\">BMW \/ Fa. Haberl<\/span><\/td>\n<\/tr>\n<tr>\n<td valign=\"top\"><span class=\"Stil9\">Entwurf Beklebung:<br \/>\nAusf\u00fchrung der Folienbeklebung:<\/span><\/td>\n<td valign=\"top\"><span class=\"Stil16\">Jonas Mohr \/ FF Wolnzach<\/span><br \/>\n<span class=\"Stil16\">Design112<\/span><\/td>\n<\/tr>\n<tr>\n<td valign=\"top\"><span class=\"Stil9\">Besatzung:<\/span><\/td>\n<td valign=\"top\"><span class=\"Stil16\">1\/4<\/span><\/td>\n<\/tr>\n<tr>\n<td valign=\"top\"><span class=\"Stil9\">Funkrufname:<\/span><\/td>\n<td valign=\"top\"><span class=\"Stil16\">Florian Wolnzach 10\/1<\/span><\/td>\n<\/tr>\n<tr>\n<td valign=\"top\"><span class=\"Stil9\">Kennzeichen:<\/span><\/td>\n<td valign=\"top\"><span class=\"Stil16\">PAF - WZ 112<\/span><\/td>\n<\/tr>\n<tr>\n<td valign=\"top\"><span class=\"Stil9\">Ausstattung:<\/span><\/td>\n<td valign=\"top\"><span class=\"Stil16\">Fotoausr\u00fcstung<br \/>\nFeuerl\u00f6scher<br \/>\nAuer Gasmessger\u00e4t Orion Plus<br \/>\nNotfallrucksack<br \/>\n<\/span>LED-Pannenleitset<\/td>\n<\/tr>\n<\/tbody>\n<\/table>\n<\/div>\n<\/div><\/div><\/div><div id=\"panel-2482-0-0-1\" class=\"so-panel widget widget_siteorigin-panels-postloop panel-last-child\" data-index=\"1\" >\n<article id=\"post-2693\" class=\"animate-article post-2693 page type-page status-publish has-post-thumbnail hentry\">\n\t<header class=\"entry-header\">\n\t\t<h2 class=\"entry-title\"><a href=\"https:\/\/feuerwehr-wolnzach.de\/cms\/feuerwehr\/fahrzeuge\/kommandowagen-kdow\/feierliche-uebergabe-des-neuen-kommandowagens\/\" rel=\"bookmark\">Feierliche \u00dcbergabe des neuen Kommandowagens<\/a><\/h2>\t\n\t\t\n\t\t\t\n\t\t\t<p class=\"cont-img\"><a href=\"https:\/\/feuerwehr-wolnzach.de\/cms\/feuerwehr\/fahrzeuge\/kommandowagen-kdow\/feierliche-uebergabe-des-neuen-kommandowagens\/\"><img loading=\"lazy\" decoding=\"async\" width=\"640\" height=\"400\" src=\"https:\/\/feuerwehr-wolnzach.de\/cms\/wp-content\/uploads\/2017\/07\/BMW_X3.png\" class=\"attachment-post-thumbnail size-post-thumbnail wp-post-image\" alt=\"\" srcset=\"https:\/\/feuerwehr-wolnzach.de\/cms\/wp-content\/uploads\/2017\/07\/BMW_X3.png 640w, https:\/\/feuerwehr-wolnzach.de\/cms\/wp-content\/uploads\/2017\/07\/BMW_X3-300x188.png 300w\" sizes=\"auto, (max-width: 640px) 100vw, 640px\" \/> <\/a>\t<\/p>\n\t\t\n\t<\/header><!-- .entry-header -->\n\t\n\t\t\n\t\t\n\t\t\t<div class=\"ex-right\"><p>26.04.2013 &#8211; \u201eDa ist das Ding!\u201c- Frei nach den Worten eines ber\u00fchmten Torwartes er\u00f6ffnete der Vorstand der Wolnzacher Feuerwehr, Uli Schechinger, die feierliche \u00dcbergabe<\/p>\n<p class=\"link-more\"><a class=\"read-more\" href=\"https:\/\/feuerwehr-wolnzach.de\/cms\/feuerwehr\/fahrzeuge\/kommandowagen-kdow\/feierliche-uebergabe-des-neuen-kommandowagens\/\">weiterlesen<\/a><\/p>\n <\/div>\n\t\t\n\t\t\t\n\t<footer class=\"entry-footer\">\n\t\t\t<\/footer><!-- .entry-footer -->\n<\/article><!-- #post-## -->\n<\/div><\/div><\/div><\/div>","protected":false},"excerpt":{"rendered":"<p>Fahrgestell: BMW X3 xDrive 20d; 184 PS Baujahr: 2012 Ausbau: BMW \/ Fa. Haberl Entwurf Beklebung: Ausf\u00fchrung der Folienbeklebung: Jonas Mohr \/ FF Wolnzach<\/p>\n<p class=\"link-more\"><a class=\"read-more\" href=\"https:\/\/feuerwehr-wolnzach.de\/cms\/feuerwehr\/fahrzeuge\/kommandowagen-kdow\/\">weiterlesen<\/a><\/p>\n","protected":false},"author":2,"featured_media":12237,"parent":2046,"menu_order":0,"comment_status":"closed","ping_status":"closed","template":"","meta":{"ngg_post_thumbnail":0,"footnotes":""},"class_list":["post-2482","page","type-page","status-publish","has-post-thumbnail","hentry"],"jetpack_shortlink":"https:\/\/wp.me\/P90SfJ-E2","jetpack_sharing_enabled":true,"_links":{"self":[{"href":"https:\/\/feuerwehr-wolnzach.de\/cms\/wp-json\/wp\/v2\/pages\/2482","targetHints":{"allow":["GET"]}}],"collection":[{"href":"https:\/\/feuerwehr-wolnzach.de\/cms\/wp-json\/wp\/v2\/pages"}],"about":[{"href":"https:\/\/feuerwehr-wolnzach.de\/cms\/wp-json\/wp\/v2\/types\/page"}],"author":[{"embeddable":true,"href":"https:\/\/feuerwehr-wolnzach.de\/cms\/wp-json\/wp\/v2\/users\/2"}],"replies":[{"embeddable":true,"href":"https:\/\/feuerwehr-wolnzach.de\/cms\/wp-json\/wp\/v2\/comments?post=2482"}],"version-history":[{"count":78,"href":"https:\/\/feuerwehr-wolnzach.de\/cms\/wp-json\/wp\/v2\/pages\/2482\/revisions"}],"predecessor-version":[{"id":14994,"href":"https:\/\/feuerwehr-wolnzach.de\/cms\/wp-json\/wp\/v2\/pages\/2482\/revisions\/14994"}],"up":[{"embeddable":true,"href":"https:\/\/feuerwehr-wolnzach.de\/cms\/wp-json\/wp\/v2\/pages\/2046"}],"wp:featuredmedia":[{"embeddable":true,"href":"https:\/\/feuerwehr-wolnzach.de\/cms\/wp-json\/wp\/v2\/media\/12237"}],"wp:attachment":[{"href":"https:\/\/feuerwehr-wolnzach.de\/cms\/wp-json\/wp\/v2\/media?parent=2482"}],"curies":[{"name":"wp","href":"https:\/\/api.w.org\/{rel}","templated":true}]}}