{"id":2654,"date":"2017-07-27T09:57:24","date_gmt":"2017-07-27T07:57:24","guid":{"rendered":"http:\/\/feuerwehr-wolnzach.de\/cms\/?page_id=2654"},"modified":"2018-01-30T08:23:33","modified_gmt":"2018-01-30T07:23:33","slug":"tag-der-offenen-tuer-2017-feuerwehr-wolnzach","status":"publish","type":"page","link":"https:\/\/feuerwehr-wolnzach.de\/cms\/feuerwehr\/tag-der-offenen-tuer-2017-feuerwehr-wolnzach\/","title":{"rendered":"Das war der Tag der offenen T\u00fcr 2017 &#8211; Feuerwehr Wolnzach"},"content":{"rendered":"<p class=\"Stil21\" style=\"text-align: justify;\">07.05.2017 &#8211; Am Sonntag den 7. Mai lud die Freiwillige Feuerwehr Wolnzach nach langj\u00e4hriger Pause wieder zu einem Tag der offenen T\u00fcr ein. Und die Einladung wurde zahlreich angenommen. Bis zu 1.000 Besucher kamen bei gl\u00fccklicherweise trockenem Wetter zum Ger\u00e4tehaus um einmal hinter die Kulissen zu blicken und sich \u00fcber die Arbeit der Feuerwehr zu informieren. Nat\u00fcrlich war mit Mittagstisch sowie Kaffee und Kuchen am Nachmittag auch f\u00fcr das leibliche Wohl gesorgt.<br \/>\nZu Gast waren freundlicherweise die Kollegen vom Roten Kreuz mit dem Helfer vor Ort (HVO) und einem Rettungswagen (RTW). Hier gab es die Gelegenheit sich z. B. \u00fcber eine Auffrischung f\u00fcr einen 1.-Hilfe-Kurs zu informieren und&nbsp; einem Defibrillator, wie sie mittlerweile zahlreich an \u00f6ffentlichen Pl\u00e4tzen h\u00e4ngen, in H\u00e4nden zu halten.<\/p>\n<p class=\"Stil21\" style=\"text-align: justify;\">Neben dem Feuerwehrhaus standen nat\u00fcrlich die vielen roten Fahrzeuge wie die zwei Hilfeleistungsl\u00f6schgruppenfahrzeuge (HLF), die Drehleiter, der Wechsellader, der Kommandowagen u.v.m. im Mittelpunkt des Interesses. Und das nicht nur f\u00fcr die Kleinen.<\/p>\n<p class=\"Stil21\" style=\"text-align: justify;\">H\u00f6hepunkte waren aber sicher die drei Vorf\u00fchrungen. Hier wurde eindrucksvoll gezeigt, warum brennendes \u00d6l oder Fett niemals mit Wasser gel\u00f6scht werden sollte. Die spektakul\u00e4re Stichflamme machte dies sicher mehr wie deutlich. Danach wurde ein Fahrzeugcrash simuliert. Hierzu wurde mithilfe eines Krans ein Auto aus 15 Meter H\u00f6he fallen gelassen und schlug so mit einer Geschwindigkeit von ca. 60 km\/h auf dem Asphalt auf. Die anschlie\u00dfende Personenrettung aus dem Auto zeigte anschaulich, wie hervorragend Rettungsdienst und Feuerwehr zusammenarbeiten. Zuletzt konnte sich noch die Jugendfeuerwehr pr\u00e4sentieren und zeigte, wie routiniert ein L\u00f6schangriff von statten gehen kann.<\/p>\n<p style=\"text-align: justify;\"><span class=\"Stil21\">Aus Sicht der Feuerwehr Wolnzach war der Tag ein voller Erfolg. So konnte sie \u00fcber die ehrenamtliche T\u00e4tigkeit informieren und den Besuchern hoffentlich einige n\u00fctzliche Tipps f\u00fcr den Alltag mit nach Hause geben. Aber es wurde auch thematisiert, dass auch in Wolnzach die Personaldecke der Aktiven Mannschaft zu manchen Tageszeiten recht d\u00fcnn ist. Daher w\u00e4re der gr\u00f6\u00dfte Erfolg, wenn bei einigen Besucherinnen oder Besuchern das Interesse f\u00fcr mehr gewerkt worden ist. Es ist jeder herzlich eingeladen, an einem \u00dcbungsabend einfach mal vorbei zu schauen. Diese finden f\u00fcr die Jugend immer dienstags und f\u00fcr die Erwachsenen immer freitags um jeweils 19 Uhr statt.<\/span><\/p>\n<p>-tk-<\/p>\nngg_shortcode_0_placeholder\n","protected":false},"excerpt":{"rendered":"<p>07.05.2017 &#8211; Am Sonntag den 7. Mai lud die Freiwillige Feuerwehr Wolnzach nach langj\u00e4hriger Pause wieder zu einem Tag der offenen T\u00fcr ein. Und<\/p>\n<p class=\"link-more\"><a class=\"read-more\" href=\"https:\/\/feuerwehr-wolnzach.de\/cms\/feuerwehr\/tag-der-offenen-tuer-2017-feuerwehr-wolnzach\/\">weiterlesen<\/a><\/p>\n","protected":false},"author":2,"featured_media":2608,"parent":2040,"menu_order":0,"comment_status":"closed","ping_status":"closed","template":"","meta":{"ngg_post_thumbnail":0,"footnotes":""},"class_list":["post-2654","page","type-page","status-publish","has-post-thumbnail","hentry"],"jetpack_shortlink":"https:\/\/wp.me\/P90SfJ-GO","jetpack_sharing_enabled":true,"_links":{"self":[{"href":"https:\/\/feuerwehr-wolnzach.de\/cms\/wp-json\/wp\/v2\/pages\/2654","targetHints":{"allow":["GET"]}}],"collection":[{"href":"https:\/\/feuerwehr-wolnzach.de\/cms\/wp-json\/wp\/v2\/pages"}],"about":[{"href":"https:\/\/feuerwehr-wolnzach.de\/cms\/wp-json\/wp\/v2\/types\/page"}],"author":[{"embeddable":true,"href":"https:\/\/feuerwehr-wolnzach.de\/cms\/wp-json\/wp\/v2\/users\/2"}],"replies":[{"embeddable":true,"href":"https:\/\/feuerwehr-wolnzach.de\/cms\/wp-json\/wp\/v2\/comments?post=2654"}],"version-history":[{"count":14,"href":"https:\/\/feuerwehr-wolnzach.de\/cms\/wp-json\/wp\/v2\/pages\/2654\/revisions"}],"predecessor-version":[{"id":8510,"href":"https:\/\/feuerwehr-wolnzach.de\/cms\/wp-json\/wp\/v2\/pages\/2654\/revisions\/8510"}],"up":[{"embeddable":true,"href":"https:\/\/feuerwehr-wolnzach.de\/cms\/wp-json\/wp\/v2\/pages\/2040"}],"wp:featuredmedia":[{"embeddable":true,"href":"https:\/\/feuerwehr-wolnzach.de\/cms\/wp-json\/wp\/v2\/media\/2608"}],"wp:attachment":[{"href":"https:\/\/feuerwehr-wolnzach.de\/cms\/wp-json\/wp\/v2\/media?parent=2654"}],"curies":[{"name":"wp","href":"https:\/\/api.w.org\/{rel}","templated":true}]}}