{"id":2830,"date":"2017-07-27T13:12:18","date_gmt":"2017-07-27T11:12:18","guid":{"rendered":"http:\/\/feuerwehr-wolnzach.de\/cms\/?page_id=2830"},"modified":"2017-07-29T19:59:55","modified_gmt":"2017-07-29T17:59:55","slug":"neue-drehleiter-fuer-die-ff-wolnzach","status":"publish","type":"page","link":"https:\/\/feuerwehr-wolnzach.de\/cms\/feuerwehr\/fahrzeuge\/hubrettungsfahrzeug-dla-k-23-12\/neue-drehleiter-fuer-die-ff-wolnzach\/","title":{"rendered":"Neue Drehleiter f\u00fcr die Freiwillige Feuerwehr Wolnzach"},"content":{"rendered":"<div id=\"pl-2830\" class=\"panel-layout\">\n<div id=\"pg-2830-0\" class=\"panel-grid panel-no-style\">\n<div id=\"pgc-2830-0-0\" class=\"panel-grid-cell\" data-weight=\"1\">\n<div id=\"panel-2830-0-0-0\" class=\"so-panel widget widget_sow-editor panel-first-child panel-last-child\" data-index=\"0\" data-style=\"{&quot;background_image_attachment&quot;:false,&quot;background_display&quot;:&quot;tile&quot;}\">\n<div class=\"so-widget-sow-editor so-widget-sow-editor-base\">\n<div class=\"siteorigin-widget-tinymce textwidget\">\n<h3 style=\"text-align: left;\">04.11.2008 &#8211; Auftragsvergabe<\/h3>\n<p style=\"text-align: justify;\">Nach einer Vorbereitungszeit von nun fast einem Jahr hat der Gemeinderat des Marktes Wolnzach beschlossen, das der Auftrag f\u00fcr die neue DLA (K) 23-12 an die Firma Metz Aerials in Karlsruhe geht. Nach einer europaweiten Ausschreibung gab die Fa. Metz das g\u00fcnstigste und wirtschaftlichste Angebot ab. Somit sind die Weichen f\u00fcr die dringend ben\u00f6tigte Ersatzbeschaffung der jetzigen 30 Jahre alten Drehleiter gestellt.<\/p>\n<p style=\"text-align: justify;\">Das Planungsteam der FF Wolnzach reiste am 04.11.2008 zur Fa. Metz um dort die weiteren Schritte in Wege zu leiten.<\/p>\n<p style=\"text-align: justify;\">Aufgebaut wird die neue Drehleiter auf ein MB Atego 1529 F Fahrgestell mit automatisiertem Schaltgetriebe. Der Aufbau wird eine Metz L32 DLA (K) 23-12 in neuem Design. Lackiert wird das Fahrzeug in RAL 3024 Tagesleuchtrot.<\/p>\n<p style=\"text-align: justify;\">Mit der Auslieferung des Fahrzeugs ist im September 2009 zu rechnen.<\/p>\n<p><img decoding=\"async\" class=\"ngg-singlepic ngg-center\" src=\"http:\/\/feuerwehr-wolnzach.de\/cms\/wp-content\/gallery\/florian-wolnzach_30-1\/neue_dl.jpg\" alt=\"neue_dl\"><\/p>\n<hr>\n<h3 class=\"roteSchrift Stil5\" style=\"text-align: left;\" align=\"center\">05.03.09 &#8211; Baubeginn<\/h3>\n<p class=\"046352619-07032009\" style=\"text-align: justify;\"><span style=\"font-family: Arial;\">Nach einer Wartezeit von 4 Monaten ist es nun endlich soweit. Das Fahrgestell f\u00fcr unsere neue DLA (K) 23-12 ist in Karlsruhe bei der Fa. Metz eingetroffen. P\u00fcnktlich wie von der Firma Daimler geplant wurde der Mercedes Atego 1529 AF, am 25.02.2009&nbsp;ausgeliefert. Schon eine Woche sp\u00e4ter wurde mit der Produktion der neuen Leiter&nbsp;begonnen. Am 05.03.2009 wurde das Fahrgestell in die Hallen der Fa. Metz bef\u00f6rdert um die ersten Arbeitsschritte zu beginnen. So ist nun endlich f\u00fcr alle ersichtlich.&nbsp;Die erste nagelneue Drehleiter in der Geschichte der Feuerwehr Wolnzach wird gebaut. F\u00fcr uns die Feuerwehr Wolnzach&nbsp;geht ein lang ersehnter Wunsch in Erf\u00fcllung. Nach zwei gebrauchten Drehleitern wird man in wenigen Monaten ein neue Drehleiter in&nbsp;Dienst stellen k\u00f6nnen. Abl\u00f6sen wird das Fahrzeug&nbsp;eine Metz DLK 23-12 Baujahr 1979, f\u00fcr die Aufgrund&nbsp;ihres Alters und technischen Zustandes dringend eine Ersatzbeschaffung notwendig war.&nbsp;In den n\u00e4chsten Wochen und Monaten wird noch mal einiges an Arbeit auf die Mitglieder des Planungsteams zukommen. In vor Ort Terminen und Planungssitzungen werden wir&nbsp;die letzten Feinheiten noch erarbeiteten&nbsp;m\u00fcssen, so das wir&nbsp;am Auslieferungstermin, wie zuletzt bei der Firma&nbsp;Rosenbauer,&nbsp;ein&nbsp;Fahrzeug abholen k\u00f6nnen das genau unseren W\u00fcnschen entspricht.<\/span><\/p>\n<p><img decoding=\"async\" class=\"ngg-singlepic ngg-center\" src=\"http:\/\/feuerwehr-wolnzach.de\/cms\/wp-content\/gallery\/florian-wolnzach_30-1\/baubeginn1.jpg\" alt=\"baubeginn1\"><\/p>\n<p><img decoding=\"async\" class=\"ngg-singlepic ngg-center\" src=\"http:\/\/feuerwehr-wolnzach.de\/cms\/wp-content\/gallery\/florian-wolnzach_30-1\/baubeginn2.jpg\" alt=\"baubeginn2\"><\/p>\n<hr>\n<h3>09.03.2009 &#8211; Montage der St\u00fctzen<\/h3>\n<p><img decoding=\"async\" class=\"ngg-singlepic ngg-center\" src=\"http:\/\/feuerwehr-wolnzach.de\/cms\/wp-content\/gallery\/florian-wolnzach_30-1\/stuetzenmontage1.jpg\" alt=\"stuetzenmontage1\"><\/p>\n<p><img decoding=\"async\" class=\"ngg-singlepic ngg-center\" src=\"http:\/\/feuerwehr-wolnzach.de\/cms\/wp-content\/gallery\/florian-wolnzach_30-1\/stuetzenmontage2.jpg\" alt=\"stuetzenmontage2\"><\/p>\n<hr>\n<h3>10.03.2009 &#8211; Montage des Notbetrieb-Motors<\/h3>\n<p><img decoding=\"async\" class=\"ngg-singlepic ngg-center\" src=\"http:\/\/feuerwehr-wolnzach.de\/cms\/wp-content\/gallery\/florian-wolnzach_30-1\/notbetriebsmotormontage.jpg\" alt=\"notbetriebsmotormontage\"><\/p>\n<hr>\n<h3>18.03.2009 &#8211; Montage des Drehgestells<\/h3>\n<p><img decoding=\"async\" class=\"ngg-singlepic ngg-center\" src=\"http:\/\/feuerwehr-wolnzach.de\/cms\/wp-content\/gallery\/florian-wolnzach_30-1\/drehgestell2-1.jpg\" alt=\"drehgestell2\"><\/p>\n<p><img decoding=\"async\" class=\"ngg-singlepic ngg-center\" src=\"http:\/\/feuerwehr-wolnzach.de\/cms\/wp-content\/gallery\/florian-wolnzach_30-1\/drehgestell1-1.jpg\" alt=\"drehgestell1\"><\/p>\n<hr>\n<h3>23.04.2009 &#8211; Rohbau-Besprechung<\/h3>\n<p><img decoding=\"async\" class=\"ngg-singlepic ngg-center\" src=\"http:\/\/feuerwehr-wolnzach.de\/cms\/wp-content\/gallery\/florian-wolnzach_30-1\/rohbau2-1.jpg\" alt=\"rohbau2\"><\/p>\n<p><img decoding=\"async\" class=\"ngg-singlepic ngg-center\" src=\"http:\/\/feuerwehr-wolnzach.de\/cms\/wp-content\/gallery\/florian-wolnzach_30-1\/rohbau1-1.jpg\" alt=\"rohbau1\"><\/p>\n<p><img decoding=\"async\" class=\"ngg-singlepic ngg-center\" src=\"http:\/\/feuerwehr-wolnzach.de\/cms\/wp-content\/gallery\/florian-wolnzach_30-1\/rohba3-1.jpg\" alt=\"rohba3\"><\/p>\n<hr>\n<h3>13.05.2009 &#8211; Beginn Endmontage<\/h3>\n<p><img decoding=\"async\" class=\"ngg-singlepic ngg-center\" src=\"http:\/\/feuerwehr-wolnzach.de\/cms\/wp-content\/gallery\/florian-wolnzach_30-1\/endmontage1.jpg\" alt=\"endmontage1\"><\/p>\n<p><img decoding=\"async\" class=\"ngg-singlepic ngg-center\" src=\"http:\/\/feuerwehr-wolnzach.de\/cms\/wp-content\/gallery\/florian-wolnzach_30-1\/endmontage2.jpg\" alt=\"endmontage2\"><\/p>\n<hr>\n<h3>09.06.2009 &#8211; Abholung<\/h3>\n<p><img decoding=\"async\" class=\"ngg-singlepic ngg-center\" src=\"http:\/\/feuerwehr-wolnzach.de\/cms\/wp-content\/gallery\/florian-wolnzach_30-1\/abholung.jpg\" alt=\"abholung\"><\/p>\n<hr>\n<p>&nbsp;<\/p>\n<\/div>\n<\/div>\n<\/div>\n<\/div>\n<\/div>\n<\/div>\n","protected":false},"excerpt":{"rendered":"<p>04.11.2008 &#8211; Auftragsvergabe Nach einer Vorbereitungszeit von nun fast einem Jahr hat der Gemeinderat des Marktes Wolnzach beschlossen, das der Auftrag f\u00fcr die neue<\/p>\n<p class=\"link-more\"><a class=\"read-more\" href=\"https:\/\/feuerwehr-wolnzach.de\/cms\/feuerwehr\/fahrzeuge\/hubrettungsfahrzeug-dla-k-23-12\/neue-drehleiter-fuer-die-ff-wolnzach\/\">weiterlesen<\/a><\/p>\n","protected":false},"author":2,"featured_media":2883,"parent":2811,"menu_order":0,"comment_status":"closed","ping_status":"closed","template":"","meta":{"ngg_post_thumbnail":0,"footnotes":""},"class_list":["post-2830","page","type-page","status-publish","has-post-thumbnail","hentry"],"jetpack_shortlink":"https:\/\/wp.me\/P90SfJ-JE","jetpack_sharing_enabled":true,"_links":{"self":[{"href":"https:\/\/feuerwehr-wolnzach.de\/cms\/wp-json\/wp\/v2\/pages\/2830","targetHints":{"allow":["GET"]}}],"collection":[{"href":"https:\/\/feuerwehr-wolnzach.de\/cms\/wp-json\/wp\/v2\/pages"}],"about":[{"href":"https:\/\/feuerwehr-wolnzach.de\/cms\/wp-json\/wp\/v2\/types\/page"}],"author":[{"embeddable":true,"href":"https:\/\/feuerwehr-wolnzach.de\/cms\/wp-json\/wp\/v2\/users\/2"}],"replies":[{"embeddable":true,"href":"https:\/\/feuerwehr-wolnzach.de\/cms\/wp-json\/wp\/v2\/comments?post=2830"}],"version-history":[{"count":7,"href":"https:\/\/feuerwehr-wolnzach.de\/cms\/wp-json\/wp\/v2\/pages\/2830\/revisions"}],"predecessor-version":[{"id":3914,"href":"https:\/\/feuerwehr-wolnzach.de\/cms\/wp-json\/wp\/v2\/pages\/2830\/revisions\/3914"}],"up":[{"embeddable":true,"href":"https:\/\/feuerwehr-wolnzach.de\/cms\/wp-json\/wp\/v2\/pages\/2811"}],"wp:featuredmedia":[{"embeddable":true,"href":"https:\/\/feuerwehr-wolnzach.de\/cms\/wp-json\/wp\/v2\/media\/2883"}],"wp:attachment":[{"href":"https:\/\/feuerwehr-wolnzach.de\/cms\/wp-json\/wp\/v2\/media?parent=2830"}],"curies":[{"name":"wp","href":"https:\/\/api.w.org\/{rel}","templated":true}]}}