{"id":34,"date":"2017-07-25T09:41:30","date_gmt":"2017-07-25T07:41:30","guid":{"rendered":"http:\/\/feuerwehr-wolnzach.de\/cms\/?page_id=34"},"modified":"2018-01-02T15:55:33","modified_gmt":"2018-01-02T14:55:33","slug":"impressum","status":"publish","type":"page","link":"https:\/\/feuerwehr-wolnzach.de\/cms\/kontakt\/impressum\/","title":{"rendered":"Impressum"},"content":{"rendered":"<div id=\"pl-34\"  class=\"panel-layout\" ><div id=\"pg-34-0\"  class=\"panel-grid panel-no-style\" ><div id=\"pgc-34-0-0\"  class=\"panel-grid-cell\" ><div id=\"panel-34-0-0-0\" class=\"so-panel widget widget_sow-editor panel-first-child\" data-index=\"0\" ><div\n\t\t\t\n\t\t\tclass=\"so-widget-sow-editor so-widget-sow-editor-base\"\n\t\t\t\n\t\t>\n<div class=\"siteorigin-widget-tinymce textwidget\">\n\t<h5>Herausgeber und Betreiber des Internetportals der Freiwilligen Feuerwehr Wolnzach-Markt e.V.<\/h5>\n<p>Freiwillige Feuerwehr Wolnzach e.V.<br \/> Preysingstra\u00dfe 71<br \/> 85283 Wolnzach<\/p>\n<p>Telefon: +49 8442 2092<br \/> Telefax: +49 8442 2095<br \/> E-Mail: <a href=\"mailto:info@feuerwehr-wolnzach.de\">info@feuerwehr-wolnzach.de<\/a><\/p>\n<p><strong>Vertreten durch:<\/strong><br \/> Uli Schechinger (1. Vorstand)<br \/> Simon Binder (2. Vorstand)<br \/> Ferdinand Schmidpeter (Kassier)<br \/> <a href=\"mailto:vorstand@feuerwehr-wolnzach.de\">vorstand@feuerwehr-wolnzach.de<\/a><\/p>\n<p><strong>Registereintrag:<\/strong><br \/> Eingetragen im Vereinsregister<br \/> Registergericht: Ingolstadt<br \/> Registernummer: 20357<\/p>\n<p><strong>Hauptverantwortlich f\u00fcr den Inhalt:<\/strong><br \/> Uli Schechinger<br \/><a href=\"mailto:vorstand@feuerwehr-wolnzach.de\">vorstand@feuerwehr-wolnzach.de<\/a><\/p>\n<p><b>Webmaster:<br \/><\/b>Thomas Kerndl, Reinhard Muhr, Stefan M\u00fcller, Andreas Neuhauser<b><br \/><\/b> <a href=\"mailto:webmaster@feuerwehr-wolnzach.de\">webmaster@feuerwehr-wolnzach.de<\/a><\/p>\n<\/div>\n<\/div><\/div><div id=\"panel-34-0-0-1\" class=\"so-panel widget widget_tabs\" data-index=\"1\" ><div\n\t\t\t\n\t\t\tclass=\"so-widget-tabs so-widget-tabs-tabs-style-8f03f88b6f00-34\"\n\t\t\t\n\t\t>\r\n\r\n\r\n\r\n\r\n\r\n    <div class=\"soua-tab vertical\">\r\n\r\n        <ul class=\"soua-tabs \">\r\n                            <li><a href=\"#\"> \r\n\r\n                \r\n                    \r\n                                \r\n                Haftungsausschluss:\r\n                \r\n                <\/a><\/li>\r\n                            <li><a href=\"#\"> \r\n\r\n                \r\n                    \r\n                                \r\n                Datenschutzerkl\u00e4rung:\r\n                \r\n                <\/a><\/li>\r\n                    <\/ul> <!-- \/ tabs -->\r\n\r\n        <div class=\"tab_content\">\r\n                            <div class=\"tabs_item\">\r\n                    <p><p style=\"text-align: justify;\"><strong>Haftungsausschluss und -beschr\u00e4nkung<\/strong><\/p>\n<p style=\"text-align: justify;\">Die Freiwillige Feuerwehr Markt Wolnzach-Markt e.V.\u00a0 hat alle in diesem Internetangebot bereitgestellten Informationen nach bestem Wissen und Gewissen erarbeitet und gepr\u00fcft. Wir bem\u00fchen uns, dieses Informationsangebot aktuell und inhaltlich richtig sowie vollst\u00e4ndig anzubieten. Es wird jedoch keine Gew\u00e4hr f\u00fcr die Aktualit\u00e4t, Richtigkeit, Vollst\u00e4ndigkeit oder Qualit\u00e4t und jederzeitige Verf\u00fcgbarkeit der bereit gestellten Informationen \u00fcbernommen.<\/p>\n<p style=\"text-align: justify;\"><strong><br \/>Haftungsbeschr\u00e4nkung<\/strong><\/p>\n<p style=\"text-align: justify;\">Die Freiwillige Feuerwehr Markt Wolnzach-Markt e.V.\u00a0 und seine Mitglieder haften nicht f\u00fcr Sch\u00e4den, die durch die Nutzung oder Nichtnutzung der im Internetangebot\u00a0 angebotenen Informationen der Freiwilligen Feuerwehr Wolnzach entstehen. Der Zugang und die Benutzung dieser Website geschieht auf eigene Gefahr des Benutzers. F\u00fcr etwaige Sch\u00e4den, die beim Aufrufen oder Herunterladen von Daten durch Computerviren oder bei der Installation oder Nutzung von Software verursacht werden, wird nicht gehaftet. Namentlich gekennzeichnete Internetseiten geben die Auffassungen und Erkenntnisse der abfassenden Personen wieder. Die Freiwillige Feuerwehr Markt Wolnzach-Markt e.V.\u00a0 beh\u00e4lt es sich ausdr\u00fccklich vor, einzelne Webseiten oder das gesamte Angebot ohne gesonderte Ank\u00fcndigung zu ver\u00e4ndern, zu erg\u00e4nzen, zu l\u00f6schen oder die Ver\u00f6ffentlichung zeitweise oder endg\u00fcltig einzustellen.<\/p>\n<p style=\"text-align: justify;\"><strong><br \/>Disclaimer f\u00fcr Verweise auf andere, externe Internetseiten <\/strong><\/p>\n<p style=\"text-align: justify;\">Die Freiwillige Feuerwehr Markt Wolnzach-Markt e.V.\u00a0 ist nur f\u00fcr die eigenen Inhalte, die es zur Nutzung bereith\u00e4lt, nach den einschl\u00e4gigen Gesetzen verantwortlich. Von diesen eigenen Inhalten sind Querverweise (Links) auf die Webseiten anderer Anbieter zu unterscheiden. Durch den als Link gekennzeichneten Querverweis erm\u00f6glicht die Freiwillige Feuerwehr Wolnzach-Markt e.V.\u00a0 den Zugang zu fremden Inhalten. Durch den Querverweis vermittelt die Freiwillige Feuerwehr Markt Wolnzach-Markt e.V.\u00a0 lediglich den Zugang zur Nutzung dieser Inhalte. F\u00fcr die fremden Inhalte ist es nicht verantwortlich, da es die \u00dcbermittlung der Information nicht veranlasst, den Adressaten der \u00fcbermittelten Informationen nicht ausw\u00e4hlt und die \u00fcbermittelten Informationen auch nicht ausgew\u00e4hlt oder ver\u00e4ndert hat. Auch eine automatische kurzzeitige Zwischenspeicherung dieser fremden Informationen erfolgt wegen der gew\u00e4hlten Aufruf- und Verlinkungsmethodik nicht, so dass sich auch dadurch keine Verantwortlichkeit der Freiwilligen Feuerwehr Markt Wolnzach-Markt e.V.\u00a0 f\u00fcr die fremden Inhalte ergibt. Die Freiwillige Feuerwehr Markt Wolnzach-Markt e.V.\u00a0distanziert sich ausdr\u00fccklich von allen Inhalten, die m\u00f6glicherweise straf- oder haftungsrechtlich relevant sind oder gegen die guten Sitten versto\u00dfen. F\u00fcr illegale, fehlerhafte oder unvollst\u00e4ndige Inhalte und insbesondere f\u00fcr Sch\u00e4den, die aus der Nutzung oder Nichtnutzung von Informationen Dritter entstehen, haftet allein der jeweilige Anbieter der Seite, auf welche verwiesen wurde.<\/p>\n<p style=\"text-align: justify;\"><strong><br \/>Hinweis im Sinne des Gleichbehandlungsgesetzes <\/strong><\/p>\n<p style=\"text-align: justify;\">Aus Gr\u00fcnden der leichteren Lesbarkeit wird auf eine geschlechterspezifische Differenzierung verzichtet. Entsprechende Begriffe gelten im Sinne der Gleichbehandlung f\u00fcr beide Geschlechter.<\/p>\n<p style=\"text-align: justify;\"><strong><br \/>Nutzungsbedingungen<\/strong><\/p>\n<p style=\"text-align: justify;\">Texte, Bilder, Grafiken sowie die Gestaltung dieser Internetseiten k\u00f6nnen dem Urheberrecht unterliegen. <br \/>Als Privatperson d\u00fcrfen Sie urheberrechtlich gesch\u00fctztes Material zum privaten und sonstigen eigenen Gebrauch im Rahmen des \u00a7 53 UrhG verwenden. Eine Vervielf\u00e4ltigung oder Verwendung urheberrechtlich gesch\u00fctzten Materials dieser Seiten oder Teilen davon in anderen elektronischen oder gedruckten Publikationen und deren Ver\u00f6ffentlichung ist nur mit unserer Einwilligung gestattet. Diese erteilen auf Anfrage die f\u00fcr den Inhalt Verantwortlichen.<br \/>Weiterhin k\u00f6nnen Texte, Bilder, Grafiken und sonstige Dateien ganz oder teilweise dem Urheberrecht Dritter unterliegen. Auch \u00fcber das Bestehen m\u00f6glicher Rechte Dritter geben Ihnen die f\u00fcr den Inhalt Verantwortlichen n\u00e4here Ausk\u00fcnfte, sofern diese Rechte nicht bereits durch entsprechende Hinweise im Webangebot kenntlich gemacht sind.<\/p>\n<p>Sofern innerhalb des Internetangebotes die M\u00f6glichkeit zur Eingabe pers\u00f6nlicher oder gesch\u00e4ftlicher Daten (E-Mail Adressen, Namen, Anschriften) besteht, so erfolgt die Preisgabe dieser Daten seitens des Nutzers auf ausdr\u00fccklich freiwilliger Basis.<\/p>\n<p style=\"text-align: justify;\"><strong><br \/>Hinweise und Regeln f\u00fcr die Kommentierung in den sozialen Medien<\/strong><\/p>\n<p style=\"text-align: justify;\">In unseren Social-Media-Kan\u00e4len sind Kommentare zu den redaktionellen Inhalten ausdr\u00fccklich erbeten. Nicht erw\u00fcnscht sind dagegen themenfremde Beitr\u00e4ge und Kommentare von unangemessenem Umfang oder Wiederholungen unter verschiedenen Posts. Beleidigungen, Verleumdungen und \u00fcble Nachrede sind hier wie \u00fcberall strafbar. Schm\u00e4hungen von Personen oder Organisationen, vulg\u00e4re Beitr\u00e4ge sowie pers\u00f6nliche Provokationen sind nach unserer Netiquette untersagt. Wir behalten uns vor, derartige Beitr\u00e4ge zu entfernen, insbesondere gewaltverherrlichende, diskriminierende, rassistische, fremdenfeindliche, sexistische, menschenverachtende oder verfassungsfeindliche \u00c4u\u00dferungen. Als Kommunikationssprache w\u00fcnschen wir uns Deutsch.<\/p>\n<p>Bitte beachten Sie dar\u00fcber hinaus die jeweils g\u00fcltige Netiquette f\u00fcr die einzelnen Kan\u00e4le.<\/p><\/p>\r\n                <\/div> <!-- \/ tabs_item -->\r\n                            <div class=\"tabs_item\">\r\n                    <p><p style=\"text-align: justify;\"><strong>1) Protokollierung<\/strong><\/p>\n<p style=\"text-align: justify;\">Wenn Sie diese oder andere Internetseiten aufrufen, \u00fcbermitteln Sie \u00fcber Ihren Internetbrowser Daten an unseren Webserver. Der Webserver der Freiwilligen Feuerwehr Wolnzach-Markt e.V. wird durch STRATO AG, Pascalstra\u00dfe 10, 10587 Berlin betrieben. Daten werden w\u00e4hrend einer laufenden Verbindung zur Kommunikation zwischen Ihrem Internetbrowser und unserem Webserver aufgezeichnet. Bei jeder Anforderung einer Internetdatei werden folgende Zugriffsdaten gespeichert:<\/p>\n<ol style=\"text-align: justify;\">\n<li>die Seite, von der aus die Datei angefordert wurde<\/li>\n<li>der Name der aufgerufenen Datei<\/li>\n<li>das Datum und die Uhrzeit der Anforderung<\/li>\n<li>die \u00fcbertragene Datenmenge<\/li>\n<li>der Zugriffsstatus (Datei nicht gefunden, etc.)<\/li>\n<li>die Beschreibung des verwendeten Webbrowsertyps bzw. des verwendeten Betriebssystems<\/li>\n<li>die IP-Adresse des anfordernden Rechners<\/li>\n<\/ol>\n<blockquote>\n<p style=\"text-align: justify;\"><em><strong>Die gespeicherten Daten werden ausschlie\u00dflich zu technischen oder statistischen Zwecken ben\u00f6tigt; ein Abgleich mit anderen Datenbest\u00e4nden oder eine Weitergabe an Dritte, auch in Ausz\u00fcgen, findet nicht statt.<\/strong><\/em><\/p>\n<\/blockquote>\n<p style=\"text-align: justify;\"><strong><br \/>2) Aktive Komponenten<\/strong><\/p>\n<p style=\"text-align: justify;\">Im Informationsangebot der Freiwilligen Feuerwehr Wolnzach-Markt e.V. k\u00f6nnen aktive Komponenten wie z.B. Javascript oder Cookies verwendet werden. Die Verwendung dieser Funktionalit\u00e4ten kann durch Einstellungen des Browserprogramms vom jeweiligen Nutzer ausgeschaltet werden.<\/p>\n<p style=\"text-align: justify;\"><strong><br \/>3) Keine Datenweitergabe an Dritte<\/strong><\/p>\n<p style=\"text-align: justify;\">In jedem Fall (durch Kontaktaufnahme, Newsletter, Feedback, etc.) werden die angegebenen pers\u00f6nlichen Daten (insb. Name, E-Mail-Adresse) nur f\u00fcr die \u00dcbersendung der gew\u00fcnschten Ver\u00f6ffentlichungen oder Informationen bzw. f\u00fcr die bei dem einzelnen Formular ggf. explizit genannten anderen Zwecke verarbeitet und nicht an Dritte weitergegeben.<\/p>\n<p style=\"text-align: justify;\"><strong><br \/>4) Cookies<\/strong><\/p>\n<p style=\"text-align: justify;\">Zeitlich begrenzte Nutzerdaten (Cookies) werden auf dem Rechner des Nutzers gespeichert, wenn der Nutzer dies zur Erh\u00f6hung seines Komforts w\u00fcnscht (dies betrifft die Speicherung des vom Nutzer evtl. ausgew\u00e4hlten CSS f\u00fcr die Kombination Hintergrund- \/ Schriftfarbe). Diese Speicherung kann vom Nutzer jederzeit durch entsprechende Einstellung des Internetbrowsers r\u00fcckg\u00e4ngig gemacht bzw. verhindert werden.<\/p>\n<p style=\"text-align: justify;\"><strong><br \/>5) Elektronische Post (E-Mail)<\/strong><\/p>\n<p style=\"text-align: justify;\">Informationen, die Sie unverschl\u00fcsselt per Elektronische Post (E-Mail) an uns senden, k\u00f6nnen m\u00f6glicherweise auf dem \u00dcbertragungsweg von Dritten gelesen werden. Wir k\u00f6nnen in der Regel auch Ihre Identit\u00e4t nicht \u00fcberpr\u00fcfen und wissen nicht, wer sich hinter einer E-Mail-Adresse verbirgt. Eine rechtssichere Kommunikation durch einfache E-Mail ist daher nicht gew\u00e4hrleistet. Wir setzen - wie viele E-Mail-Anbieter - Filter gegen unerw\u00fcnschte Werbung (\u201eSPAM-Filter\u201c) ein, die in seltenen F\u00e4llen auch normale E-Mails f\u00e4lschlicherweise automatisch als unerw\u00fcnschte Werbung einordnen und l\u00f6schen. E-Mails, die sch\u00e4digende Programme (\u201eViren\u201c) enthalten, werden von uns in jedem Fall automatisch gel\u00f6scht.<\/p>\n<p style=\"text-align: justify;\"><strong><br \/>6) Ansprechpartner f\u00fcr Fragen<\/strong><\/p>\n<p style=\"text-align: justify;\">Falls Sie Fragen zu unserer Homepage und den verwendeten technischen Einrichtungen haben kontaktieren Sie bitte die Webmaster der Homepage per\u00a0E-Mail: <a href=\"mailto:webmaster@feuerwehr-wolnzach.de\">webmaster@feuerwehr-wolnzach.de<\/a>\u00a0 oder postalisch an folgende\u00a0Anschrift: Freiwillige Feuerwehr Wolnzach, Stichwort \"Homepage\", Preysingstra\u00dfe 71 in 85283 Wolnzach.<\/p><\/p>\r\n                <\/div> <!-- \/ tabs_item -->\r\n            \r\n        <\/div> <!-- \/ tab_content -->\r\n    <\/div> <!-- \/ tab -->\r\n\r\n\r\n\r\n<\/div><\/div><div id=\"panel-34-0-0-2\" class=\"so-panel widget widget_sow-editor panel-last-child\" data-index=\"2\" ><div\n\t\t\t\n\t\t\tclass=\"so-widget-sow-editor so-widget-sow-editor-base\"\n\t\t\t\n\t\t>\n<div class=\"siteorigin-widget-tinymce textwidget\">\n\t<\/div>\n<\/div><\/div><\/div><\/div><\/div>","protected":false},"excerpt":{"rendered":"<p>Herausgeber und Betreiber des Internetportals der Freiwilligen Feuerwehr Wolnzach-Markt e.V. Freiwillige Feuerwehr Wolnzach e.V. Preysingstra\u00dfe 71 85283 Wolnzach Telefon: +49 8442 2092 Telefax: +49<\/p>\n<p class=\"link-more\"><a class=\"read-more\" href=\"https:\/\/feuerwehr-wolnzach.de\/cms\/kontakt\/impressum\/\">weiterlesen<\/a><\/p>\n","protected":false},"author":2,"featured_media":0,"parent":30,"menu_order":0,"comment_status":"closed","ping_status":"closed","template":"","meta":{"ngg_post_thumbnail":0,"footnotes":""},"class_list":["post-34","page","type-page","status-publish","hentry"],"jetpack_shortlink":"https:\/\/wp.me\/P90SfJ-y","jetpack_sharing_enabled":false,"_links":{"self":[{"href":"https:\/\/feuerwehr-wolnzach.de\/cms\/wp-json\/wp\/v2\/pages\/34","targetHints":{"allow":["GET"]}}],"collection":[{"href":"https:\/\/feuerwehr-wolnzach.de\/cms\/wp-json\/wp\/v2\/pages"}],"about":[{"href":"https:\/\/feuerwehr-wolnzach.de\/cms\/wp-json\/wp\/v2\/types\/page"}],"author":[{"embeddable":true,"href":"https:\/\/feuerwehr-wolnzach.de\/cms\/wp-json\/wp\/v2\/users\/2"}],"replies":[{"embeddable":true,"href":"https:\/\/feuerwehr-wolnzach.de\/cms\/wp-json\/wp\/v2\/comments?post=34"}],"version-history":[{"count":85,"href":"https:\/\/feuerwehr-wolnzach.de\/cms\/wp-json\/wp\/v2\/pages\/34\/revisions"}],"predecessor-version":[{"id":7090,"href":"https:\/\/feuerwehr-wolnzach.de\/cms\/wp-json\/wp\/v2\/pages\/34\/revisions\/7090"}],"up":[{"embeddable":true,"href":"https:\/\/feuerwehr-wolnzach.de\/cms\/wp-json\/wp\/v2\/pages\/30"}],"wp:attachment":[{"href":"https:\/\/feuerwehr-wolnzach.de\/cms\/wp-json\/wp\/v2\/media?parent=34"}],"curies":[{"name":"wp","href":"https:\/\/api.w.org\/{rel}","templated":true}]}}