{"id":3488,"date":"2017-07-29T13:03:03","date_gmt":"2017-07-29T11:03:03","guid":{"rendered":"http:\/\/feuerwehr-wolnzach.de\/cms\/?page_id=3488"},"modified":"2017-07-29T19:16:00","modified_gmt":"2017-07-29T17:16:00","slug":"versorgungsfahrzeug","status":"publish","type":"page","link":"https:\/\/feuerwehr-wolnzach.de\/cms\/feuerwehr\/fahrzeuge\/versorgungsfahrzeug\/","title":{"rendered":"Versorgungsfahrzeug"},"content":{"rendered":"<div id=\"pl-3488\"  class=\"panel-layout\" ><div id=\"pg-3488-0\"  class=\"panel-grid panel-no-style\" ><div id=\"pgc-3488-0-0\"  class=\"panel-grid-cell\" ><div id=\"panel-3488-0-0-0\" class=\"so-panel widget widget_sow-editor panel-first-child panel-last-child\" data-index=\"0\" ><div class=\"panel-widget-style panel-widget-style-for-3488-0-0-0\" ><div\n\t\t\t\n\t\t\tclass=\"so-widget-sow-editor so-widget-sow-editor-base\"\n\t\t\t\n\t\t>\n<div class=\"siteorigin-widget-tinymce textwidget\">\n\t<p><img decoding=\"async\" class=\"ngg-singlepic ngg-center\" src=\"http:\/\/feuerwehr-wolnzach.de\/cms\/wp-content\/gallery\/florian-wolnzach_56-1\/Versorger.jpg\" alt=\"Versorger\" \/><\/p>\n<table border=\"0\" width=\"80%\">\n<tbody>\n<tr>\n<td valign=\"top\" width=\"30%\"><span class=\"Stil9\">Fahrgestell:<\/span><\/td>\n<td valign=\"top\" width=\"70%\"><span class=\"Stil19\">MAN 8-163<\/span><\/td>\n<\/tr>\n<tr>\n<td valign=\"top\"><span class=\"Stil9\">Baujahr:<\/span><\/td>\n<td valign=\"top\"><span class=\"Stil19\">1997<\/span><\/td>\n<\/tr>\n<tr>\n<td valign=\"top\"><span class=\"Stil9\">Aufbau:<\/span><\/td>\n<td valign=\"top\"><span class=\"Stil19\">Kriegler<\/span><\/td>\n<\/tr>\n<tr>\n<td valign=\"top\"><span class=\"Stil9\">Besatzung:<\/span><\/td>\n<td valign=\"top\"><span class=\"Stil19\">1\/2<\/span><\/td>\n<\/tr>\n<tr>\n<td valign=\"top\"><span class=\"Stil9\">Funkrufname:<\/span><\/td>\n<td valign=\"top\"><span class=\"Stil19\">Florian Wolnzach 56\/1<\/span><\/td>\n<\/tr>\n<tr>\n<td valign=\"top\"><span class=\"Stil9\">Kennzeichen:<\/span><\/td>\n<td valign=\"top\"><span class=\"Stil19\">PAF - AA 112<\/span><\/td>\n<\/tr>\n<tr>\n<td valign=\"top\"><span class=\"Stil9\">Ausstattung:<\/span><\/td>\n<td valign=\"top\"><span class=\"Stil19\">Kofferaufbau<br \/>\n\u00d6lausr\u00fcstung<br \/>\n4 CSA-Anz\u00fcge<br \/>\nVerkehrsabsicherung<br \/>\nPressluftatmer<\/span><\/td>\n<\/tr>\n<\/tbody>\n<\/table>\n<\/div>\n<\/div><\/div><\/div><\/div><\/div><\/div>","protected":false},"excerpt":{"rendered":"<p>Fahrgestell: MAN 8-163 Baujahr: 1997 Aufbau: Kriegler Besatzung: 1\/2 Funkrufname: Florian Wolnzach 56\/1 Kennzeichen: PAF &#8211; AA 112 Ausstattung: Kofferaufbau \u00d6lausr\u00fcstung 4 CSA-Anz\u00fcge Verkehrsabsicherung<\/p>\n<p class=\"link-more\"><a class=\"read-more\" href=\"https:\/\/feuerwehr-wolnzach.de\/cms\/feuerwehr\/fahrzeuge\/versorgungsfahrzeug\/\">weiterlesen<\/a><\/p>\n","protected":false},"author":2,"featured_media":3489,"parent":2046,"menu_order":0,"comment_status":"closed","ping_status":"closed","template":"","meta":{"ngg_post_thumbnail":0,"footnotes":""},"class_list":["post-3488","page","type-page","status-publish","has-post-thumbnail","hentry"],"jetpack_shortlink":"https:\/\/wp.me\/P90SfJ-Ug","jetpack_sharing_enabled":true,"_links":{"self":[{"href":"https:\/\/feuerwehr-wolnzach.de\/cms\/wp-json\/wp\/v2\/pages\/3488","targetHints":{"allow":["GET"]}}],"collection":[{"href":"https:\/\/feuerwehr-wolnzach.de\/cms\/wp-json\/wp\/v2\/pages"}],"about":[{"href":"https:\/\/feuerwehr-wolnzach.de\/cms\/wp-json\/wp\/v2\/types\/page"}],"author":[{"embeddable":true,"href":"https:\/\/feuerwehr-wolnzach.de\/cms\/wp-json\/wp\/v2\/users\/2"}],"replies":[{"embeddable":true,"href":"https:\/\/feuerwehr-wolnzach.de\/cms\/wp-json\/wp\/v2\/comments?post=3488"}],"version-history":[{"count":4,"href":"https:\/\/feuerwehr-wolnzach.de\/cms\/wp-json\/wp\/v2\/pages\/3488\/revisions"}],"predecessor-version":[{"id":3879,"href":"https:\/\/feuerwehr-wolnzach.de\/cms\/wp-json\/wp\/v2\/pages\/3488\/revisions\/3879"}],"up":[{"embeddable":true,"href":"https:\/\/feuerwehr-wolnzach.de\/cms\/wp-json\/wp\/v2\/pages\/2046"}],"wp:featuredmedia":[{"embeddable":true,"href":"https:\/\/feuerwehr-wolnzach.de\/cms\/wp-json\/wp\/v2\/media\/3489"}],"wp:attachment":[{"href":"https:\/\/feuerwehr-wolnzach.de\/cms\/wp-json\/wp\/v2\/media?parent=3488"}],"curies":[{"name":"wp","href":"https:\/\/api.w.org\/{rel}","templated":true}]}}