{"id":5049,"date":"2017-08-01T18:37:46","date_gmt":"2017-08-01T16:37:46","guid":{"rendered":"http:\/\/feuerwehr-wolnzach.de\/cms\/?page_id=5049"},"modified":"2017-09-08T12:19:29","modified_gmt":"2017-09-08T10:19:29","slug":"geschichte","status":"publish","type":"page","link":"https:\/\/feuerwehr-wolnzach.de\/cms\/feuerwehr\/geraetehaus\/geschichte\/","title":{"rendered":"Geschichte"},"content":{"rendered":"<h3 style=\"text-align: left;\">Die Geschichte der Wolnzacher Feuerwehrh\u00e4user<\/h3>\n<p class=\"Stil10\" style=\"text-align: justify;\" align=\"justify\">Die Geburtsstunde des ersten, in der Chroniken verzeichneten, Feuerwehrhaus in Wolnzach schlug im Jahre 1927. Damals hatte die Gemeinde f\u00fcr die stattliche Summe von 7000,- Reichsmark eine &#8222;Flader-Motorfeuerstritze&#8220; erstanden, ein f\u00fcr&nbsp;damalige Verh\u00e4ltnisse hochmodernes Ger\u00e4t. 800 Liter schaffte das gute St\u00fcck pro Minute und war somit &#8222;f\u00fcr hiesige&nbsp;Verh\u00e4ltnisse vollkommen gen\u00fcgend&#8220;, denn die gro\u00dfen Brandstifter dieser Zeit trieben ihr Unwesen ja ohnehin an ganz anderen Orten.<\/p>\n<p class=\"Stil10\" style=\"text-align: justify;\" align=\"justify\"><span class=\"Stil13\">Die Spritze fand ihre erste Unterbringung im Requisitenhaus am Lipphof, einem vergleichsweise sehr bescheidenen Domizil, das heutzutage vermutlich nicht einmal den r\u00e4umlichen Anspr\u00fcchen eines Heranwachsenden f\u00fcr seinen Spielzeugl\u00f6schzug gerecht werden w\u00fcrde. Gleichwohl begn\u00fcgte man sich mit diesem &#8222;Brandbek\u00e4mpfungsetui&#8220; bis zum Jahre 1934, als pl\u00f6tzlich allgemeiner Ruf nach mehr Raum laut wurde und die Wolnzacher Feuerwehrleute &#8211; diesem Ruf getreulich folgend &#8211; in die Knabenschule geschickt wurden: in einen kleinen Anbau n\u00e4mlich, der eigens f\u00fcr sie eingerichtet worden war.<\/span><\/p>\n<div align=\"justify\">&nbsp;<\/div>\n<div align=\"justify\">\n<p align=\"justify\"><img loading=\"lazy\" decoding=\"async\" class=\"size-full wp-image-5050 aligncenter\" src=\"http:\/\/feuerwehr-wolnzach.de\/cms\/wp-content\/uploads\/2017\/08\/knabenschule.jpg\" alt=\"\" width=\"324\" height=\"262\" srcset=\"https:\/\/feuerwehr-wolnzach.de\/cms\/wp-content\/uploads\/2017\/08\/knabenschule.jpg 324w, https:\/\/feuerwehr-wolnzach.de\/cms\/wp-content\/uploads\/2017\/08\/knabenschule-300x243.jpg 300w\" sizes=\"auto, (max-width: 324px) 100vw, 324px\" \/><\/p>\n<p align=\"justify\">&nbsp;<\/p>\n<p class=\"Stil13\" style=\"text-align: justify;\" align=\"justify\">Man wurde schnell warm mit dieser neuen Behausung, war der Bau doch an die Zentralheizung der Schule angeschlossen; und so fiel es den Feuerwehrm\u00e4nnern &#8211; damals wie auch heute &#8211; nicht allzu schwer, die eine oder andere au\u00dferdienstliche Stunde im geselligen Kreis nachzusitzen . auch wenn sich die deutsche Geselligkeit der damaligen Zeit hier und da recht einfarbig gestalten konnte.<\/p>\n<p class=\"Stil13\" style=\"text-align: justify;\" align=\"justify\">Nach dem Krieg verblieb die Feuerwehr noch bis zum Jahre 1958 im alten Geb\u00e4ude,&nbsp;als durch Umzug der Siegelhalle das Rathaus-Untergeschoss frei wurde und der brennende Wunsch aufkam, die pl\u00f6tzlich bescherte Platzfreiheit mit nutzbringendem Ger\u00e4t aufzuf\u00fcllen. Und so wurde in einer Zeit, da allenorten Freiz\u00fcgigkeit gepredigt wurde, in Wolnzacher Freiz\u00fcgigkeit praktiziert: 1961 zum Beispiel mit der Anschaffung eines neuen Tankl\u00f6schfahrzeugs, dem im Jahr darauf im Zuge des Katastrophenschutz &#8211; Ausbaus ein zweites folgen sollte. 1970 wurde durch die Anschaffung eines L\u00f6schgruppenfahrzeuges (LF 8) eine Einsatzflexibilit\u00e4t geschaffen, wie man sie manchem Rathaus-Obergeschoss nur w\u00fcnschen kann, die in diesem Fall jedoch im Rathaus-Untergeschoss f\u00fcr beengende Verh\u00e4ltnisse sorgte.<\/p>\n<p align=\"justify\">&nbsp;<\/p>\n<\/div>\n<p><img loading=\"lazy\" decoding=\"async\" class=\"size-full wp-image-5051 aligncenter\" src=\"http:\/\/feuerwehr-wolnzach.de\/cms\/wp-content\/uploads\/2017\/08\/rathaus.jpg\" alt=\"\" width=\"306\" height=\"340\" srcset=\"https:\/\/feuerwehr-wolnzach.de\/cms\/wp-content\/uploads\/2017\/08\/rathaus.jpg 306w, https:\/\/feuerwehr-wolnzach.de\/cms\/wp-content\/uploads\/2017\/08\/rathaus-270x300.jpg 270w\" sizes=\"auto, (max-width: 306px) 100vw, 306px\" \/><\/p>\n<p>&nbsp;<\/p>\n<p class=\"Stil13\" style=\"text-align: justify;\" align=\"justify\">Erneut suchte die Freiwillige Feuerwehr so schnell wie die Feuerwehr das Weite und fand es in der Elsenheimerstra\u00dfe, wo die Gemeinde 1971 das Held-Areal erworben hatte.<\/p>\n<p class=\"Stil13\" style=\"text-align: justify;\" align=\"justify\">Unterst\u00fctzt durch viel Eigeninitiative und&nbsp;Idealismus&nbsp;konnte hier am 19. August 1973 ein Feuerwehrhaus eingeweiht werden,&nbsp;das voll und ganz auf die damaligen Bed\u00fcrfnisse seiner Benutzer zugeschnitten war. In der Festschrift h\u00f6rte sich das so an: &#8222;Eingebaut wurde eine Schlauchwaschanlage, ein Trockenturm mit gut begehbarer Wendeltreppe und eine Werkst\u00e4tte, in der Reparaturen an Ger\u00e4ten und Fahrzeugen vorgenommen werden k\u00f6nnen. F\u00fcr die Ausbildung und Unterkunft dient ein Aufenthaltsraum und ein Waschraum. Der Kommandant hat seinen Kommandostand mit Steuerpult und Schreibecke zur Erledigung der anfallenden Schreibarbeiten. Eine Abgasanlage erm\u00f6glicht auch im Winter im geschlossenen Raum Fahrzeuge und Pumpen auf ihre Einsatzf\u00e4higkeit zu \u00fcberpr\u00fcfen. Grad schee` is!&#8220;<\/p>\n<p align=\"justify\">&nbsp;<\/p>\n<p><img loading=\"lazy\" decoding=\"async\" class=\"size-full wp-image-5052 aligncenter\" style=\"text-align: justify;\" src=\"http:\/\/feuerwehr-wolnzach.de\/cms\/wp-content\/uploads\/2017\/08\/elsenheimer.jpg\" alt=\"\" width=\"525\" height=\"332\" srcset=\"https:\/\/feuerwehr-wolnzach.de\/cms\/wp-content\/uploads\/2017\/08\/elsenheimer.jpg 525w, https:\/\/feuerwehr-wolnzach.de\/cms\/wp-content\/uploads\/2017\/08\/elsenheimer-300x190.jpg 300w\" sizes=\"auto, (max-width: 525px) 100vw, 525px\" \/><\/p>\n<p>&nbsp;<\/p>\n<p style=\"text-align: justify;\" align=\"justify\">Durch den immer gr\u00f6\u00dfer werdenden Aufgabenbereich der Feuerwehr und Anschaffung neuer Fahrzeuge wurde 16 Jahre sp\u00e4ter die Raumsituation unzul\u00e4nglich. Da das damalige Geb\u00e4ude auch erhebliche M\u00e4ngel an der Bausubstanz aufwies, entschied der Gemeinderat im Mai 1989, unser jetz-iges Feuerwehrhaus zu bauen. Im April 1991 unterbreitete der beauftragte Wolnzacher Architekt Gernot Trapp die Ersten Entw\u00fcrfe der neuen Unterkunft, die im Mai dann auch vom Gemeinderat genehmigt werden. Danach ging es Schlag auf Schlag. Im Jahre 1992 kaufte man ein 6200m\u00b2 gro\u00dfes Grundst\u00fcck in unmittelbarer N\u00e4he der Einfahrtsbereiche der Autobahn Regensburg, worauf am 2. April 1993 zum Spatenstich des Neubaus geladen wurde. Noch im Dezember dieses Jahres wurde der Rohbau mit dem Richtspruch des Zimmerers fertig gestellt. Im darauf folgendem Jahr machte ein Gewerk nach dem anderem seine Arbeit z\u00fcgig, wodurch knapp 2 Jahre nach dem Spatenstich, am 22. April 1995 der langersehnte Umzug ins neue &#8222;Zuhause&#8220; reibungslos \u00fcber die B\u00fchne gebrachet werden konnte.<\/p>\n<p align=\"justify\">&nbsp;<\/p>\n<p align=\"justify\"><img loading=\"lazy\" decoding=\"async\" class=\"size-full wp-image-5053 aligncenter\" src=\"http:\/\/feuerwehr-wolnzach.de\/cms\/wp-content\/uploads\/2017\/08\/preysing.jpg\" alt=\"\" width=\"525\" height=\"332\" srcset=\"https:\/\/feuerwehr-wolnzach.de\/cms\/wp-content\/uploads\/2017\/08\/preysing.jpg 525w, https:\/\/feuerwehr-wolnzach.de\/cms\/wp-content\/uploads\/2017\/08\/preysing-300x190.jpg 300w\" sizes=\"auto, (max-width: 525px) 100vw, 525px\" \/><\/p>\n","protected":false},"excerpt":{"rendered":"<p>Die Geschichte der Wolnzacher Feuerwehrh\u00e4user Die Geburtsstunde des ersten, in der Chroniken verzeichneten, Feuerwehrhaus in Wolnzach schlug im Jahre 1927. Damals hatte die Gemeinde<\/p>\n<p class=\"link-more\"><a class=\"read-more\" href=\"https:\/\/feuerwehr-wolnzach.de\/cms\/feuerwehr\/geraetehaus\/geschichte\/\">weiterlesen<\/a><\/p>\n","protected":false},"author":2,"featured_media":0,"parent":2048,"menu_order":0,"comment_status":"closed","ping_status":"closed","template":"","meta":{"ngg_post_thumbnail":0,"footnotes":""},"class_list":["post-5049","page","type-page","status-publish","hentry"],"jetpack_shortlink":"https:\/\/wp.me\/P90SfJ-1jr","jetpack_sharing_enabled":true,"_links":{"self":[{"href":"https:\/\/feuerwehr-wolnzach.de\/cms\/wp-json\/wp\/v2\/pages\/5049","targetHints":{"allow":["GET"]}}],"collection":[{"href":"https:\/\/feuerwehr-wolnzach.de\/cms\/wp-json\/wp\/v2\/pages"}],"about":[{"href":"https:\/\/feuerwehr-wolnzach.de\/cms\/wp-json\/wp\/v2\/types\/page"}],"author":[{"embeddable":true,"href":"https:\/\/feuerwehr-wolnzach.de\/cms\/wp-json\/wp\/v2\/users\/2"}],"replies":[{"embeddable":true,"href":"https:\/\/feuerwehr-wolnzach.de\/cms\/wp-json\/wp\/v2\/comments?post=5049"}],"version-history":[{"count":6,"href":"https:\/\/feuerwehr-wolnzach.de\/cms\/wp-json\/wp\/v2\/pages\/5049\/revisions"}],"predecessor-version":[{"id":5828,"href":"https:\/\/feuerwehr-wolnzach.de\/cms\/wp-json\/wp\/v2\/pages\/5049\/revisions\/5828"}],"up":[{"embeddable":true,"href":"https:\/\/feuerwehr-wolnzach.de\/cms\/wp-json\/wp\/v2\/pages\/2048"}],"wp:attachment":[{"href":"https:\/\/feuerwehr-wolnzach.de\/cms\/wp-json\/wp\/v2\/media?parent=5049"}],"curies":[{"name":"wp","href":"https:\/\/api.w.org\/{rel}","templated":true}]}}