{"id":5087,"date":"2017-08-02T11:04:00","date_gmt":"2017-08-02T09:04:00","guid":{"rendered":"http:\/\/feuerwehr-wolnzach.de\/cms\/?page_id=5087"},"modified":"2019-08-02T17:33:19","modified_gmt":"2019-08-02T15:33:19","slug":"rundgang","status":"publish","type":"page","link":"https:\/\/feuerwehr-wolnzach.de\/cms\/feuerwehr\/geraetehaus\/rundgang\/","title":{"rendered":"Rundgang"},"content":{"rendered":"<div id=\"pl-5087\"  class=\"panel-layout\" ><div id=\"pg-5087-0\"  class=\"panel-grid panel-no-style\" ><div id=\"pgc-5087-0-0\"  class=\"panel-grid-cell\" ><div id=\"panel-5087-0-0-0\" class=\"so-panel widget widget_sow-editor panel-first-child\" data-index=\"0\" ><div\n\t\t\t\n\t\t\tclass=\"so-widget-sow-editor so-widget-sow-editor-base\"\n\t\t\t\n\t\t>\n<div class=\"siteorigin-widget-tinymce textwidget\">\n\t<p>Auf dieser Seite m\u00f6chten wir Ihnen unser Ger\u00e4tehaus mit einem 360\u00b0 Rundgang etwas n\u00e4her bringen. Nat\u00fcrlich gibt es deutlich mehr zu sehen, aber in Echt ist das dann doch deutlich interessanter.<\/p>\n<p>Auf den Fahrzeugseiten ist auch noch die ein oder andere 360\u00b0 Ansicht (im Innenbereich der Fahrzeuge) zu sehen.<\/p>\n<p>&nbsp;<\/p>\n<p>Viel Spa\u00df beim virtuellen Rundgang:<\/p>\n<\/div>\n<\/div><\/div><div id=\"panel-5087-0-0-1\" class=\"so-panel widget widget_sow-editor panel-last-child\" data-index=\"1\" ><div\n\t\t\t\n\t\t\tclass=\"so-widget-sow-editor so-widget-sow-editor-base\"\n\t\t\t\n\t\t>\n<div class=\"siteorigin-widget-tinymce textwidget\">\n\t<!-- ipanorama begin -->\n<div class=\"ipanorama ipnrm-3\"data-json-src=\"https:\/\/feuerwehr-wolnzach.de\/cms\/wp-content\/uploads\/ipanorama\/3\/config.json?ver=\" data-item-id=\"3\" style=\"display:none;\" >\n<div class=\"ipnrm-store\">\n<div class=\"ipnrm-scene\" data-scene-id=\"HausVorne\">\n<div class=\"ipnrm-markers-data\">\n<\/div>\n<div class=\"ipnrm-tooltips-data\">\n<div class=\"ipnrm-data\" data-marker-id=\"d4edbb6a\">\n<p>Eingang<\/p><\/div>\n<div class=\"ipnrm-data\" data-marker-id=\"1e016004\">\n<p>Einfahrt - Achtung Einbahnstra\u00dfe!<\/p><\/div>\n<div class=\"ipnrm-data\" data-marker-id=\"8d88a64e\">\n<p>Ausfahrt - Achtung Einbahnstra\u00dfe!<\/p><\/div>\n<div class=\"ipnrm-data\" data-marker-id=\"2a0d6852\">\n<p>Ger\u00e4tehaus-Vorplatz<\/p><\/div>\n<\/div>\n<\/div>\n<div class=\"ipnrm-scene\" data-scene-id=\"Vorplatz\">\n<div class=\"ipnrm-markers-data\">\n<\/div>\n<div class=\"ipnrm-tooltips-data\">\n<div class=\"ipnrm-data\" data-marker-id=\"a114f639\">\n<p>Fahrzeughalle hinterer Bereich<\/p><\/div>\n<div class=\"ipnrm-data\" data-marker-id=\"b63a30a2\">\n<p>Eingang<\/p><\/div>\n<div class=\"ipnrm-data\" data-marker-id=\"5de4b12f\">\n<p>Schulungsraum<\/p><\/div>\n<div class=\"ipnrm-data\" data-marker-id=\"fe085038\">\n<p>St\u00fcberl<\/p><\/div>\n<div class=\"ipnrm-data\" data-marker-id=\"76ac28f6\">\n<p>Fahrzeughalle vorderer Bereich<\/p><\/div>\n<div class=\"ipnrm-data\" data-marker-id=\"8ba0e056\">\n<p>Schlauchturm<\/p><\/div>\n<div class=\"ipnrm-data\" data-marker-id=\"6ac5503b\">\n<p>Waschhalle<\/p><\/div>\n<\/div>\n<\/div>\n<div class=\"ipnrm-scene\" data-scene-id=\"Eingang\">\n<div class=\"ipnrm-markers-data\">\n<\/div>\n<div class=\"ipnrm-tooltips-data\">\n<div class=\"ipnrm-data\" data-marker-id=\"5d16331a\">\n<p>Bereitschaftsraum<\/p><\/div>\n<div class=\"ipnrm-data\" data-marker-id=\"118045b2\">\n<p>Fahrzeughalle<\/p><\/div>\n<div class=\"ipnrm-data\" data-marker-id=\"022ba99a\">\n<p>Einsatzzentrale<\/p><\/div>\n<div class=\"ipnrm-data\" data-marker-id=\"6a5bba76\">\n<p>WC-Damen<\/p><\/div>\n<div class=\"ipnrm-data\" data-marker-id=\"47b57efb\">\n<p>WC-Herren<\/p><\/div>\n<div class=\"ipnrm-data\" data-marker-id=\"3d19f3bb\">\n<p>Treppenhaus zum Schulungsraum und St\u00fcberl<\/p><\/div>\n<div class=\"ipnrm-data\" data-marker-id=\"0e31ea31\">\n<p>Ausgang<\/p><\/div>\n<\/div>\n<\/div>\n<div class=\"ipnrm-scene\" data-scene-id=\"treppenhaus\">\n<div class=\"ipnrm-markers-data\">\n<\/div>\n<div class=\"ipnrm-tooltips-data\">\n<div class=\"ipnrm-data\" data-marker-id=\"ee31f834\">\n<p>Eingangsbereich<\/p><\/div>\n<div class=\"ipnrm-data\" data-marker-id=\"f43ad2e8\">\n<p>Flur 1.OG zum Schulungsraum und St\u00fcberl<\/p><\/div>\n<\/div>\n<\/div>\n<div class=\"ipnrm-scene\" data-scene-id=\"Flur\">\n<div class=\"ipnrm-markers-data\">\n<\/div>\n<div class=\"ipnrm-tooltips-data\">\n<div class=\"ipnrm-data\" data-marker-id=\"397c9f70\">\n<p>Treppenhaus<\/p><\/div>\n<div class=\"ipnrm-data\" data-marker-id=\"c56fc3c4\">\n<p>Schulungsraum<\/p><\/div>\n<div class=\"ipnrm-data\" data-marker-id=\"6b61fc88\">\n<p>St\u00fcberl<\/p><\/div>\n<div class=\"ipnrm-data\" data-marker-id=\"0b4dc359\">\n<p>Schlauchturm<\/p><\/div>\n<\/div>\n<\/div>\n<div class=\"ipnrm-scene\" data-scene-id=\"Schulungsraum\">\n<div class=\"ipnrm-markers-data\">\n<\/div>\n<div class=\"ipnrm-tooltips-data\">\n<div class=\"ipnrm-data\" data-marker-id=\"36c52987\">\n<p>Flur 1.OG<\/p><\/div>\n<\/div>\n<\/div>\n<div class=\"ipnrm-scene\" data-scene-id=\"stueberl\">\n<div class=\"ipnrm-markers-data\">\n<\/div>\n<div class=\"ipnrm-tooltips-data\">\n<div class=\"ipnrm-data\" data-marker-id=\"fcf784d1\">\n<p>K\u00fcche<\/p><\/div>\n<div class=\"ipnrm-data\" data-marker-id=\"b714fc81\">\n<p>Flur 1.OG<\/p><\/div>\n<div class=\"ipnrm-data\" data-marker-id=\"d72b1c4c\">\n<p>Trennwand (das St\u00fcberl kann f\u00fcr Veranstaltungen vergr\u00f6\u00dfert werden)<\/p><\/div>\n<\/div>\n<\/div>\n<div class=\"ipnrm-scene\" data-scene-id=\"Schlauchturm\">\n<div class=\"ipnrm-markers-data\">\n<\/div>\n<div class=\"ipnrm-tooltips-data\">\n<div class=\"ipnrm-data\" data-marker-id=\"6ebfc630\">\n<p>Flur 1.OG<\/p><\/div>\n<div class=\"ipnrm-data\" data-marker-id=\"8c110b2f\">\n<p>Schlauchpflege im Keller<\/p><\/div>\n<div class=\"ipnrm-data\" data-marker-id=\"3b5ae84c\">\n<p>zur Fahrzeughalle im EG<\/p><\/div>\n<\/div>\n<\/div>\n<div class=\"ipnrm-scene\" data-scene-id=\"vsa\">\n<div class=\"ipnrm-markers-data\">\n<\/div>\n<div class=\"ipnrm-tooltips-data\">\n<div class=\"ipnrm-data\" data-marker-id=\"dd52cea8\">\n<p>Schlauchturm<\/p><\/div>\n<div class=\"ipnrm-data\" data-marker-id=\"91068e45\">\n<p>Zum vorderen Teil der Fahrzeughalle<\/p><\/div>\n<div class=\"ipnrm-data\" data-marker-id=\"ae16c461\">\n<p>Vorplatz<\/p><\/div>\n<div class=\"ipnrm-data\" data-marker-id=\"8cd7b2ad\">\n<p>AB-Logistik Innenansicht (ohne Beladung)<\/p><\/div>\n<\/div>\n<\/div>\n<div class=\"ipnrm-scene\" data-scene-id=\"101\">\n<div class=\"ipnrm-markers-data\">\n<\/div>\n<div class=\"ipnrm-tooltips-data\">\n<div class=\"ipnrm-data\" data-marker-id=\"dca719e9\">\n<p>Eingangsbereich<\/p><\/div>\n<div class=\"ipnrm-data\" data-marker-id=\"616652c9\">\n<p>Einsatzzentrale<\/p><\/div>\n<div class=\"ipnrm-data\" data-marker-id=\"a301f109\">\n<p>Zur Fahrzeughalle hinterer Bereich<\/p><\/div>\n<div class=\"ipnrm-data\" data-marker-id=\"a820f668\">\n<p>Schlauchturm<\/p><\/div>\n<div class=\"ipnrm-data\" data-marker-id=\"faeaf1e5\">\n<p>Vorplatz<\/p><\/div>\n<\/div>\n<\/div>\n<div class=\"ipnrm-scene\" data-scene-id=\"ablogistik\">\n<div class=\"ipnrm-markers-data\">\n<\/div>\n<div class=\"ipnrm-tooltips-data\">\n<div class=\"ipnrm-data\" data-marker-id=\"977e1cec\">\n<p>Zur Fahrzeughalle hinterer Bereich<\/p><\/div>\n<\/div>\n<\/div>\n<\/div>\n<\/div>\n<!-- ipanorama end -->\n\n<\/div>\n<\/div><\/div><\/div><\/div><\/div>","protected":false},"excerpt":{"rendered":"<p>Auf dieser Seite m\u00f6chten wir Ihnen unser Ger\u00e4tehaus mit einem 360\u00b0 Rundgang etwas n\u00e4her bringen. Nat\u00fcrlich gibt es deutlich mehr zu sehen, aber in<\/p>\n<p class=\"link-more\"><a class=\"read-more\" href=\"https:\/\/feuerwehr-wolnzach.de\/cms\/feuerwehr\/geraetehaus\/rundgang\/\">weiterlesen<\/a><\/p>\n","protected":false},"author":2,"featured_media":0,"parent":2048,"menu_order":0,"comment_status":"closed","ping_status":"closed","template":"","meta":{"ngg_post_thumbnail":0,"footnotes":""},"class_list":["post-5087","page","type-page","status-publish","hentry"],"jetpack_shortlink":"https:\/\/wp.me\/P90SfJ-1k3","jetpack_sharing_enabled":true,"_links":{"self":[{"href":"https:\/\/feuerwehr-wolnzach.de\/cms\/wp-json\/wp\/v2\/pages\/5087","targetHints":{"allow":["GET"]}}],"collection":[{"href":"https:\/\/feuerwehr-wolnzach.de\/cms\/wp-json\/wp\/v2\/pages"}],"about":[{"href":"https:\/\/feuerwehr-wolnzach.de\/cms\/wp-json\/wp\/v2\/types\/page"}],"author":[{"embeddable":true,"href":"https:\/\/feuerwehr-wolnzach.de\/cms\/wp-json\/wp\/v2\/users\/2"}],"replies":[{"embeddable":true,"href":"https:\/\/feuerwehr-wolnzach.de\/cms\/wp-json\/wp\/v2\/comments?post=5087"}],"version-history":[{"count":10,"href":"https:\/\/feuerwehr-wolnzach.de\/cms\/wp-json\/wp\/v2\/pages\/5087\/revisions"}],"predecessor-version":[{"id":10796,"href":"https:\/\/feuerwehr-wolnzach.de\/cms\/wp-json\/wp\/v2\/pages\/5087\/revisions\/10796"}],"up":[{"embeddable":true,"href":"https:\/\/feuerwehr-wolnzach.de\/cms\/wp-json\/wp\/v2\/pages\/2048"}],"wp:attachment":[{"href":"https:\/\/feuerwehr-wolnzach.de\/cms\/wp-json\/wp\/v2\/media?parent=5087"}],"curies":[{"name":"wp","href":"https:\/\/api.w.org\/{rel}","templated":true}]}}