{"id":5989,"date":"2017-10-16T21:01:51","date_gmt":"2017-10-16T19:01:51","guid":{"rendered":"http:\/\/feuerwehr-wolnzach.de\/cms\/?page_id=5989"},"modified":"2018-01-30T08:21:37","modified_gmt":"2018-01-30T07:21:37","slug":"uebung-zur-aufstellung-eines-hilfeleistungskontingentes","status":"publish","type":"page","link":"https:\/\/feuerwehr-wolnzach.de\/cms\/feuerwehr\/uebung-zur-aufstellung-eines-hilfeleistungskontingentes\/","title":{"rendered":"\u00dcbung zur Aufstellung eines Hilfeleistungskontingentes"},"content":{"rendered":"<p style=\"text-align: justify;\">14.10.2017 &#8211; Am vergangenen Samstag f\u00fchrte der Landkreis Pfaffenhofen ein \u00dcbung zur Aufstellung eines Hilfeleistungs-kontingentes durch. Ein Hilfeleistungskontigent w\u00fcrde nach Anforderung in ein Katastrophengebiet geschickt werden um dort die \u00f6rtlichen Einsatzkr\u00e4fte zu unterst\u00fctzen. Die beteiligten Einsatzkr\u00e4fte m\u00fcssen sich hierbei auf einen Einsatz \u00fcber mehrere Tage einstellen und dementsprechend Ausr\u00fcstung mitf\u00fchren.<br \/>\nGem\u00e4\u00df dem vorgegebenen Alarmplan wurden die verschiedenen Einheiten der<span class=\"text_exposed_show\"> Feuerwehren und des Rettungsdienstes gegen 08.30 Uhr alarmiert um sich im Bereitstellungraum Reichertshofen einzufinden. Die Feuerwehr Wolnzach stellt f\u00fcr diesen \u00fcber\u00f6rtlichen Einsatz ein Wechselladerfahrzeug mit einem AB Logistik und ein Mehrzweckfahrzeug zur Verf\u00fcgung. Mit dabei sind auch der Lichtmastanh\u00e4nger mit einen 40 kVA Aggregat und ein Hochwasseranh\u00e4nger des Landkreises. F\u00fcr den AB Logistik war es die erste Bew\u00e4hrungsprobe. Er wurde eigens f\u00fcr diesen Fall vom Landkreis beschafft um die Transportkapazit\u00e4t des Kontingentes zu verst\u00e4rken. Die Beladung umfasst Feldbetten f\u00fcr ca. 120 Einsatzkr\u00e4fte und ca. 900 Liter Treibstoff f\u00fcr Einsatzfahrzeuge, Pumpen und Aggregate. Zus\u00e4tzlich wird noch die Ausr\u00fcstung der Feuerwehr Wolnzach dort verladen die wir f\u00fcr diesen Einsatz mitnehmen.<\/span><\/p>\n<p>-rm-<\/p>\nngg_shortcode_0_placeholder\n<p>&nbsp;<\/p>\n","protected":false},"excerpt":{"rendered":"<p>14.10.2017 &#8211; Am vergangenen Samstag f\u00fchrte der Landkreis Pfaffenhofen ein \u00dcbung zur Aufstellung eines Hilfeleistungs-kontingentes durch. Ein Hilfeleistungskontigent w\u00fcrde nach Anforderung in ein Katastrophengebiet<\/p>\n<p class=\"link-more\"><a class=\"read-more\" href=\"https:\/\/feuerwehr-wolnzach.de\/cms\/feuerwehr\/uebung-zur-aufstellung-eines-hilfeleistungskontingentes\/\">weiterlesen<\/a><\/p>\n","protected":false},"author":2,"featured_media":5990,"parent":2040,"menu_order":0,"comment_status":"closed","ping_status":"closed","template":"","meta":{"ngg_post_thumbnail":0,"footnotes":""},"class_list":["post-5989","page","type-page","status-publish","has-post-thumbnail","hentry"],"jetpack_shortlink":"https:\/\/wp.me\/P90SfJ-1yB","jetpack_sharing_enabled":true,"_links":{"self":[{"href":"https:\/\/feuerwehr-wolnzach.de\/cms\/wp-json\/wp\/v2\/pages\/5989","targetHints":{"allow":["GET"]}}],"collection":[{"href":"https:\/\/feuerwehr-wolnzach.de\/cms\/wp-json\/wp\/v2\/pages"}],"about":[{"href":"https:\/\/feuerwehr-wolnzach.de\/cms\/wp-json\/wp\/v2\/types\/page"}],"author":[{"embeddable":true,"href":"https:\/\/feuerwehr-wolnzach.de\/cms\/wp-json\/wp\/v2\/users\/2"}],"replies":[{"embeddable":true,"href":"https:\/\/feuerwehr-wolnzach.de\/cms\/wp-json\/wp\/v2\/comments?post=5989"}],"version-history":[{"count":7,"href":"https:\/\/feuerwehr-wolnzach.de\/cms\/wp-json\/wp\/v2\/pages\/5989\/revisions"}],"predecessor-version":[{"id":8506,"href":"https:\/\/feuerwehr-wolnzach.de\/cms\/wp-json\/wp\/v2\/pages\/5989\/revisions\/8506"}],"up":[{"embeddable":true,"href":"https:\/\/feuerwehr-wolnzach.de\/cms\/wp-json\/wp\/v2\/pages\/2040"}],"wp:featuredmedia":[{"embeddable":true,"href":"https:\/\/feuerwehr-wolnzach.de\/cms\/wp-json\/wp\/v2\/media\/5990"}],"wp:attachment":[{"href":"https:\/\/feuerwehr-wolnzach.de\/cms\/wp-json\/wp\/v2\/media?parent=5989"}],"curies":[{"name":"wp","href":"https:\/\/api.w.org\/{rel}","templated":true}]}}