{"id":6092,"date":"2017-11-18T21:02:24","date_gmt":"2017-11-18T20:02:24","guid":{"rendered":"http:\/\/feuerwehr-wolnzach.de\/cms\/?page_id=6092"},"modified":"2018-01-30T08:32:31","modified_gmt":"2018-01-30T07:32:31","slug":"fuehrung-gump-2014","status":"publish","type":"page","link":"https:\/\/feuerwehr-wolnzach.de\/cms\/verein\/veranstaltungen\/fuehrung-gump-2014\/","title":{"rendered":"F\u00fchrung Gump 2014"},"content":{"rendered":"<div id=\"pl-6092\"  class=\"panel-layout\" ><div id=\"pg-6092-0\"  class=\"panel-grid panel-no-style\" ><div id=\"pgc-6092-0-0\"  class=\"panel-grid-cell\" ><div id=\"panel-6092-0-0-0\" class=\"so-panel widget widget_sow-editor panel-first-child panel-last-child\" data-index=\"0\" ><div\n\t\t\t\n\t\t\tclass=\"so-widget-sow-editor so-widget-sow-editor-base\"\n\t\t\t\n\t\t>\n<div class=\"siteorigin-widget-tinymce textwidget\">\n\t<p>31.10.2014 \u2013 <em>\u201eDa Gump geht um\u201c<\/em><\/p>\n<p>In der Abendd\u00e4mmerung machte sich eine 24-k\u00f6pfige Gruppe der Feuerwehr Wolnzach auf die Spuren der ber\u00fchmt ber\u00fcchtigten Donaumoosr\u00e4uber Eduard G\u00e4nsw\u00fcrger und Ferdinand Gump.<br \/>Die Marktfl\u00fcsterer Michaela Eisenmann und Julia Mirlach zeigten eindrucksvolle Pl\u00e4tze in Wolnzach, die mit der Gefangennahme des gef\u00fcrchteten mehrfachen Raubm\u00f6rders Gump im Jahre 1873 in Verbindung gebracht werden. Es ist faszinierend wie viele H\u00e4user eigentlich noch fast genauso aussehen wie fr\u00fcher. Man erfuhr, wie stolz die Wolnzacher damals waren, dass diese gef\u00fcrchtete Person hier in Wolnzach festgenommen werden konnte und der Schrecken ein Ende hatte. Gump wurde nach einer Nacht im Wolnzacher Gef\u00e4ngnis unter schwerster Bewachung nach M\u00fcnchen \u00fcberf\u00fchrt, wo ihm der Prozess gemacht werden sollte. Allerdings verstarb der damals 29-j\u00e4hrige noch vor seiner Hinrichtung an den Folgen einer schweren Tuberkulose.<br \/>Zum Schluss konnte die Gruppe auch noch schmunzeln: denn die Wolnzacher mussten damals 2 \u00bd Jahre auf die R\u00fcckgabe ihrer Fu\u00dffesseln aus M\u00fcnchen warten, die Ferdinand Gump in Wolnzach angelegt wurden. Diese waren n\u00e4mlich die einzigen, die die Gemeinde damals besa\u00df.<\/p>\n<p>-tk-<\/p>\nngg_shortcode_0_placeholder\n<\/div>\n<\/div><\/div><\/div><\/div><\/div>","protected":false},"excerpt":{"rendered":"<p>31.10.2014 \u2013 \u201eDa Gump geht um\u201c In der Abendd\u00e4mmerung machte sich eine 24-k\u00f6pfige Gruppe der Feuerwehr Wolnzach auf die Spuren der ber\u00fchmt ber\u00fcchtigten Donaumoosr\u00e4uber<\/p>\n<p class=\"link-more\"><a class=\"read-more\" href=\"https:\/\/feuerwehr-wolnzach.de\/cms\/verein\/veranstaltungen\/fuehrung-gump-2014\/\">weiterlesen<\/a><\/p>\n","protected":false},"author":2,"featured_media":6095,"parent":2062,"menu_order":0,"comment_status":"closed","ping_status":"closed","template":"","meta":{"ngg_post_thumbnail":0,"footnotes":""},"class_list":["post-6092","page","type-page","status-publish","has-post-thumbnail","hentry"],"jetpack_shortlink":"https:\/\/wp.me\/P90SfJ-1Ag","jetpack_sharing_enabled":true,"_links":{"self":[{"href":"https:\/\/feuerwehr-wolnzach.de\/cms\/wp-json\/wp\/v2\/pages\/6092","targetHints":{"allow":["GET"]}}],"collection":[{"href":"https:\/\/feuerwehr-wolnzach.de\/cms\/wp-json\/wp\/v2\/pages"}],"about":[{"href":"https:\/\/feuerwehr-wolnzach.de\/cms\/wp-json\/wp\/v2\/types\/page"}],"author":[{"embeddable":true,"href":"https:\/\/feuerwehr-wolnzach.de\/cms\/wp-json\/wp\/v2\/users\/2"}],"replies":[{"embeddable":true,"href":"https:\/\/feuerwehr-wolnzach.de\/cms\/wp-json\/wp\/v2\/comments?post=6092"}],"version-history":[{"count":9,"href":"https:\/\/feuerwehr-wolnzach.de\/cms\/wp-json\/wp\/v2\/pages\/6092\/revisions"}],"predecessor-version":[{"id":8527,"href":"https:\/\/feuerwehr-wolnzach.de\/cms\/wp-json\/wp\/v2\/pages\/6092\/revisions\/8527"}],"up":[{"embeddable":true,"href":"https:\/\/feuerwehr-wolnzach.de\/cms\/wp-json\/wp\/v2\/pages\/2062"}],"wp:featuredmedia":[{"embeddable":true,"href":"https:\/\/feuerwehr-wolnzach.de\/cms\/wp-json\/wp\/v2\/media\/6095"}],"wp:attachment":[{"href":"https:\/\/feuerwehr-wolnzach.de\/cms\/wp-json\/wp\/v2\/media?parent=6092"}],"curies":[{"name":"wp","href":"https:\/\/api.w.org\/{rel}","templated":true}]}}