{"id":6316,"date":"2017-11-30T19:54:33","date_gmt":"2017-11-30T18:54:33","guid":{"rendered":"http:\/\/feuerwehr-wolnzach.de\/cms\/?page_id=6316"},"modified":"2025-10-07T07:47:33","modified_gmt":"2025-10-07T05:47:33","slug":"ansprechpartner","status":"publish","type":"page","link":"https:\/\/feuerwehr-wolnzach.de\/cms\/jugendfeuerwehr\/ansprechpartner\/","title":{"rendered":"Ansprechpartner der Jugendfeuerwehr"},"content":{"rendered":"<div id=\"pl-6316\"  class=\"panel-layout\" ><div id=\"pg-6316-0\"  class=\"panel-grid panel-no-style\" ><div id=\"pgc-6316-0-0\"  class=\"panel-grid-cell\" ><div id=\"panel-6316-0-0-0\" class=\"so-panel widget widget_sow-editor panel-first-child panel-last-child\" data-index=\"0\" ><div\n\t\t\t\n\t\t\tclass=\"so-widget-sow-editor so-widget-sow-editor-base\"\n\t\t\t\n\t\t>\n<div class=\"siteorigin-widget-tinymce textwidget\">\n\t<\/div>\n<\/div><\/div><\/div><\/div><div id=\"pg-6316-1\"  class=\"panel-grid panel-no-style\" ><div id=\"pgc-6316-1-0\"  class=\"panel-grid-cell\" ><div id=\"panel-6316-1-0-0\" class=\"so-panel widget widget_sow-image panel-first-child\" data-index=\"1\" ><div\n\t\t\t\n\t\t\tclass=\"so-widget-sow-image so-widget-sow-image-default-c67d20f9f743-6316\"\n\t\t\t\n\t\t>\n<div class=\"sow-image-container\">\n\t\t<img \n\tsrc=\"https:\/\/feuerwehr-wolnzach.de\/cms\/wp-content\/uploads\/2023\/05\/SchoenhaberF.png\" width=\"200\" height=\"248\" srcset=\"https:\/\/feuerwehr-wolnzach.de\/cms\/wp-content\/uploads\/2023\/05\/SchoenhaberF.png 2000w, https:\/\/feuerwehr-wolnzach.de\/cms\/wp-content\/uploads\/2023\/05\/SchoenhaberF-240x300.png 240w, https:\/\/feuerwehr-wolnzach.de\/cms\/wp-content\/uploads\/2023\/05\/SchoenhaberF-819x1024.png 819w, https:\/\/feuerwehr-wolnzach.de\/cms\/wp-content\/uploads\/2023\/05\/SchoenhaberF-768x960.png 768w, https:\/\/feuerwehr-wolnzach.de\/cms\/wp-content\/uploads\/2023\/05\/SchoenhaberF-1229x1536.png 1229w, https:\/\/feuerwehr-wolnzach.de\/cms\/wp-content\/uploads\/2023\/05\/SchoenhaberF-1638x2048.png 1638w\" sizes=\"(max-width: 198px) 100vw, 198px\" title=\"Sch\u00f6nhaberF\" alt=\"\" \t\tclass=\"so-widget-image\"\/>\n\t<\/div>\n\n<\/div><\/div><div id=\"panel-6316-1-0-1\" class=\"so-panel widget widget_sow-headline panel-last-child\" data-index=\"2\" ><div\n\t\t\t\n\t\t\tclass=\"so-widget-sow-headline so-widget-sow-headline-default-1d61d758487b-6316\"\n\t\t\t\n\t\t><div class=\"sow-headline-container \">\n\t\t\t\t\t\t\t<h2 class=\"sow-headline\">\n\t\t\t\t\t\tJugendwart\t\t\t\t\t\t<\/h2>\n\t\t\t\t\t\t\t\t\t\t\t\t<h3 class=\"sow-sub-headline\">\n\t\t\t\t\t\tFlorian Sch\u00f6nhaber\t\t\t\t\t\t<\/h3>\n\t\t\t\t\t\t\t\t\t\t\t<div class=\"decoration\">\n\t\t\t\t\t\t<div class=\"decoration-inside\"><\/div>\n\t\t\t\t\t<\/div>\n\t\t\t\t\t<\/div>\n<\/div><\/div><\/div><div id=\"pgc-6316-1-1\"  class=\"panel-grid-cell\" ><div id=\"panel-6316-1-1-0\" class=\"so-panel widget widget_sow-image panel-first-child\" data-index=\"3\" ><div\n\t\t\t\n\t\t\tclass=\"so-widget-sow-image so-widget-sow-image-default-c67d20f9f743-6316\"\n\t\t\t\n\t\t>\n<div class=\"sow-image-container\">\n\t\t<img \n\tsrc=\"https:\/\/feuerwehr-wolnzach.de\/cms\/wp-content\/uploads\/2017\/07\/platzhalter.jpg\" width=\"200\" height=\"248\" sizes=\"(max-width: 198px) 100vw, 198px\" alt=\"\" \t\tclass=\"so-widget-image\"\/>\n\t<\/div>\n\n<\/div><\/div><div id=\"panel-6316-1-1-1\" class=\"so-panel widget widget_sow-headline panel-last-child\" data-index=\"4\" ><div\n\t\t\t\n\t\t\tclass=\"so-widget-sow-headline so-widget-sow-headline-default-9cecf76a915b-6316\"\n\t\t\t\n\t\t><div class=\"sow-headline-container \">\n\t\t\t\t\t\t\t<h2 class=\"sow-headline\">\n\t\t\t\t\t\tstellv. Jugendwartin\t\t\t\t\t\t<\/h2>\n\t\t\t\t\t\t\t\t\t\t\t\t<h3 class=\"sow-sub-headline\">\n\t\t\t\t\t\tLena Wei\u00df\t\t\t\t\t\t<\/h3>\n\t\t\t\t\t\t\t\t\t\t\t<div class=\"decoration\">\n\t\t\t\t\t\t<div class=\"decoration-inside\"><\/div>\n\t\t\t\t\t<\/div>\n\t\t\t\t\t<\/div>\n<\/div><\/div><\/div><\/div><div id=\"pg-6316-2\"  class=\"panel-grid panel-no-style\" ><div id=\"pgc-6316-2-0\"  class=\"panel-grid-cell panel-grid-cell-empty panel-grid-cell-mobile-last\" ><\/div><div id=\"pgc-6316-2-1\"  class=\"panel-grid-cell panel-grid-cell-empty\" ><\/div><\/div><div id=\"pg-6316-3\"  class=\"panel-grid panel-no-style\" ><div id=\"pgc-6316-3-0\"  class=\"panel-grid-cell panel-grid-cell-empty\" ><\/div><\/div><div id=\"pg-6316-4\"  class=\"panel-grid panel-no-style\" ><div id=\"pgc-6316-4-0\"  class=\"panel-grid-cell\" ><div id=\"panel-6316-4-0-0\" class=\"so-panel widget widget_sow-contact-form panel-first-child panel-last-child\" data-index=\"5\" ><div\n\t\t\t\n\t\t\tclass=\"so-widget-sow-contact-form so-widget-sow-contact-form-default-1dceae4ce411-6316\"\n\t\t\t\n\t\t><h3 class=\"widget-title\">Schreib uns eine Nachricht<\/h3>\t<form\n\t\taction=\"\/cms\/wp-json\/wp\/v2\/pages\/6316\"\n\t\tmethod=\"POST\"\n\t\tclass=\"sow-contact-form\"\n\t\tid=\"contact-form-0818\"\n\t>\n\n\t\t\n\t\t            <p><em>Felder mit einem * m\u00fcssen ausgef\u00fcllt werden<\/em><\/p>\n\t\t\t\t\t\t<div class=\"sow-form-field sow-form-field-name\">\n\t\t\t\t<label class=\"sow-form-field-label-above\" for=\"sow-contact-form-field-dein-name-1\">\n\t\t\t\t<strong>\n\t\t\t\t\tDein Name\t\t\t\t\t\t\t\t\t\t\t<span class=\"sow-form-field-required\">*<\/span>\n\t\t\t\t\t\t\t\t\t<\/strong>\n\t\t\t<\/label>\n\t\t\t\t\t\t\t<div class=\"sow-field-container\">\n\t\t\t\t\t\t\t<input\n\t\t\ttype=\"text\"\n\t\t\tname=\"dein-name-1\"\n\t\t\tid=\"sow-contact-form-field-dein-name-1\"\n\t\t\tvalue=\"\"\n\t\t\tclass=\"sow-text-field\"\n\t\t\t\t\t\t\t\t\/>\n\t\t\t\t\t\t<\/div>\n\t\t\t\t\t\t\t<\/div>\n\t\t\t\t\t\t<div class=\"sow-form-field sow-form-field-email\">\n\t\t\t\t<label class=\"sow-form-field-label-above\" for=\"sow-contact-form-field-deine-emailadresse-1\">\n\t\t\t\t<strong>\n\t\t\t\t\tDeine Emailadresse\t\t\t\t\t\t\t\t\t\t\t<span class=\"sow-form-field-required\">*<\/span>\n\t\t\t\t\t\t\t\t\t<\/strong>\n\t\t\t<\/label>\n\t\t\t\t\t\t\t<div class=\"sow-field-container\">\n\t\t\t\t\t\t\t<input\n\t\t\ttype=\"email\"\n\t\t\tname=\"deine-emailadresse-1\"\n\t\t\tid=\"sow-contact-form-field-deine-emailadresse-1\"\n\t\t\tvalue=\"\"\n\t\t\tclass=\"sow-text-field\"\t\t\t\t\t\t\t\t\/>\n\t\t\t\t\t\t<\/div>\n\t\t\t\t\t\t\t<\/div>\n\t\t\t\t\t\t<div class=\"sow-form-field sow-form-field-subject\">\n\t\t\t\t<label class=\"sow-form-field-label-above\" for=\"sow-contact-form-field-betreff-1\">\n\t\t\t\t<strong>\n\t\t\t\t\tBetreff\t\t\t\t\t\t\t\t\t\t\t<span class=\"sow-form-field-required\">*<\/span>\n\t\t\t\t\t\t\t\t\t<\/strong>\n\t\t\t<\/label>\n\t\t\t\t\t\t\t<div class=\"sow-field-container\">\n\t\t\t\t\t\t\t<input\n\t\t\ttype=\"text\"\n\t\t\tname=\"betreff-1\"\n\t\t\tid=\"sow-contact-form-field-betreff-1\"\n\t\t\tvalue=\"\"\n\t\t\tclass=\"sow-text-field\"\n\t\t\t\t\t\t\t\t\/>\n\t\t\t\t\t\t<\/div>\n\t\t\t\t\t\t\t<\/div>\n\t\t\t\t\t\t<div class=\"sow-form-field sow-form-field-textarea\">\n\t\t\t\t<label class=\"sow-form-field-label-above\" for=\"sow-contact-form-field-nachricht-1\">\n\t\t\t\t<strong>\n\t\t\t\t\tNachricht\t\t\t\t\t\t\t\t\t\t\t<span class=\"sow-form-field-required\">*<\/span>\n\t\t\t\t\t\t\t\t\t<\/strong>\n\t\t\t<\/label>\n\t\t\t\t\t\t\t<div class=\"sow-field-container\">\n\t\t\t\t\t\t\t<textarea\n\t\t\tname=\"nachricht-1\"\n\t\t\tid=\"sow-contact-form-field-nachricht-1\"\n\t\t\trows=\"10\"\n\t\t\t\t\t\t\t\t><\/textarea>\n\t\t\t\t\t\t<\/div>\n\t\t\t\t\t\t\t<\/div>\n\t\t\t\n\t\t\t\t\t<div class=\"sow-recaptcha\"\n\t\t\t\t\t\t\t\t\tdata-config=\"{&quot;sitekey&quot;:&quot;6Lca0zsUAAAAAG6LRQYPE3x08HVA4zLJKNw5O3xD&quot;,&quot;theme&quot;:&quot;light&quot;,&quot;type&quot;:&quot;image&quot;,&quot;size&quot;:&quot;normal&quot;}\"\n\t\t\t\t\t\t\t><\/div>\n\t\t\t\n\t\t<div class=\"sow-submit-wrapper \n\t\tsow-submit-styled\t\t\">\n\n\t\t\t<button\n\t\t\t\ttype=\"submit\"\n\t\t\t\tclass=\"sow-submit\n\t\t\t\t\t\t\t\t\"\n\t\t\t\t\t\t\t>\n\t\t\t\tNachricht Senden\t\t\t<\/button>\n\t\t<\/div>\n\t\t\t\t<input\n\t\t\ttype=\"hidden\"\n\t\t\tname=\"instance_hash-1\"\n\t\t\tvalue=\"0818691b\"\n\t\t\/>\n\n\t\t<input type=\"hidden\" id=\"_wpnonce\" name=\"_wpnonce\" value=\"485f8723f3\" \/><input type=\"hidden\" name=\"_wp_http_referer\" value=\"\/cms\/wp-json\/wp\/v2\/pages\/6316\" \/>\t<\/form>\n\t<\/div><\/div><\/div><div id=\"pgc-6316-4-1\"  class=\"panel-grid-cell\" ><div id=\"panel-6316-4-1-0\" class=\"so-panel widget widget_sow-editor panel-first-child panel-last-child\" data-index=\"6\" ><div\n\t\t\t\n\t\t\tclass=\"so-widget-sow-editor so-widget-sow-editor-base\"\n\t\t\t\n\t\t>\n<div class=\"siteorigin-widget-tinymce textwidget\">\n\t<p class=\"Stil11\">Eure Ansprechpartner:<\/p>\n<p><strong>Jugendwart<\/strong>&nbsp;Florian Sch\u00f6nhaber<br \/>\n<strong>stellv. Jugendwartin<\/strong> Lena Wei\u00df<br \/>\nE-Mail: <a href=\"mailto:jugendwart@feuerwehr-wolnzach.de\">jugendwart@feuerwehr-wolnzach.de<\/a><\/p>\n<\/div>\n<\/div><\/div><\/div><\/div><\/div>","protected":false},"excerpt":{"rendered":"<p>Jugendwart Florian Sch\u00f6nhaber stellv. Jugendwartin Lena Wei\u00df Schreib uns eine Nachricht Felder mit einem * m\u00fcssen ausgef\u00fcllt werden Dein Name * Deine Emailadresse *<\/p>\n<p class=\"link-more\"><a class=\"read-more\" href=\"https:\/\/feuerwehr-wolnzach.de\/cms\/jugendfeuerwehr\/ansprechpartner\/\">weiterlesen<\/a><\/p>\n","protected":false},"author":2,"featured_media":0,"parent":2067,"menu_order":0,"comment_status":"closed","ping_status":"closed","template":"","meta":{"ngg_post_thumbnail":0,"footnotes":""},"class_list":["post-6316","page","type-page","status-publish","hentry"],"jetpack_shortlink":"https:\/\/wp.me\/P90SfJ-1DS","jetpack_sharing_enabled":true,"_links":{"self":[{"href":"https:\/\/feuerwehr-wolnzach.de\/cms\/wp-json\/wp\/v2\/pages\/6316","targetHints":{"allow":["GET"]}}],"collection":[{"href":"https:\/\/feuerwehr-wolnzach.de\/cms\/wp-json\/wp\/v2\/pages"}],"about":[{"href":"https:\/\/feuerwehr-wolnzach.de\/cms\/wp-json\/wp\/v2\/types\/page"}],"author":[{"embeddable":true,"href":"https:\/\/feuerwehr-wolnzach.de\/cms\/wp-json\/wp\/v2\/users\/2"}],"replies":[{"embeddable":true,"href":"https:\/\/feuerwehr-wolnzach.de\/cms\/wp-json\/wp\/v2\/comments?post=6316"}],"version-history":[{"count":65,"href":"https:\/\/feuerwehr-wolnzach.de\/cms\/wp-json\/wp\/v2\/pages\/6316\/revisions"}],"predecessor-version":[{"id":15714,"href":"https:\/\/feuerwehr-wolnzach.de\/cms\/wp-json\/wp\/v2\/pages\/6316\/revisions\/15714"}],"up":[{"embeddable":true,"href":"https:\/\/feuerwehr-wolnzach.de\/cms\/wp-json\/wp\/v2\/pages\/2067"}],"wp:attachment":[{"href":"https:\/\/feuerwehr-wolnzach.de\/cms\/wp-json\/wp\/v2\/media?parent=6316"}],"curies":[{"name":"wp","href":"https:\/\/api.w.org\/{rel}","templated":true}]}}